  {"id":1270,"date":"2023-09-12T09:48:36","date_gmt":"2023-09-12T19:48:36","guid":{"rendered":"https:\/\/www.hawaii.edu\/kawaihapai\/?page_id=1270"},"modified":"2024-09-04T09:08:28","modified_gmt":"2024-09-04T19:08:28","slug":"haumea","status":"publish","type":"page","link":"https:\/\/www.hawaii.edu\/kawaihapai\/akua-list\/haumea\/","title":{"rendered":"Haumea"},"content":{"rendered":"\n<p><strong>Inoa<\/strong><\/p>\n\n\n\n<p>Haumea<\/p>\n\n\n\n<p><strong>H\u014d\u02bbulu\u02bbulu mana\u02bbo<\/strong>:<\/p>\n\n\n\n<p>He akua wahine \u0101iwaiwa \u02bbo Haumea. He lehulehu kona mau kino, no ka mea, ua lehulehu kona mau h\u0101nau waw\u0101.<\/p>\n\n\n\n<p>Lehulehu k\u0101na mau ipo, k\u0101na mau keiki a me k\u0101na mau mo\u02bbopuna. E like me Pele m\u0101.<\/p>\n\n\n\n<p>\u02bbOiai he \u02bbike hohonu ko Haumea no ka h\u0101nau a ho\u02bboh\u0101nau \u02bbana i n\u0101 keiki, he akua n\u014d \u02bbo ia no ia kuleana a no ke kuleana o ka wahine. He pilina kona me ka honua a me ke kumu \u02bbulu.<\/p>\n\n\n\n<p><strong>Description<\/strong><\/p>\n\n\n\n<p>Haumea is a remarkable diety of Hawai\u02bbi. She takes many forms because she was reincarnated many times. <\/p>\n\n\n\n<p>She has numerous lovers, children, and grandchildren, including the Pele clan.<\/p>\n\n\n\n<p>Due to Haumea\u2019s profound knowledge of childbirth, she is a goddess of that practice as well as that of the feminine. She is also associated with the earth as well as the \u2018ulu tree.<\/p>\n\n\n\n<p><strong>\u02bb\u014clelo kuhikuhi<\/strong><\/p>\n\n\n\n<p>E koho i k\u0113ia hua\u02bb\u014dlelo no n\u0101&nbsp;kumuwaiwai pili i ke akua wahine o Haumea.<\/p>\n\n\n\n<p><strong>Instructions<\/strong><\/p>\n\n\n\n<p>Use this term for resources related to the female deity Haumea.<\/p>\n\n\n\n<p><strong>Mo\u02bbok\u016b\u02bbauhau | Genealogy<\/strong><\/p>\n\n\n\n<p><em>Akua | Deity:<\/em> <a href=\"https:\/\/www.hawaii.edu\/kawaihapai\/akua\/wakea\/\" data-type=\"page\" data-id=\"1679\">W\u0101kea<\/a><sup>1,2,3,4,5<\/sup>; Puna<sup>5<\/sup><\/p>\n\n\n\n<p><em>Keiki | Child: <\/em>Pele clan<\/p>\n\n\n\n<p><strong>\u02bb\u0100ina | Land\/sea:<\/strong> Kilohana<sup>3,4<\/sup>; Nuuanu; <a href=\"https:\/\/www.hawaii.edu\/kawaihapai\/ka-pae-%ca%bbaina-o-hawai%ca%bbi-na-kai-%ca%bbewalu\/o%ca%bbahu\/\" data-type=\"page\" data-id=\"663\">O\u02bbahu<\/a> (as Papa);&nbsp;Pu\u02bbuloa, O\u02bbahu<sup>6<\/sup>; <a href=\"https:\/\/www.hawaii.edu\/kawaihapai\/ka-pae-%ca%bbaina-o-hawai%ca%bbi-na-kai-%ca%bbewalu\/\" data-type=\"page\" data-id=\"757\">Pae \u02bb\u0100ina o Hawai\u02bbi<\/a>; <a href=\"https:\/\/www.hawaii.edu\/kawaihapai\/ka-pae-%ca%bbaina-o-hawai%ca%bbi-na-kai-%ca%bbewalu\/hawai%ca%bbi\/\" data-type=\"page\" data-id=\"651\">Hawai\u02bbi;<\/a> <a href=\"https:\/\/www.hawaii.edu\/kawaihapai\/ka-pae-%ca%bbaina-o-hawai%ca%bbi-na-kai-%ca%bbewalu\/maui\/\" data-type=\"page\" data-id=\"656\">Maui;<\/a> <a href=\"https:\/\/www.hawaii.edu\/kawaihapai\/ka-pae-%ca%bbaina-o-hawai%ca%bbi-na-kai-%ca%bbewalu\/moloka%ca%bbi\/\" data-type=\"page\" data-id=\"659\">Moloka\u02bbi<\/a>; <a href=\"https:\/\/www.hawaii.edu\/kawaihapai\/ka-pae-%ca%bbaina-o-hawai%ca%bbi-na-kai-%ca%bbewalu\/lana%ca%bbi\/\" data-type=\"page\" data-id=\"661\">L\u0101na\u02bbi<\/a>; <a href=\"https:\/\/www.hawaii.edu\/kawaihapai\/ka-pae-%ca%bbaina-o-hawai%ca%bbi-na-kai-%ca%bbewalu\/kaua%ca%bbi\/\" data-type=\"page\" data-id=\"665\">Kaua\u02bbi<\/a>; <a href=\"https:\/\/www.hawaii.edu\/kawaihapai\/ka-pae-%ca%bbaina-o-hawai%ca%bbi-na-kai-%ca%bbewalu\/ni%ca%bbihau\/\" data-type=\"page\" data-id=\"667\">Ni\u02bbihau<\/a>; <a href=\"https:\/\/www.hawaii.edu\/kawaihapai\/ka-pae-%ca%bbaina-o-hawai%ca%bbi-na-kai-%ca%bbewalu\/kaho%ca%bbolawe\/\" data-type=\"page\" data-id=\"669\">Kaho\u02bbolawe<\/a><\/p>\n\n\n\n<p><strong>Hana | Practice:<\/strong> Ho\u02bboh\u0101nau keiki<\/p>\n\n\n\n<p><strong>Hanana | Event<\/strong><\/p>\n\n\n\n<p>Origin of the breadfruit<sup>6<\/sup><\/p>\n\n\n\n<p><strong>K\u016bmole | Source(s)<\/strong><\/p>\n\n\n\n<p>1. Pukui, Mary Kawena, and Samuel H. (Samuel Hoyt) Elbert. <em>Hawaiian Dictionary\u202f: Hawaiian-English, English-Hawaiian<\/em>. Rev. and enl. Ed. Honolulu: ¶«¾«Ó°Òµ Press, 1986.<\/p>\n\n\n\n<p>2. Thrum, Thomas G. (Thomas George). <em>More Hawaiian Folk Tales; a Collection of Native Legends and Traditions<\/em>. Chicago: A.C. McClurg &amp; Co., 1923. pages 197-213.<\/p>\n\n\n\n<p>3. Loebel-Fried, Caren. <em>Hawaiian Legends of the Guardian Spirits<\/em>. Honolulu: University of Hawai\u2019i Press, 2002. pages11-19.<\/p>\n\n\n\n<p>4. Westervelt, W. D. -. <em>Legends of Old Honolulu. Collected and Translated from the Hawaiian<\/em>. G.H. Ellis 1915, 1915. pages 23-31.<\/p>\n\n\n\n<p>5. Westervelt, W. D. (William Drake). <em>Legends of Gods and Ghosts (Hawaiian Mythology)<\/em>. Boston: Press of Geo. H. Ellis Co., 1915. pages 152-162.<\/p>\n\n\n\n<p>6. Fornander, Abraham, and Thomas G. (Thomas George) Thrum. <em>Fornander Collection of Hawaiian Antiquities and Folk-Lore\u202f: The Hawaiian Account of the Formation of Their Islands and Origin of Their Race, with the Traditions of Their Migrations, Etc.<\/em> Millwood, N.Y: Kraus Reprint, 1985. page 678.<\/p>\n\n\n\n<p><strong>Ho\u02bbopili \u02bbia i | Applied to:&nbsp;<\/strong><a href=\"https:\/\/uhawaii-manoa.primo.exlibrisgroup.com\/permalink\/01UHAWAII_MANOA\/1j16209\/alma9951322698905682\">Na pule kahiko : ancient Hawaiian prayers (page 10): Prayer to Haumea<\/a>; <a href=\"https:\/\/uhawaii-manoa.primo.exlibrisgroup.com\/permalink\/01UHAWAII_MANOA\/1j16209\/alma9925254924605682\">Akua Hawai\u02bbi : Hawaiian gods and their stories: Haumea<\/a>; <a href=\"https:\/\/uhawaii-manoa.primo.exlibrisgroup.com\/discovery\/fulldisplay?docid=alma9924554794605682&amp;context=L&amp;vid=01UHAWAII_MANOA:MANOA&amp;lang=en&amp;adaptor=Local%20Search%20Engine&amp;tab=Everything\" target=\"_blank\" rel=\"noreferrer noopener\">Daughters of Haumea = N\u0101 kaikamahine \u02bbo Haumea : women of ancient Hawai\u02bbi<\/a><\/p>\n\n\n\n<p><strong>Mea haku | Created by:&nbsp;<\/strong>Puaokamele Dizon<\/p>\n\n\n\n<p><strong> Mea loiloi | Edited by: <\/strong>Annemarie Paikai<\/p>\n","protected":false},"excerpt":{"rendered":"<p>Inoa Haumea H\u014d\u02bbulu\u02bbulu mana\u02bbo: He akua wahine \u0101iwaiwa \u02bbo Haumea. He lehulehu kona mau kino, no ka mea, ua lehulehu kona mau h\u0101nau waw\u0101. Lehulehu k\u0101na mau ipo, k\u0101na mau keiki a me k\u0101na mau mo\u02bbopuna. E like me Pele &hellip; <\/p>\n","protected":false},"author":216,"featured_media":0,"parent":925,"menu_order":4,"comment_status":"closed","ping_status":"closed","template":"","meta":{"footnotes":""},"class_list":["post-1270","page","type-page","status-publish","hentry"],"_links":{"self":[{"href":"https:\/\/www.hawaii.edu\/kawaihapai\/wp-json\/wp\/v2\/pages\/1270","targetHints":{"allow":["GET"]}}],"collection":[{"href":"https:\/\/www.hawaii.edu\/kawaihapai\/wp-json\/wp\/v2\/pages"}],"about":[{"href":"https:\/\/www.hawaii.edu\/kawaihapai\/wp-json\/wp\/v2\/types\/page"}],"author":[{"embeddable":true,"href":"https:\/\/www.hawaii.edu\/kawaihapai\/wp-json\/wp\/v2\/users\/216"}],"replies":[{"embeddable":true,"href":"https:\/\/www.hawaii.edu\/kawaihapai\/wp-json\/wp\/v2\/comments?post=1270"}],"version-history":[{"count":16,"href":"https:\/\/www.hawaii.edu\/kawaihapai\/wp-json\/wp\/v2\/pages\/1270\/revisions"}],"predecessor-version":[{"id":3064,"href":"https:\/\/www.hawaii.edu\/kawaihapai\/wp-json\/wp\/v2\/pages\/1270\/revisions\/3064"}],"up":[{"embeddable":true,"href":"https:\/\/www.hawaii.edu\/kawaihapai\/wp-json\/wp\/v2\/pages\/925"}],"wp:attachment":[{"href":"https:\/\/www.hawaii.edu\/kawaihapai\/wp-json\/wp\/v2\/media?parent=1270"}],"curies":[{"name":"wp","href":"https:\/\/api.w.org\/{rel}","templated":true}]}}