  {"id":1278,"date":"2023-09-11T15:50:05","date_gmt":"2023-09-12T01:50:05","guid":{"rendered":"https:\/\/www.hawaii.edu\/kawaihapai\/?page_id=1278"},"modified":"2024-09-03T17:03:24","modified_gmt":"2024-09-04T03:03:24","slug":"papa","status":"publish","type":"page","link":"https:\/\/www.hawaii.edu\/kawaihapai\/akua-list\/papa\/","title":{"rendered":"Papah\u0101naumoku, Papa"},"content":{"rendered":"\n<p><strong>Inoa | Name(s)<\/strong><\/p>\n\n\n\n<p>Papa; Papa-h\u0101nau-moku<sup>2<\/sup>; Haumea<sup>5<\/sup><\/p>\n\n\n\n<p><strong>H\u014d\u02bbulu\u02bbulu mana\u02bbo<\/strong><\/p>\n\n\n\n<p>He akua wahine \u2018o Papah\u0101naumoku. Kapa \u02bbia ho\u02bbi \u02bbo ia \u02bbo Papa. He h\u0101nau waw\u0101 \u02bbo ia o Haumea. Pili l\u0101ua i ka honua.<\/p>\n\n\n\n<p>Kaulana ka noho \u02bbana o Papa l\u0101ua \u02bbo W\u0101kea. Na l\u0101ua n\u0101 mokupuni o Hawai\u02bbi, Maui, Kaua\u02bbi, Ni\u02bbihau, Lehua a me Ka\u02bbula. Na l\u0101ua ho\u02bbi ke akua wahine \u02bbo Ho\u02bboh\u014dk\u016bkalani.<\/p>\n\n\n\n<p>Ua noho p\u016b l\u0101ua ma Kalihi, O\u02bbahu a me Kilohana ma Nu\u02bbuanu, O\u02bbahu. Ma laila, ua k\u0101lai \u02bbia ke ki\u02bbi akua \u02bbo K\u0101meha\u02bbikana, he ki\u02bbi akua na Papa l\u0101ua o Haumea.<\/p>\n\n\n\n<p>Ua noho p\u016b ho\u02bbi \u02bbo Papa l\u0101ua \u02bbo Lua, a na l\u0101ua ka mokupuni o O\u02bbahu. Eia ke kumu e kapa \u02bbia ai k\u0113ia mokupuni \u02bbo O\u02bbahu a Lua. \u02bb\u014clelo \u02bbia na Papa n\u0101 akua w\u0101hine \u02bbo Kap\u014d\u02bbulak\u012bna\u02bbu a me Laka.<\/p>\n\n\n\n<p>E like me Haumea, pili \u02bbo Papa i ke kumu \u02bbulu. \u02bbO ka pua\u02bba hiwa, ka \u02bbawa \u02bbele\u02bbele, a me ka i\u02bba \u02bbula, he mau ho\u02bbokupu k\u016bpono no Papa.<\/p>\n\n\n\n<p><strong>Description<\/strong><\/p>\n\n\n\n<p>Papah\u0101naumoku is a Hawaiian goddess. She is also called Papa. She is a reincarnation of Haumea. The two are associated with the earth.<\/p>\n\n\n\n<p>Papa famously lived together with W\u0101kea. They were the progenitors of the islands Hawai\u02bbi, Maui, Kaua\u02bbi, Ni\u02bbihau, Lehua and Ka\u02bbula They also are the parents of the goddess Ho\u02bbohok\u016bkalani.<\/p>\n\n\n\n<p>The two lived in Kalihi, O\u02bbahu and at Kilohana in Nu\u02bbuanu, O\u02bbahu. There, the ki\u02bbi akua K\u0101meha\u02bbikana was carved, a ki\u02bbi akua of Papa and Haumea.<\/p>\n\n\n\n<p>Papa also lived with Lua and they were the progenitors of the island of O\u02bbahu. This is why this island is called \u201cO\u02bbahu a Lua. It is said that Papa is the mother of goddesses Kap\u014d\u02bbulak\u012bna\u02bbu and Laka.<\/p>\n\n\n\n<p>Like Haumea, Papa is associated with the \u02bbulu tree. The black pig, black \u02bbawa, and red fish are appropriate offerings to Papa<\/p>\n\n\n\n<p><strong>\u02bb\u014clelo kuhikuhi<\/strong><\/p>\n\n\n\n<p>E koho i k\u0113ia hua\u02bb\u014dlelo no n\u0101&nbsp;kumuwaiwai pili i ke akua wahine o Papa.<\/p>\n\n\n\n<p><strong>Instructions<\/strong><\/p>\n\n\n\n<p>Use this term for resources related to the female akua Papa.<\/p>\n\n\n\n<p><strong>Mo\u02bbok\u016b\u02bbauhau | Genealogy<\/strong><\/p>\n\n\n\n<p><em>Akua | Deity: <\/em><a href=\"https:\/\/www.hawaii.edu\/kawaihapai\/akua-list\/wakea\/\">W\u0101kea<\/a><sup>1<\/sup>; Kaula<sup>2<\/sup>; Lua; <a href=\"https:\/\/www.hawaii.edu\/kawaihapai\/akua-list\/haumea\/\">Haumea<\/a><sup>5<\/sup><\/p>\n\n\n\n<p><em>Keiki | Child<\/em>: <a href=\"https:\/\/www.hawaii.edu\/kawaihapai\/ka-pae-%ca%bbaina-o-hawai%ca%bbi-na-kai-%ca%bbewalu\/hawai%ca%bbi\/\" data-type=\"page\" data-id=\"651\">Hawaii<\/a><sup>2<\/sup>; <a href=\"https:\/\/www.hawaii.edu\/kawaihapai\/ka-pae-%ca%bbaina-o-hawai%ca%bbi-na-kai-%ca%bbewalu\/maui\/\" data-type=\"page\" data-id=\"656\">Maui<\/a>; <a href=\"https:\/\/www.hawaii.edu\/kawaihapai\/ka-pae-%ca%bbaina-o-hawai%ca%bbi-na-kai-%ca%bbewalu\/lana%ca%bbi\/\" data-type=\"page\" data-id=\"661\">L\u0101na\u02bbi<\/a>; <a href=\"https:\/\/www.hawaii.edu\/kawaihapai\/ka-pae-%ca%bbaina-o-hawai%ca%bbi-na-kai-%ca%bbewalu\/o%ca%bbahu\/\" data-type=\"page\" data-id=\"663\">O\u02bbahu;<\/a> Molokini; <a href=\"https:\/\/www.hawaii.edu\/kawaihapai\/ka-pae-%ca%bbaina-o-hawai%ca%bbi-na-kai-%ca%bbewalu\/ni%ca%bbihau\/\" data-type=\"page\" data-id=\"667\">Ni\u02bbihau<\/a>; Lehua; Ka\u02bbula; <a href=\"https:\/\/www.hawaii.edu\/kawaihapai\/ka-pae-%ca%bbaina-o-hawai%ca%bbi-na-kai-%ca%bbewalu\/kaho%ca%bbolawe\/\" data-type=\"page\" data-id=\"669\">Kaho\u02bbolawe;<\/a> Ho\u02bboh\u014dk\u016bkalani; Kap\u014d\u02bbulak\u012bna\u02bbu<\/p>\n\n\n\n<p><strong>\u02bb\u0100ina | Land\/sea:<\/strong> Kalihi Valley<sup>3<\/sup>; Kilohana<sup>6<\/sup><\/p>\n\n\n\n<p><strong>Kinolau | Form: <\/strong>Kumu \u02bbulu<sup>3<\/sup><\/p>\n\n\n\n<p><strong>K\u016bmole | Source(s)<\/strong><\/p>\n\n\n\n<p>(1) Pukui, Mary Kawena, and Samuel H. (Samuel Hoyt) Elbert. <em>Hawaiian Dictionary\u202f: Hawaiian-English, English-Hawaiian<\/em>. Rev. and enl. Ed. Honolulu: ¶«¾«Ó°Òµ Press, 1986.<\/p>\n\n\n\n<p>(2) Kaopio, Matthew. <em>Hawaiian Family Legends<\/em>. Honolulu, Hawaii: Mutual Pub., 2003. page 20.<\/p>\n\n\n\n<p>(3) Loebel-Fried, Caren. <em>Hawaiian Legends of the Guardian Spirits<\/em>. Honolulu: University of Hawai\u2019i Press, 2002. pages 11-19. <\/p>\n\n\n\n<p>(4) Alameida, Roy, and Betty Dunford. <em>N\u0101 Mo\u02bbolelo Hawai\u02bbi o Ka W\u0101 Kahiko = Stories of Old Hawai\u02bbi<\/em>. Honolulu, Hawai\u02bbi: Bess Press, 1997.<\/p>\n\n\n\n<p> (5) Westervelt, W. D. (William Drake). <em>Hawaiian Legends of Ghosts and Ghost-Gods<\/em>. Rutland, Vt: C. E. Tuttle, 1963. pages 152-162.<\/p>\n\n\n\n<p> (6) Westervelt, W. D. (William Drake). <em>Hawaiian Legends of Old Honolulu<\/em>. Rutland, Vt: C.E. Tuttle, 1963. pages 23-31.<\/p>\n\n\n\n<p><strong>Ho\u02bbopili \u02bbia i |Applied to:\u00a0<\/strong><a href=\"https:\/\/uhawaii-manoa.primo.exlibrisgroup.com\/permalink\/01UHAWAII_MANOA\/11uc19p\/alma9928558534605682\">Papa and W\u0101kea<\/a>; <a href=\"https:\/\/uhawaii-manoa.primo.exlibrisgroup.com\/permalink\/01UHAWAII_MANOA\/11uc19p\/alma9925254924605682\">Papahanaumoku and Wakea<\/a><\/p>\n\n\n\n<p><strong>Mea haku | Created by:\u00a0<\/strong>Puaokamele Dizon<\/p>\n\n\n\n<p><strong>Mea loiloi | Edited by:<\/strong> Annemarie Paikai<\/p>\n","protected":false},"excerpt":{"rendered":"<p>Inoa | Name(s) Papa; Papa-h\u0101nau-moku2; Haumea5 H\u014d\u02bbulu\u02bbulu mana\u02bbo He akua wahine \u2018o Papah\u0101naumoku. Kapa \u02bbia ho\u02bbi \u02bbo ia \u02bbo Papa. He h\u0101nau waw\u0101 \u02bbo ia o Haumea. Pili l\u0101ua i ka honua. Kaulana ka noho \u02bbana o Papa l\u0101ua \u02bbo &hellip; <\/p>\n","protected":false},"author":216,"featured_media":0,"parent":925,"menu_order":20,"comment_status":"closed","ping_status":"closed","template":"","meta":{"footnotes":""},"class_list":["post-1278","page","type-page","status-publish","hentry"],"_links":{"self":[{"href":"https:\/\/www.hawaii.edu\/kawaihapai\/wp-json\/wp\/v2\/pages\/1278","targetHints":{"allow":["GET"]}}],"collection":[{"href":"https:\/\/www.hawaii.edu\/kawaihapai\/wp-json\/wp\/v2\/pages"}],"about":[{"href":"https:\/\/www.hawaii.edu\/kawaihapai\/wp-json\/wp\/v2\/types\/page"}],"author":[{"embeddable":true,"href":"https:\/\/www.hawaii.edu\/kawaihapai\/wp-json\/wp\/v2\/users\/216"}],"replies":[{"embeddable":true,"href":"https:\/\/www.hawaii.edu\/kawaihapai\/wp-json\/wp\/v2\/comments?post=1278"}],"version-history":[{"count":11,"href":"https:\/\/www.hawaii.edu\/kawaihapai\/wp-json\/wp\/v2\/pages\/1278\/revisions"}],"predecessor-version":[{"id":3008,"href":"https:\/\/www.hawaii.edu\/kawaihapai\/wp-json\/wp\/v2\/pages\/1278\/revisions\/3008"}],"up":[{"embeddable":true,"href":"https:\/\/www.hawaii.edu\/kawaihapai\/wp-json\/wp\/v2\/pages\/925"}],"wp:attachment":[{"href":"https:\/\/www.hawaii.edu\/kawaihapai\/wp-json\/wp\/v2\/media?parent=1278"}],"curies":[{"name":"wp","href":"https:\/\/api.w.org\/{rel}","templated":true}]}}