  {"id":1287,"date":"2023-09-10T15:10:17","date_gmt":"2023-09-11T01:10:17","guid":{"rendered":"https:\/\/www.hawaii.edu\/kawaihapai\/?page_id=1287"},"modified":"2024-09-04T07:53:47","modified_gmt":"2024-09-04T17:53:47","slug":"haku-hulu","status":"publish","type":"page","link":"https:\/\/www.hawaii.edu\/kawaihapai\/hana-list\/haku-hulu\/","title":{"rendered":"Haku hulu"},"content":{"rendered":"\n<p><strong>Inoa | Name(s)<\/strong><\/p>\n\n\n\n<p>Haku hulu<\/p>\n\n\n\n<p><strong>H\u014d\u02bbulu\u02bbulu mana\u02bbo<\/strong><\/p>\n\n\n\n<p>\u02bbO ka haku hulu, \u02bbo ia ka hana no\u02bbeau o ka haku \u02bbana i n\u0101 hulu o ka manu i mau mea makamae, e like ho\u02bbi me ka \u02bbahu \u02bbula, ka lei, ke k\u0101hili, ka mahiole, ke akua hulu manu, ka p\u0101\u02bb\u016b, ke k\u0101\u02bbei, a p\u0113l\u0101 wale aku. He mea waiwai loa n\u0101 hulu. Ma ka w\u0101 kahiko, he h\u014d\u02bbailona n\u0101 mea hulu no n\u0101 ali\u02bbi, e like me ka \u02bb\u014dlelo no\u02bbeau, \u201cHe hulu ali\u02bbi.\u201d Kaulana n\u014d n\u0101 mea hulu i komo \u02bbia e n\u0101 ali\u02bbi e like ho\u02bbi me Kalani\u02bb\u014dpu\u02bbu no kona \u02bbahu\u02bbula a me Lili\u02bbuokalani no kona mau k\u0101hili.<\/p>\n\n\n\n<p><strong>Description<\/strong><\/p>\n\n\n\n<p>Featherwork is the art of arranging bird feathers into precious items such as the feather cape, the lei, royal standards, helmets, feathered gods, skirts, sashes, and other items. Feather made materials are extremely valued. In older times, feathered material was associated with royal chiefs, as is seen in the proverb, \u201cHe hulu ali\u02bbi.\u201d Items worn and owned by royalty are especially well known, such as the cape of the high chief Kalani\u02bb\u014dpu\u02bbu and the k\u0101hili standards belonging to Lili\u02bbuokalani.<\/p>\n\n\n\n<p><strong>\u02bb\u014clelo kuhikuhi<\/strong><\/p>\n\n\n\n<p>E koho i k\u0113ia hua\u02bb\u014dlelo no n\u0101 kumuwaiwai pili i ka haku \u02bbana i n\u0101 mea hulu manu. In\u0101 pili ke kumuwaiwai i ka hana \u02bbana i n\u0101 lei, e koho p\u016b i\u0101 &#8220;Hana lei.&#8221;<\/p>\n\n\n\n<p><strong>Instructions&nbsp;<\/strong><\/p>\n\n\n\n<p>Use this term for resources related to Hawaiian feather work of any kind. For materials related to lei making with feathers, also select the term &#8220;Hana lei.&#8221;<\/p>\n\n\n\n<p><strong>Mo\u02bbok\u016b\u02bbauhau | Genealogy&nbsp;<\/strong><\/p>\n\n\n\n<p><em>Akua | Deity:<\/em> K\u016bka\u02bbilimoku<\/p>\n\n\n\n<p><em>H\u0101lau<\/em><strong> | <\/strong><em>Group\/School:<\/em> N\u0101 Lima Mili Hulu No\u02bbeau<\/p>\n\n\n\n<p><em>Kanaka | Person:<\/em> Paulette Kahalepuna; Mary Louise Kaleonahenahe Kekuewa; Leilani O. Fernandez<\/p>\n\n\n\n<p><strong>Hana | Practice:<\/strong> Lawai\u02bbamanu\/kiamanu; <a href=\"https:\/\/www.hawaii.edu\/kawaihapai\/hana-list\/hana-lei\/\">Hana lei<\/a>; Haku lei hulu<\/p>\n\n\n\n<p><strong>Lako | Materials + tools \/ implements:<\/strong> Hulu \u02bbi\u02bbiwi; Hulu \u02bb\u014d\u02bb\u014d; Hulu \u02bbapapane; Hulu mamo; Hulu moa Hulu koa\u02bbe; Olon\u0101; \u02bbIe\u02bbie; Niho \u02bb\u012blio; Lauoho kanaka; Mother-of-pearl shell; \u02bbAno\u02bbano<\/p>\n\n\n\n<p><strong>Lawena | Behavior:<\/strong> \u02bbUo; Haku<\/p>\n\n\n\n<p><strong>K\u016bmole | Source(s)<\/strong><\/p>\n\n\n\n<p>Holt, John Dominis.&nbsp;<em>The Art of Featherwork in Old Hawai\u02bbi<\/em>. 2nd ed. Honolulu, Hawai\u02bbi: Ku Pa\u02bba Pub., 1997.<\/p>\n\n\n\n<p>Kekuewa, Mary Louise Kaleonahenahe Peck, Paulette Nohealani Kekuewa Kahalepuna, and Karen A Edlefsen.&nbsp;<em>Feather Lei as an Art<\/em>. Rev. ed. Honolulu, Hawaii: Mutual Pub., 1993.<\/p>\n\n\n\n<p>Pukui, Mary Kawena, and Samuel H. (Samuel Hoyt) Elbert. <em>Hawaiian Dictionary\u202f: Hawaiian-English, English-Hawaiian<\/em>. Rev. and enl. Ed. Honolulu: ¶«¾«Ó°Òµ Press, 1986.<\/p>\n\n\n\n<p>Pukui, Mary Kawena. <em>\u2019Olelo No\u2019eau\u202f: Hawaiian Proverbs &amp; Poetical Sayings<\/em>. Honolulu, Hawai\u2019i: Bishop Museum Press, 1983. #599<\/p>\n\n\n\n<p><em>Royal Hawaiian Featherwork\u202f: N\u0101 Hulu Ali\u02bbi<\/em>. San Francisco, CA: Fine Arts Museums of San Francisco, 2015.<\/p>\n\n\n\n<p><strong>Ho\u02bbopili \u02bbia i | Applied to:&nbsp;<\/strong><a href=\"https:\/\/uhawaii-manoa.primo.exlibrisgroup.com\/permalink\/01UHAWAII_MANOA\/11uc19p\/alma9911829194605682\">The art of featherwork in old Hawai&#8217;i<\/a>; <a href=\"https:\/\/uhawaii-manoa.primo.exlibrisgroup.com\/discovery\/fulldisplay?docid=alma9940951514605682&amp;context=L&amp;vid=01UHAWAII_MANOA:MANOA&amp;lang=en&amp;search_scope=DN_and_CI&amp;adaptor=Local%20Search%20Engine&amp;tab=Everything&amp;query=any%2Ccontains%2Cfeatherwork&amp;facet=location_code%2Cinclude%2C5682%E2%80%934011200810005682%E2%80%93hawnd0&amp;offset=0\">Royal Hawaiian Featherwork : N\u0101 Hulu Ali\u02bbi<\/a>; <a href=\"https:\/\/uhawaii-manoa.primo.exlibrisgroup.com\/permalink\/01UHAWAII_MANOA\/11uc19p\/alma9910318359805681\">Ruffling feathers : Hawaiian featherart, 1770-2012<\/a><\/p>\n\n\n\n<p><strong>Mea haku | Created by:<\/strong><strong>&nbsp;<\/strong>Keahiahi Long; Annemarie Paikai<\/p>\n","protected":false},"excerpt":{"rendered":"<p>Inoa | Name(s) Haku hulu H\u014d\u02bbulu\u02bbulu mana\u02bbo \u02bbO ka haku hulu, \u02bbo ia ka hana no\u02bbeau o ka haku \u02bbana i n\u0101 hulu o ka manu i mau mea makamae, e like ho\u02bbi me ka \u02bbahu \u02bbula, ka lei, ke &hellip; <\/p>\n","protected":false},"author":216,"featured_media":0,"parent":878,"menu_order":4,"comment_status":"closed","ping_status":"closed","template":"","meta":{"footnotes":"[]"},"class_list":["post-1287","page","type-page","status-publish","hentry"],"_links":{"self":[{"href":"https:\/\/www.hawaii.edu\/kawaihapai\/wp-json\/wp\/v2\/pages\/1287","targetHints":{"allow":["GET"]}}],"collection":[{"href":"https:\/\/www.hawaii.edu\/kawaihapai\/wp-json\/wp\/v2\/pages"}],"about":[{"href":"https:\/\/www.hawaii.edu\/kawaihapai\/wp-json\/wp\/v2\/types\/page"}],"author":[{"embeddable":true,"href":"https:\/\/www.hawaii.edu\/kawaihapai\/wp-json\/wp\/v2\/users\/216"}],"replies":[{"embeddable":true,"href":"https:\/\/www.hawaii.edu\/kawaihapai\/wp-json\/wp\/v2\/comments?post=1287"}],"version-history":[{"count":15,"href":"https:\/\/www.hawaii.edu\/kawaihapai\/wp-json\/wp\/v2\/pages\/1287\/revisions"}],"predecessor-version":[{"id":3022,"href":"https:\/\/www.hawaii.edu\/kawaihapai\/wp-json\/wp\/v2\/pages\/1287\/revisions\/3022"}],"up":[{"embeddable":true,"href":"https:\/\/www.hawaii.edu\/kawaihapai\/wp-json\/wp\/v2\/pages\/878"}],"wp:attachment":[{"href":"https:\/\/www.hawaii.edu\/kawaihapai\/wp-json\/wp\/v2\/media?parent=1287"}],"curies":[{"name":"wp","href":"https:\/\/api.w.org\/{rel}","templated":true}]}}