  {"id":1386,"date":"2023-10-23T16:28:34","date_gmt":"2023-10-24T02:28:34","guid":{"rendered":"https:\/\/www.hawaii.edu\/kawaihapai\/?page_id=1386"},"modified":"2024-09-26T14:27:45","modified_gmt":"2024-09-27T00:27:45","slug":"he-waipuna","status":"publish","type":"page","link":"https:\/\/www.hawaii.edu\/kawaihapai\/ka-wai-a-kane-methodology\/he-waipuna\/","title":{"rendered":"Phase II: He waipuna (Workflow to create authority templates)"},"content":{"rendered":"\n<h2 class=\"wp-block-heading\">Ideate<\/h2>\n\n\n\n<p>The objective at this phase was for the project team to co-create 100 bi-lingual \u02bb\u014dlelo Hawai\u02bbi and English authority records to be applied to 200 resources within the University of Hawai&#8217;i\u02bbs Hamilton Library Hawaiian collection. The original meta-model, developed and tested during the pilot project, Lau \u0101 Lau Ka \u02bbIke, served as the starting point for the project team to identify which knowledge domains to build out into terms. Incorporating insights from the project loea (knowledge &amp; technical experts), the core team began by identifying the knowledge expertise already present amongst individual team members. Examples of this included individual team members\u2019 familiarity and expertise with specific \u02bb\u0101ina (land areas) and cultural practices such as Hula. Additionally, the team took into account current research trends among students and topics of cultural or political importance, such as Maunakea. Taking these factors into consideration, the team sought to identify and develop terms that would have the highest potential impact of improved description for the collection. These considerations led the team to identify the first three domains from the meta-model for term development: \u02bb\u0100ina (land), Hana (cultural practices), and Akua (deities).&nbsp;<\/p>\n\n\n\n<p><img decoding=\"async\" width=\"764px;\" height=\"423px;\" src=\"https:\/\/lh7-us.googleusercontent.com\/slidesz\/AGV_vUf_kdv5sY2XdlZ5GbqlnTs40jU9Anc7l-jBQbsug_u1u3Q8XdYsJjoGMljtAWnhplE402hZQuwn0XOoXTyLp-W2-zpq_rZEj7tYOEXjGajU078LZZ61dbg78If-kgTrCPOEvfKSz1TdnakUHUX3kRnzWoNuRPs=s2048?key=OGdEaWAKSc2tA0DocAIRMg\"><\/p>\n\n\n\n<p>The team was exhaustive in considering the ways we could approach the work of selecting terms and drafting authority templates for each domain. The core team and project loea used tools such as data visualization and mind mapping to build out each knowledge domain and prioritize terms for record creation. Every decision made by the core team was discussed and evaluated, including which tools and technology would be most appropriate, which sources to use in developing the records, how sources would be attributed, and identifying or creating new \u02bb\u014dlelo Hawai\u02bbi terms and phrases to use within the authority records. The intent was and is to represent kuana\u02bbike Hawai\u02bbi, or Hawaiian worldview, as best we could considering our own knowledge and expertise.<\/p>\n\n\n\n<h2 class=\"wp-block-heading\">Develop<\/h2>\n\n\n\n<p>Unique authority templates were drafted by the project team for each knowledge domain. Drafts were completed in stages and were iterative at each stage. The \u02bb\u0101ina knowledge domain was developed first by the core team and was built off of previous work done towards a Hawai\u02bbi Knowledge Organization System (HKOS). Together, the team identified and prioritized the fields which would make up the \u02bb\u0101ina authority template and the metadata specialist recorded the instructions for filling out each template. The team then collectively identified the 55 terms that would be developed into bi-lingual records. The \u02bb\u014dlelo Hawai\u02bbi specialist led the creation of the authority records for each term as well as the translation of the template instructions. The templates and records were evaluated by the core team as well as the project loea for clarity, accuracy, and cultural rigor with regard to how the knowledge was represented and the use of language. Each stage was then repeated for the creation of 30 terms for the Hana knowledge domain and the 15 terms for the Akua domain, which was eventually renamed the Mo\u02bbok\u016b\u02bbauhau domain in a current iteration of the meta-model.<\/p>\n\n\n\n<p>For each domain, a diverse group of terms were purposefully selected to ensure that the templates accurately represent kuana\u02bbike Hawai\u02bbi through the template fields. Throughout this iterative process, there were many questions, comments, and tensions that arose, as was expected. Considering that the core team are second language speakers, \u02bb\u014dlelo Hawai\u02bbi was one major area of continued back and forth discussion amongst the team and with project loea.&nbsp; In the instance of authority templates, some of the vocabulary and short phrases for fields were chosen based on existing examples of similar work. The \u02bb\u014dlelo Hawai\u02bbi skin of Lloyd Soehren&#8217;s <a href=\"https:\/\/ulukau.org\/hpn\/?a=p&amp;p=home&amp;e=-------haw-20--1--txt-txTI%7ctxIN%7ctxIS%7ctxAH%7ctxFC-------\" data-type=\"link\" data-id=\"https:\/\/ulukau.org\/hpn\/?a=p&amp;p=home&amp;e=-------haw-20--1--txt-txTI%7ctxIN%7ctxIS%7ctxAH%7ctxFC-------\">Inoa \u02bb\u0100ina Database<\/a> on <a href=\"https:\/\/ulukau.org\/index.php?a=p&amp;advanced=false&amp;p=home&amp;st=universal&amp;stOld=universal&amp;stAuthors=&amp;stTitles=&amp;stSubjects=&amp;stPlaces=&amp;stUniversal=&amp;stIsland=&amp;stMoku=&amp;stAhupuaa=&amp;cl=&amp;l=haw&amp;wp=\" data-type=\"link\" data-id=\"https:\/\/ulukau.org\/index.php?a=p&amp;advanced=false&amp;p=home&amp;st=universal&amp;stOld=universal&amp;stAuthors=&amp;stTitles=&amp;stSubjects=&amp;stPlaces=&amp;stUniversal=&amp;stIsland=&amp;stMoku=&amp;stAhupuaa=&amp;cl=&amp;l=haw&amp;wp=\">Ulukau: The Hawaiian Electronic Database<\/a> was especially helpful. Other terms were proposed and chosen by the core team with the support of loea \u02bb\u014dlelo Hawai\u02bbi.&nbsp;The most prominent example of this is in the proximity fields which are discussed below. <\/p>\n\n\n\n<p>The work of scoping and prioritizing fields was another area of continued discussion between the core team and project loea, particularly in the \u02bb\u0101ina domain. Proximity was identified as a necessary field within the template to ensure that the relationships between \u02bb\u0101ina were accurately represented. Both in \u02bb\u014dlelo Hawai\u02bbi and English, this proved to be a challenging field to define. While there were multiple iterations of this field, ultimately, the team decided on phrases that described the relationship between land divisions, such as an ahupua\u02bba within a moku and vice versa. These fields were called:<\/p>\n\n\n\n<ul class=\"wp-block-list\">\n<li><strong>N\u0101 Hi\u02bbona \u02bb\u0101\u012bna o loko o k\u0113ia wahi | <\/strong>Part to Whole\n<ul class=\"wp-block-list\">\n<li><em>Land features within this place<\/em>, such as an ahupua\u02bba or natural feature within a moku<\/li>\n<\/ul>\n<\/li>\n\n\n\n<li><strong>N\u0101 Hi\u02bbona \u02bb\u0101\u012bna nona k\u0113ia wahi |<\/strong> Whole to Part\n<ul class=\"wp-block-list\">\n<li><em>Land feature this place belongs to<\/em>, such as the moku an ahupua\u02bba falls within<\/li>\n<\/ul>\n<\/li>\n<\/ul>\n\n\n\n<p>Each stage of development required in-depth discussion amongst the core team and with project loea ensuring that decisions made were done thoroughly and thoughtfully. For information regarding the final authority records please see the <a href=\"https:\/\/www.hawaii.edu\/kawaihapai\/domains-and-terms\/\" data-type=\"link\" data-id=\"https:\/\/www.hawaii.edu\/kawaihapai\/domains-and-terms\/\">Domains and Terms<\/a> section of this website as well as the vocabulary tree\/lists for each knowledge domain: <a href=\"https:\/\/www.hawaii.edu\/kawaihapai\/aina-tree\/\" data-type=\"link\" data-id=\"https:\/\/www.hawaii.edu\/kawaihapai\/aina-tree\/\">\u02bb\u0100ina<\/a>, <a href=\"https:\/\/www.hawaii.edu\/kawaihapai\/hana-list\/\" data-type=\"link\" data-id=\"https:\/\/www.hawaii.edu\/kawaihapai\/hana-list\/\">Hana<\/a>, and <a href=\"https:\/\/www.hawaii.edu\/kawaihapai\/akua-list\/\">Akua<\/a>.<\/p>\n\n\n\n<p>Related materials:<\/p>\n\n\n\n<ul class=\"wp-block-list\">\n<li>Record creation workflow: <a href=\"https:\/\/docs.google.com\/document\/d\/1lSCJYn2yRHUpyOhJk-uYQhXhkbNP6Y05kN3UpIXNYvY\/edit\">table<\/a>, <a href=\"https:\/\/docs.google.com\/document\/d\/1LNvcBmyJrUw8X70IOgpANtG1ChZO_ySF3QkpTMdfz2M\/edit\">narrative<\/a><\/li>\n\n\n\n<li>Authority Template Fields: \u02bb<a href=\"https:\/\/docs.google.com\/document\/u\/0\/d\/17ZTZiWiGRjWnP3tPFNG7zL_JVFfws8KgbWS19pUv3rQ\/edit\">\u014clelo Hawai\u02bbi Field Name Terms:&nbsp;<\/a><\/li>\n\n\n\n<li>\u02bb\u0100ina- Early version of fields: <a href=\"https:\/\/docs.google.com\/document\/d\/18SjsFsbzPwYZPBb7NpCxLHdrr-gp5GmOy_ZKZMu9elY\/edit?usp=sharing\">\u02bb\u0100ina Authority Template<\/a><\/li>\n\n\n\n<li>\u02bb\u0100ina- Proximity: <a href=\"https:\/\/docs.google.com\/document\/d\/1p2hIHnURbImd3HFQE4hHiT-EX4re7gs2etH_cL7CNKE\/edit#heading=h.9qhq00fg5ztk\">Functionality of proximity<\/a><\/li>\n\n\n\n<li>Record Templates: <a href=\"https:\/\/docs.google.com\/spreadsheets\/d\/1GqWP1Z-lVu5cVyf914YI94KYPK-CgVnEZohc29e1uC4\/edit?usp=sharing\">Hana<\/a>, <a href=\"https:\/\/docs.google.com\/spreadsheets\/d\/1pQd9-f2RUEisGa9Ax9_vjX6F7-87yDOfww9c40tRy_A\/edit?usp=sharing\">\u02bb\u0100ina<\/a>, <a href=\"https:\/\/docs.google.com\/spreadsheets\/d\/1nfjh6L92r4ttwk6Ors-hCllaP45bdhTE5h_th8MRCgY\/edit?usp=sharing\">\u02bb\u0100ina (v.2)<\/a>, <a href=\"https:\/\/docs.google.com\/spreadsheets\/d\/1psVILbG4Tz4sisglzsmOix4G-Fcvhp3bbMjyu7o7DM8\/edit?usp=sharing\">Mo\u02bbok\u016b\u02bbauhau (Akua)<\/a><\/li>\n<\/ul>\n\n\n\n<h2 class=\"wp-block-heading\">Evaluate &amp; Revise<\/h2>\n\n\n\n<p>Authority templates and records were evaluated by the core team and the project loea in accordance with the overall project goal of representing content and language in a way that is culturally rigorous while enhancing description of Hawai\u02bbi knowledge materials. While the core team was continually discussing the templates and records throughout the development process, formal feedback was also collected and discussed through meetings with project loea specializing in \u02bbike Hawai\u02bbi as well as loea specializing in knowledge organization systems.<\/p>\n\n\n\n<p>One way that feedback was collected for the \u02bb\u0101ina authority templates was through a google form. Google forms had been an initial option for the core team to create the authority records. It was eventually determined that google sheets was a more appropriate tool for creating records because it was easier to make edits and compare populated fields between terms. The team revisited the google form as an effective means of collecting formal feedback from project loea and the core team who were able to populate authority template fields with their own examples of \u02bb\u0101ina terms. After completing the form, the core team and project loea then discussed the process of filling out the form and whether the fields were collecting the most pertinent information regarding the \u02bb\u0101ina term they chose. Loea had chosen a variety of \u02bb\u0101ina terms spanning from natural features, such as Ka\u02bbuiki, a prominent land feature known as a pu\u02bbu, at H\u0101na, Maui, to well known land divisions, such as the ahupua\u02bba of Waik\u012bk\u012b. In the discussion, experiences were shared amongst members and records were compared to one another to better understand what worked, what didn\u2019t and what could be improved in both the short and long term. Small revisions were done at this stage to improve phrasing and improve process for remaining domains. Larger structural issues were noted as things to be addressed at later stages of the project. One example of an issue to be addressed in the long term was how to distinctly present natural features, such as pu\u02bbu (hills), mauna (mountain peaks), wailele (waterfalls), etc. from political features, which includes all politically created land divisions, \u02bbili, ahupua\u02bba, moku, etc. It was determined that the \u02bb\u0101ina authority template structure was minimally sufficient for describing both types of \u02bb\u0101ina terms, however, natural features would benefit from the addition of more fields to the current structure to better illuminate aspects of natural features such as plants, animals, wahi pana etc.&nbsp;<\/p>\n\n\n\n<p>Authority templates for the Hana and Akua knowledge domains were also evaluated through discussion with project loea through presentations. Individual records from each domain were presented with data visualizations to demonstrate both the structure of each domain as well as the enhanced relationships that were apparent after applying the terms to Hawaiian collection materials. More information about application can be found in the section titled \u201c<a href=\"https:\/\/www.hawaii.edu\/kawaihapai\/ka-wai-a-kane-methodology\/he-wai-e-inu\/\">Phase III: He wai, e inu<\/a>.\u201d Additionally, our data visualization specialist developed a more current representation of our meta-model. This model was presented to project loea to demonstrate the shifts made by the core team over the course of the project to build out specific knowledge domains.<\/p>\n\n\n\n<p><img decoding=\"async\" src=\"https:\/\/lh7-us.googleusercontent.com\/docsz\/AD_4nXcbnpYB_k_sKq6rbQWPmL5vxmi_AFgGYY8VmvPsJvJWbmjM8U_vp2nkwxuQLt3gke-XRxVhB9gtfhqX55J0SpW6reZm5wpCXPp1xRZGKMyCuySTA66WqY_Rq16Kt42rX9P9PhqXNrRp-hc7SE1Bzf4lih0?key=GcZW3JaRkpxlP8-Qktyt-A\" style=\"width: 1000px\"><\/p>\n","protected":false},"excerpt":{"rendered":"<p>Ideate The objective at this phase was for the project team to co-create 100 bi-lingual \u02bb\u014dlelo Hawai\u02bbi and English authority records to be applied to 200 resources within the University of Hawai&#8217;i\u02bbs Hamilton Library Hawaiian collection. The original meta-model, developed &hellip; <\/p>\n","protected":false},"author":216,"featured_media":0,"parent":1377,"menu_order":3,"comment_status":"closed","ping_status":"closed","template":"","meta":{"footnotes":""},"class_list":["post-1386","page","type-page","status-publish","hentry"],"_links":{"self":[{"href":"https:\/\/www.hawaii.edu\/kawaihapai\/wp-json\/wp\/v2\/pages\/1386","targetHints":{"allow":["GET"]}}],"collection":[{"href":"https:\/\/www.hawaii.edu\/kawaihapai\/wp-json\/wp\/v2\/pages"}],"about":[{"href":"https:\/\/www.hawaii.edu\/kawaihapai\/wp-json\/wp\/v2\/types\/page"}],"author":[{"embeddable":true,"href":"https:\/\/www.hawaii.edu\/kawaihapai\/wp-json\/wp\/v2\/users\/216"}],"replies":[{"embeddable":true,"href":"https:\/\/www.hawaii.edu\/kawaihapai\/wp-json\/wp\/v2\/comments?post=1386"}],"version-history":[{"count":27,"href":"https:\/\/www.hawaii.edu\/kawaihapai\/wp-json\/wp\/v2\/pages\/1386\/revisions"}],"predecessor-version":[{"id":3076,"href":"https:\/\/www.hawaii.edu\/kawaihapai\/wp-json\/wp\/v2\/pages\/1386\/revisions\/3076"}],"up":[{"embeddable":true,"href":"https:\/\/www.hawaii.edu\/kawaihapai\/wp-json\/wp\/v2\/pages\/1377"}],"wp:attachment":[{"href":"https:\/\/www.hawaii.edu\/kawaihapai\/wp-json\/wp\/v2\/media?parent=1386"}],"curies":[{"name":"wp","href":"https:\/\/api.w.org\/{rel}","templated":true}]}}