  {"id":1656,"date":"2023-11-28T08:17:13","date_gmt":"2023-11-28T18:17:13","guid":{"rendered":"https:\/\/www.hawaii.edu\/kawaihapai\/?page_id=1656"},"modified":"2026-01-28T13:30:16","modified_gmt":"2026-01-28T23:30:16","slug":"kamohoali%ca%bbi","status":"publish","type":"page","link":"https:\/\/www.hawaii.edu\/kawaihapai\/akua-list\/kamohoali%ca%bbi\/","title":{"rendered":"Kamohoali\u02bbi"},"content":{"rendered":"\n<p><strong>Inoa | Name(s)<\/strong><\/p>\n\n\n\n<p>Kamohoali\u02bbi<\/p>\n\n\n\n<p><strong>H\u014d\u02bbulu\u02bbulu mana\u02bbo<\/strong><\/p>\n\n\n\n<p>\u02bbO Kamohoali\u02bbi ke akua nui o n\u0101 \u02bbaum\u0101kua man\u014d ma n\u0101 kai \u02bbewalu o Hawai\u02bbi. \u02bbO ia ka hiapo a Haumea a ke kaik\u016bnane o Pele. N\u0101na n\u014d i ho\u02bbokele i\u0101 Pele a me kona \u02bbohana mai Kahiki i Hawai\u02bbi. \u02bbO kona mau kino \u02bbo ia ka man\u014d a me ke kanaka. Ma ka lua pele \u02bbo K\u012blauea, aia ka pali i kapa \u02bbia \u02bbo Kamohoali\u02bbi no ke kaikun\u0101ne o Pele, a ma k\u0113l\u0101 pali pono \u02bb\u012b \u02bba\u02bbole p\u0101 ka uahi pele i ke alo o ka pali. Wahi a ka mo\u02bbolelo, he wahi kapu k\u0113ia ma muli o ke aloha ma waena o Pele a me kona kaikun\u0101ne. I kekahi mo\u02bbolelo noho \u02bbo Kamohoali\u02bbi me ka wahine \u02bbo Kalei a h\u0101nau mai \u02bbo Nanaue, he kanaka man\u014d kaulana ma n\u0101 wahi like\u02bbole o ka pae \u02bb\u0101ina \u02bbo Hawai\u02bbi.<\/p>\n\n\n\n<p><strong>Description<\/strong><\/p>\n\n\n\n<p>Kamohoali\u02bbi is the most renowned of the ancestral shark gods of Hawai\u02bbi. He is the eldest child of Haumea, and the older brother of Pele. He is the one who navigated Pele and her \u02bbohana from Kahiki to Hawai\u02bbi. He takes both a shark and human form. At K\u012blauea crater, there is a pali named Kamohoali\u02bbi for the brother of Pele where the smoke never touches that particular cliffside. According to the stories of Pele, it is a sacred place that honors the love between Pele and her brother. In other stories, Kamohoali\u02bbi has a child with the woman named Kalei and they have a child named Nanaue, a shark man who is another renowned akua with many stories that span across the Hawaiian archipelago.<\/p>\n\n\n\n<p><strong>\u02bb\u014clelo kuhikuhi<\/strong><\/p>\n\n\n\n<p>E koho i k\u0113ia hua\u02bb\u014dlelo no n\u0101 kumuwaiwai pili i\u0101 Kamohoali\u02bbi, ke akua man\u014d nui o n\u0101 kai \u02bbewalu a me ke kaikun\u0101ne a ho\u02bbokele o Pele a me kona \u02bbohana.<\/p>\n\n\n\n<p><strong>Instructions<\/strong><\/p>\n\n\n\n<p>Use this term for resources related to Kamohoali\u02bbi, the renowned shark god of the eight seas and brother and navigator of Pele and her family.<\/p>\n\n\n\n<p><strong>Mo\u02bbok\u016b\u02bbauhau | Genealogy<\/strong><\/p>\n\n\n\n<p><em>Akua: | Deity:<\/em>\u00a0<a href=\"https:\/\/www.hawaii.edu\/kawaihapai\/akua-list\/hi%CA%BBiakaikapoliopele\/\">Hi\u02bbiakaikapoliopele<\/a><sup>1<\/sup>; <a href=\"https:\/\/www.hawaii.edu\/kawaihapai\/akua\/kapo%ca%bbulakina%ca%bbu-kapo\/\" data-type=\"page\" data-id=\"1662\">Kap\u014d\u02bbulak\u012bna\u02bbu<\/a>; <a href=\"https:\/\/www.hawaii.edu\/kawaihapai\/akua\/pelehonuamea\/\" data-type=\"page\" data-id=\"933\">Pele<\/a>; <a href=\"https:\/\/www.hawaii.edu\/kawaihapai\/akua\/namakaokaha%ca%bbi\/\" data-type=\"page\" data-id=\"1673\">N\u0101makaokaha\u02bbi<\/a>; K\u0101nehekili; K\u0101neuila<\/p>\n\n\n\n<p><em>Makua | Parent:<\/em> <a href=\"https:\/\/www.hawaii.edu\/kawaihapai\/akua\/haumea\/\" data-type=\"page\" data-id=\"1270\">Papa\/Haumea<\/a><sup>2<\/sup>; <a href=\"https:\/\/www.hawaii.edu\/kawaihapai\/akua\/wakea\/\" data-type=\"page\" data-id=\"1679\">W\u0101kea<\/a>; K\u0101nehoalani<\/p>\n\n\n\n<p><em>Keiki | Child: <\/em>Nanaue<sup>5<\/sup><\/p>\n\n\n\n<p><strong>\u02bb\u0100ina | Land\/sea<\/strong>: <a href=\"https:\/\/www.hawaii.edu\/kawaihapai\/ka-pae-%ca%bbaina-o-hawai%ca%bbi-na-kai-%ca%bbewalu\/hawai%ca%bbi\/hamakua\/kilauea\/\" data-type=\"page\" data-id=\"688\">K\u012blauea<\/a><\/p>\n\n\n\n<p><strong>Hana | Practice:<\/strong> Ho\u02bbokele<\/p>\n\n\n\n<p><strong>Kinolau | Form: <\/strong>Man\u014d<sup>1<\/sup>; Kai<sup>4<\/sup><\/p>\n\n\n\n<p><strong>K\u016bmole | Source(s)<\/strong><\/p>\n\n\n\n<p>(1) Pukui, Mary Kawena, and Samuel H. (Samuel Hoyt) Elbert. <em>Hawaiian Dictionary\u202f: Hawaiian-English, English-Hawaiian<\/em>. Rev. and enl. Ed. Honolulu: ¶«¾«Ó°Òµ Press, 1986.<\/p>\n\n\n\n<p>(2) Westervelt, W. D. (William Drake). <em>Hawaiian Legends of Old Honolulu<\/em>. Rutland, Vt: C.E. Tuttle, 1963. pages23-31.<\/p>\n\n\n\n<p>(3) Kaopio, Matthew. <em>Hawaiian Family Legends<\/em>. Honolulu, Hawaii: Mutual Pub., 2003.<\/p>\n\n\n\n<p>(4) Armitage, Kimo. <em>Akua Hawai\u02bbi\u202f: Hawaiian Gods and Their Stories<\/em>. Honolulu, Hawaii: Bishop Museum Press, 2005.&#8221;Kamohoali\u02bbi &amp; Nanaue&#8221;<\/p>\n\n\n\n<p>(5) Beckwith, Martha Warren.&nbsp;<em>Hawaiian Mythology<\/em>. Honolulu: University Press of Hawaii, 1976.<\/p>\n\n\n\n<p><strong>Ho\u02bbopili \u02bbia i | Applied to: <\/strong><a href=\"https:\/\/uhawaii-manoa.primo.exlibrisgroup.com\/permalink\/01UHAWAII_MANOA\/11uc19p\/alma9919344714605682\">He mo\u02bbolelo ka\u02bbao no Ka\u02bbehuikiman\u014dopu\u02bbuloa, ke keiki man\u014d a Kapukapu m\u0101 l\u0101ua \u02bbo H\u014dlei<\/a>, <a href=\"https:\/\/uhawaii-manoa.primo.exlibrisgroup.com\/permalink\/01UHAWAII_MANOA\/11uc19p\/alma9919307404605682\">The water of Kane<\/a><\/p>\n\n\n\n<p><strong>Mea haku | Created by: <\/strong>Puaokamele Dizon, Annemarie Paikai<\/p>\n","protected":false},"excerpt":{"rendered":"<p>Inoa | Name(s) Kamohoali\u02bbi H\u014d\u02bbulu\u02bbulu mana\u02bbo \u02bbO Kamohoali\u02bbi ke akua nui o n\u0101 \u02bbaum\u0101kua man\u014d ma n\u0101 kai \u02bbewalu o Hawai\u02bbi. \u02bbO ia ka hiapo a Haumea a ke kaik\u016bnane o Pele. N\u0101na n\u014d i ho\u02bbokele i\u0101 Pele a me &hellip; <\/p>\n","protected":false},"author":216,"featured_media":0,"parent":925,"menu_order":10,"comment_status":"closed","ping_status":"closed","template":"","meta":{"footnotes":""},"class_list":["post-1656","page","type-page","status-publish","hentry"],"_links":{"self":[{"href":"https:\/\/www.hawaii.edu\/kawaihapai\/wp-json\/wp\/v2\/pages\/1656","targetHints":{"allow":["GET"]}}],"collection":[{"href":"https:\/\/www.hawaii.edu\/kawaihapai\/wp-json\/wp\/v2\/pages"}],"about":[{"href":"https:\/\/www.hawaii.edu\/kawaihapai\/wp-json\/wp\/v2\/types\/page"}],"author":[{"embeddable":true,"href":"https:\/\/www.hawaii.edu\/kawaihapai\/wp-json\/wp\/v2\/users\/216"}],"replies":[{"embeddable":true,"href":"https:\/\/www.hawaii.edu\/kawaihapai\/wp-json\/wp\/v2\/comments?post=1656"}],"version-history":[{"count":13,"href":"https:\/\/www.hawaii.edu\/kawaihapai\/wp-json\/wp\/v2\/pages\/1656\/revisions"}],"predecessor-version":[{"id":3183,"href":"https:\/\/www.hawaii.edu\/kawaihapai\/wp-json\/wp\/v2\/pages\/1656\/revisions\/3183"}],"up":[{"embeddable":true,"href":"https:\/\/www.hawaii.edu\/kawaihapai\/wp-json\/wp\/v2\/pages\/925"}],"wp:attachment":[{"href":"https:\/\/www.hawaii.edu\/kawaihapai\/wp-json\/wp\/v2\/media?parent=1656"}],"curies":[{"name":"wp","href":"https:\/\/api.w.org\/{rel}","templated":true}]}}