  {"id":1660,"date":"2023-11-28T08:18:39","date_gmt":"2023-11-28T18:18:39","guid":{"rendered":"https:\/\/www.hawaii.edu\/kawaihapai\/?page_id=1660"},"modified":"2024-09-03T16:10:27","modified_gmt":"2024-09-04T02:10:27","slug":"kane","status":"publish","type":"page","link":"https:\/\/www.hawaii.edu\/kawaihapai\/akua-list\/kane\/","title":{"rendered":"K\u0101ne"},"content":{"rendered":"\n<p><strong>Inoa | Name(s)<\/strong><\/p>\n\n\n\n<p>K\u0101ne<\/p>\n\n\n\n<p><strong>H\u014d\u02bbulu\u02bbulu mana\u02bbo<\/strong><\/p>\n\n\n\n<p>He akua \u02bbo K\u0101ne i ho\u02bbola\u02bba nui \u02bbia e n\u0101 k\u0101naka Hawai\u02bbi. E like me n\u0101 akua Hawai\u02bbi he nui,\u02bbo K\u0101ne ka inoa laul\u0101 no k\u0113ia akua, ak\u0101 aia he inoa a \u02bbano nui \u02bbino \u02bb\u0113 a\u02bbe pili i n\u0101 mea kiko\u02bb\u012b, e la\u02bba me \u201cK\u0101nehoalani, K\u0101nehekili, K\u0101neikawaiola, a p\u0113l\u0101 wale aku\u201d. I kekahi manawa, \u02bbo k\u0113ia mau \u02bbano kiko\u02bb\u012b, \u02bbo ia n\u0101 \u02bbaum\u0101kua o kekahi \u02bbohana<sup>6<\/sup>, e like me K\u0101nehekili, ke akua, a me Kahekili, ke ali\u02bbi, a ho\u02bbola\u02bba \u02bbia ia \u02bbaum\u0101kua e k\u0113l\u0101 \u02bbohana. Kapa \u02bbia ka p\u014d mahina \u02bbo K\u0101ne no k\u0113ia akua.<\/p>\n\n\n\n<p>Ho\u02bbola\u02bba \u02bbia \u02bbO K\u0101ne me n\u0101 pule a me n\u0101 oli ma n\u0101 heiau no K\u0101ne a ma n\u0101 P\u014dhaku o K\u0101ne. \u02bbO ka wai, ka \u02bbohe, ka l\u0101\u02bb\u012b, ke kalo, ke k\u014d, ka niu, ka pua\u02bba, a me ka \u02bbawapuhi kekahi o kona mau kinolau. \u02bbO ka \u02bbawa, ka wauke, a me ka ulu kekahi mau meakanu kapu no K\u0101ne. Pili \u02bbo ia i n\u0101 kahawai, p\u016bn\u0101wai, a me n\u0101 loko i\u02bba. Ma n\u0101 mo\u02bbolelo, \u02bb\u014dlelo pinepine \u02bbia no kona huli \u02bbana i ka wai me ke akua \u02bbo Kanaloa<\/p>\n\n\n\n<p><strong>Description<\/strong><\/p>\n\n\n\n<p>K\u0101ne is a God who is widely worshiped by Hawaiians. As with many of the Hawaiian Gods, K\u0101ne is the general name for this God however, there are many other names and types derived from K\u0101ne that are more specific, such as \u201cK\u0101nehoalani, K\u0101nehekili, K\u0101neikawaiola, etc\u201d. Sometimes, these more specific types of K\u0101ne are family gods to a family<sup>6<\/sup> such as with K\u0101nehekili, the God, and Kahekili, the chief, then that particular family God is worshiped by that family. The moon phase called K\u0101ne is named for this akua.<\/p>\n\n\n\n<p><br>K\u0101ne is worshiped through prayer and chant at heiau dedicated to him as well as through P\u014dhaku o K\u0101ne. Freshwater, bamboo, t\u012b leaf, taro, sugar cane, coconut, pigs, and ginger are some of his physical forms. \u02bbAwa, mulberry, and breadfruit are plants that are sacred to K\u0101ne. He is associated with freshwater streams, pools, and fishponds. In stories, it is often told that he is in search of freshwater alongside the God Kanaloa<\/p>\n\n\n\n<p><strong>\u02bb\u014clelo kuhikuhi<\/strong><\/p>\n\n\n\n<p>E koho i k\u0113ia hua\u02bb\u014dlelo no n\u0101 kumuwaiwai pili i ke akua \u02bbo K\u0101ne, ma ke \u02bbano laul\u0101. \u02bbA\u02bbole n\u014d k\u0113ia ka hua\u02bb\u014dlelo k\u016bpono no k\u0101ne.<\/p>\n\n\n\n<p><strong>Instructions<\/strong><\/p>\n\n\n\n<p>Use this term for resources related to the God K\u0101ne, in a general sense. Do not use this term to indicate men or the male gender.<\/p>\n\n\n\n<p><strong>Mo\u02bbok\u016b\u02bbauhau | Genealogy<\/strong><\/p>\n\n\n\n<p><em>Akua | Deity:\u00a0<\/em>\u0100nuenue<sup>2<\/sup>; <a href=\"https:\/\/www.hawaii.edu\/kawaihapai\/akua\/kanaloa\/\" data-type=\"page\" data-id=\"1658\">Kanaloa<sup>3<\/sup><\/a><\/p>\n\n\n\n<p><strong>\u02bb\u0100ina | Land\/sea:<\/strong> <a href=\"https:\/\/www.hawaii.edu\/kawaihapai\/ka-pae-%ca%bbaina-o-hawai%ca%bbi-na-kai-%ca%bbewalu\/kaho%ca%bbolawe\/\" data-type=\"page\" data-id=\"669\">Kaho\u02bbolawe<\/a><sup>3<\/sup>; <a href=\"https:\/\/www.hawaii.edu\/kawaihapai\/kahiki\/\" data-type=\"page\" data-id=\"761\">Kahiki<\/a>; K\u0101ne\u02bbohe<sup>4<\/sup><\/p>\n\n\n\n<p><strong>Hana | Practice: <\/strong>Lawai\u02bba loko i\u02bba<sup>4<\/sup>; <a href=\"https:\/\/www.hawaii.edu\/kawaihapai\/hana-list\/kalai-wa%ca%bba\/\">K\u0101lai wa\u02bba; <\/a>Ho\u02bbokele\u00a0<\/p>\n\n\n\n<p><strong>Kinolau | Form: <\/strong>Wai<sup>4<\/sup>; K\u014d; \u02bbOhe; Awa; Kalo; Pua\u02bba; Niu; Wauke<\/p>\n\n\n\n<p><strong>K\u016bmole | Source(s)<\/strong><\/p>\n\n\n\n<p>(1) Pukui, Mary Kawena, and Samuel H. (Samuel Hoyt) Elbert. <em>Hawaiian Dictionary\u202f: Hawaiian-English, English-Hawaiian<\/em>. Rev. and enl. Ed. Honolulu: ¶«¾«Ó°Òµ Press, 1986.<\/p>\n\n\n\n<p>(2) Westervelt, W. D. (William Drake). <em>Hawaiian Legends of Ghosts and Ghost-Gods<\/em>. Rutland, Vt: C. E. Tuttle, 1963. pages 151-166.<\/p>\n\n\n\n<p>(3) Levin, Wayne, Rowland B Reeve, Franco Salmoiraghi, and David Ulrich.\u00a0<em>Kaho\u02bbolawe\u202f: N\u0101 Leo o Kanaloa\u202f: Chants and Stories of Kaho\u02bbolawe<\/em>. Honolulu: \u02bbAi P\u014dhaku Press, 1995.<\/p>\n\n\n\n<p>(4) Kaopio, Matthew. <em>Hawaiian Family Legends<\/em>. Honolulu, Hawaii: Mutual Pub., 2003.<\/p>\n\n\n\n<p>(5) Armitage, Kimo. <em>Akua Hawai\u02bbi\u202f: Hawaiian Gods and Their Stories<\/em>. Honolulu, Hawaii: Bishop Museum Press, 2005.<\/p>\n\n\n\n<p>(6) Beckwith, Martha Warren. <em>Hawaiian Mythology<\/em>. Honolulu: University Press of Hawaii, 1976.<\/p>\n\n\n\n<p><strong>Ho\u02bbopili \u02bbia i | Applied to: <\/strong><a href=\"https:\/\/uhawaii-manoa.primo.exlibrisgroup.com\/permalink\/01UHAWAII_MANOA\/11uc19p\/alma9919307404605682\">The water of Kane<\/a>; <a href=\"https:\/\/uhawaii-manoa.primo.exlibrisgroup.com\/permalink\/01UHAWAII_MANOA\/11uc19p\/alma9911807724605682\">The Kane worship (42-59)<\/a>; <a href=\"https:\/\/uhawaii-manoa.primo.exlibrisgroup.com\/permalink\/01UHAWAII_MANOA\/11uc19p\/alma9911807724605682\">Kane and Kanaloa<\/a>.<\/p>\n\n\n\n<p><strong>Mea haku | Created by: <\/strong>Puaokamele Dizon; Annemarie Paikai<\/p>\n","protected":false},"excerpt":{"rendered":"<p>Inoa | Name(s) K\u0101ne H\u014d\u02bbulu\u02bbulu mana\u02bbo He akua \u02bbo K\u0101ne i ho\u02bbola\u02bba nui \u02bbia e n\u0101 k\u0101naka Hawai\u02bbi. E like me n\u0101 akua Hawai\u02bbi he nui,\u02bbo K\u0101ne ka inoa laul\u0101 no k\u0113ia akua, ak\u0101 aia he inoa a \u02bbano nui &hellip; <\/p>\n","protected":false},"author":216,"featured_media":0,"parent":925,"menu_order":12,"comment_status":"closed","ping_status":"closed","template":"","meta":{"footnotes":""},"class_list":["post-1660","page","type-page","status-publish","hentry"],"_links":{"self":[{"href":"https:\/\/www.hawaii.edu\/kawaihapai\/wp-json\/wp\/v2\/pages\/1660","targetHints":{"allow":["GET"]}}],"collection":[{"href":"https:\/\/www.hawaii.edu\/kawaihapai\/wp-json\/wp\/v2\/pages"}],"about":[{"href":"https:\/\/www.hawaii.edu\/kawaihapai\/wp-json\/wp\/v2\/types\/page"}],"author":[{"embeddable":true,"href":"https:\/\/www.hawaii.edu\/kawaihapai\/wp-json\/wp\/v2\/users\/216"}],"replies":[{"embeddable":true,"href":"https:\/\/www.hawaii.edu\/kawaihapai\/wp-json\/wp\/v2\/comments?post=1660"}],"version-history":[{"count":6,"href":"https:\/\/www.hawaii.edu\/kawaihapai\/wp-json\/wp\/v2\/pages\/1660\/revisions"}],"predecessor-version":[{"id":2989,"href":"https:\/\/www.hawaii.edu\/kawaihapai\/wp-json\/wp\/v2\/pages\/1660\/revisions\/2989"}],"up":[{"embeddable":true,"href":"https:\/\/www.hawaii.edu\/kawaihapai\/wp-json\/wp\/v2\/pages\/925"}],"wp:attachment":[{"href":"https:\/\/www.hawaii.edu\/kawaihapai\/wp-json\/wp\/v2\/media?parent=1660"}],"curies":[{"name":"wp","href":"https:\/\/api.w.org\/{rel}","templated":true}]}}