  {"id":1669,"date":"2023-11-28T08:22:29","date_gmt":"2023-11-28T18:22:29","guid":{"rendered":"https:\/\/www.hawaii.edu\/kawaihapai\/?page_id=1669"},"modified":"2024-09-03T16:41:07","modified_gmt":"2024-09-04T02:41:07","slug":"lilinoe","status":"publish","type":"page","link":"https:\/\/www.hawaii.edu\/kawaihapai\/akua-list\/lilinoe\/","title":{"rendered":"L\u012bl\u012bnoe"},"content":{"rendered":"\n<p><strong>Inoa | Name(s)<\/strong><\/p>\n\n\n\n<p>L\u012bl\u012bnoe<\/p>\n\n\n\n<p><strong>H\u014d\u02bbulu\u02bbulu mana\u02bbo<\/strong><\/p>\n\n\n\n<p>He akua wahine \u02bbo L\u012bl\u012bnoe pili i ka ua noe ma n\u0101 mauna o Haleakal\u0101 a me Maunakea. \u02bbO L\u012bl\u012bnoe kekahi o n\u0101 kaikaina o Poli\u02bbahu me Waiau a me Kahoupok\u0101ne.<\/p>\n\n\n\n<p>Wahi a n\u0101 mo\u02bbolelo kahiko, he mana k\u0101 L\u012bl\u012bnoe e ho\u02bbok\u016b i ka pele a me ke ahi e kahe hou ana mai mai n\u0101 pu\u02bbu pele o ka mauna<sup>2<\/sup>. Wahi a kekahi mo\u02bbolelo he k\u014dko\u02bbolua pili aloha paha \u02bbo ia i\u0101 Nu\u02bbu, ka mea i ho\u02bboh\u0101like \u02bbia me Noa ma ka Baibala Kalikiano<sup>2<\/sup>.<\/p>\n\n\n\n<p><strong>Description<\/strong><\/p>\n\n\n\n<p>L\u012bl\u012bnoe is a goddess associated with the mists of Haleakal\u0101 and Maunakea. L\u012bl\u012bnoe is one of the younger sisters of Poli\u02bbahu along with Waiau and Kahoupok\u0101ne.<\/p>\n\n\n\n<p>According to ancient stories, L\u012bl\u012bnoe had the ability to stop the lava and fires from the cinder cones on mountain<sup>2<\/sup>. According to one story she was possibly the wife of Nu\u02bbu, who was compared to with Noah in the Christian Bible<sup>2<\/sup>.<\/p>\n\n\n\n<p><strong>\u02bb\u014clelo kuhikuhi<\/strong><\/p>\n\n\n\n<p>E koho i k\u0113ia hua\u02bb\u014dlelo no n\u0101 kumuwaiwai pili i\u0101 L\u012bl\u012bnoe, ke akua wahine a ke kaikaina ho\u02bbi o Poli\u02bbahu.<\/p>\n\n\n\n<p><strong>Instructions<\/strong><\/p>\n\n\n\n<p>Use this term for resources regarding L\u012bl\u012bnoe, the goddess and younger sister of Poli\u02bbahu.<\/p>\n\n\n\n<p><strong>Mo\u02bbok\u016b\u02bbauhau | Genealogy<\/strong><\/p>\n\n\n\n<p><em>Akua | Deity:\u00a0<\/em><a href=\"https:\/\/www.hawaii.edu\/kawaihapai\/akua\/poli%ca%bbahu\/\" data-type=\"page\" data-id=\"1677\">Poli\u02bbahu<\/a><sup>1<\/sup>; Nananuu; Waiau; Kahoupok\u0101ne<\/p>\n\n\n\n<p><strong>\u02bb\u0100ina | Land\/sea<\/strong>: <a href=\"https:\/\/www.hawaii.edu\/kawaihapai\/mauna-kea\/\" data-type=\"page\" data-id=\"416\">Maunakea<\/a><sup>2<\/sup>; <a href=\"https:\/\/www.hawaii.edu\/kawaihapai\/ka-pae-%ca%bbaina-o-hawai%ca%bbi-na-kai-%ca%bbewalu\/maui\/kipahulu\/haleakala\/\" data-type=\"page\" data-id=\"768\">Haleakal\u0101<\/a>; M\u0101n\u0101, Kaua\u02bbi; <a href=\"https:\/\/www.hawaii.edu\/kawaihapai\/pu%CA%BBu-lilinoe\/\">Pu\u02bbu L\u012bl\u012bnoe (Maunakea)<\/a><\/p>\n\n\n\n<p><strong>Kinolau | Form: <\/strong>Noe; Dead fires<sup>2<\/sup>; Desolation; Snow<\/p>\n\n\n\n<p><strong>K\u016bmole | Source(s)<\/strong><\/p>\n\n\n\n<p>(1) Armitage, Kimo. <em>Akua Hawai\u02bbi\u202f: Hawaiian Gods and Their Stories<\/em>. Honolulu, Hawaii: Bishop Museum Press, 2005.<\/p>\n\n\n\n<p>(2) Westervelt, W. D. (William Drake). <em>Hawaiian Legends of Volcanoes (Mythology) Collected and Translated from the Hawaiian<\/em>. Boston, Mass: Ellis Press, 1916.<\/p>\n\n\n\n<p>(3) Pukui, Mary Kawena, and Samuel H. (Samuel Hoyt) Elbert. <em>Hawaiian Dictionary\u202f: Hawaiian-English, English-Hawaiian<\/em>. Rev. and enl. Ed. Honolulu: ¶«¾«Ó°Òµ Press, 1986.<\/p>\n\n\n\n<p><strong>Ho\u02bbopili \u02bbia i | Applied to: <\/strong> <a href=\"https:\/\/uhawaii-manoa.primo.exlibrisgroup.com\/permalink\/01UHAWAII_MANOA\/11uc19p\/alma9928517044605682\">Pele and the snow goddess<\/a>, <a href=\"https:\/\/uhawaii-manoa.primo.exlibrisgroup.com\/permalink\/01UHAWAII_MANOA\/11uc19p\/alma9925254924605682\">Lilinoe, Waiau, and Kahoupokane<\/a>, <a href=\"https:\/\/uhawaii-manoa.primo.exlibrisgroup.com\/permalink\/01UHAWAII_MANOA\/11uc19p\/alma9919350264605682\">&#8220;The story of Laieikawai&#8221;<\/a><\/p>\n\n\n\n<p><strong>Mea haku | Created by:<\/strong> Puaokamele Dizon; Annemarie Paikai.<\/p>\n","protected":false},"excerpt":{"rendered":"<p>Inoa | Name(s) L\u012bl\u012bnoe H\u014d\u02bbulu\u02bbulu mana\u02bbo He akua wahine \u02bbo L\u012bl\u012bnoe pili i ka ua noe ma n\u0101 mauna o Haleakal\u0101 a me Maunakea. \u02bbO L\u012bl\u012bnoe kekahi o n\u0101 kaikaina o Poli\u02bbahu me Waiau a me Kahoupok\u0101ne. Wahi a n\u0101 &hellip; <\/p>\n","protected":false},"author":216,"featured_media":0,"parent":925,"menu_order":17,"comment_status":"closed","ping_status":"closed","template":"","meta":{"footnotes":""},"class_list":["post-1669","page","type-page","status-publish","hentry"],"_links":{"self":[{"href":"https:\/\/www.hawaii.edu\/kawaihapai\/wp-json\/wp\/v2\/pages\/1669","targetHints":{"allow":["GET"]}}],"collection":[{"href":"https:\/\/www.hawaii.edu\/kawaihapai\/wp-json\/wp\/v2\/pages"}],"about":[{"href":"https:\/\/www.hawaii.edu\/kawaihapai\/wp-json\/wp\/v2\/types\/page"}],"author":[{"embeddable":true,"href":"https:\/\/www.hawaii.edu\/kawaihapai\/wp-json\/wp\/v2\/users\/216"}],"replies":[{"embeddable":true,"href":"https:\/\/www.hawaii.edu\/kawaihapai\/wp-json\/wp\/v2\/comments?post=1669"}],"version-history":[{"count":6,"href":"https:\/\/www.hawaii.edu\/kawaihapai\/wp-json\/wp\/v2\/pages\/1669\/revisions"}],"predecessor-version":[{"id":3000,"href":"https:\/\/www.hawaii.edu\/kawaihapai\/wp-json\/wp\/v2\/pages\/1669\/revisions\/3000"}],"up":[{"embeddable":true,"href":"https:\/\/www.hawaii.edu\/kawaihapai\/wp-json\/wp\/v2\/pages\/925"}],"wp:attachment":[{"href":"https:\/\/www.hawaii.edu\/kawaihapai\/wp-json\/wp\/v2\/media?parent=1669"}],"curies":[{"name":"wp","href":"https:\/\/api.w.org\/{rel}","templated":true}]}}