  {"id":1671,"date":"2023-11-28T08:22:54","date_gmt":"2023-11-28T18:22:54","guid":{"rendered":"https:\/\/www.hawaii.edu\/kawaihapai\/?page_id=1671"},"modified":"2024-09-04T09:14:51","modified_gmt":"2024-09-04T19:14:51","slug":"lono","status":"publish","type":"page","link":"https:\/\/www.hawaii.edu\/kawaihapai\/akua-list\/lono\/","title":{"rendered":"Lono"},"content":{"rendered":"\n<p><strong>Inoa | Name(s)<\/strong><\/p>\n\n\n\n<p>Lono <\/p>\n\n\n\n<p><strong>H\u014d\u02bbulu\u02bbulu mana\u02bbo<\/strong><\/p>\n\n\n\n<p>He akua nui \u02bbo Lono pili i ka \u02bboihana mahi\u02bbai. \u02bbIke \u02bbia kona mau h\u014d\u02bbailona ma ka lani, e la\u02bba me n\u0101 ao \u02bb\u014dpua, ka hekili, ka uila, ka ua, a me ke \u0101nuenue. Ho\u02bbola\u02bba \u02bbia \u02bbo ia e n\u0101 k\u0101naka ma n\u0101 heiau i k\u016bkulu \u02bbia e n\u0101 k\u0101huna papa Lono i mea e k\u0101hea mai ai i ka ua, ka waiwai o ka \u02bbai i mahi \u02bbia, a no ka mauli ola. \u02bbO kona mau kinolau, \u02bbo ia ka ipu, ke ao, ka \u02bbuala a me ka pua\u02bba. \u02bbIke \u02bbia \u02bbo ia ma ka mo\u02bbolelo o Kamapua\u02bba.<\/p>\n\n\n\n<p>\u02bbO ka makahiki kekahi \u02bbaha pili i\u0101 Lono, a \u02bbo Lonom\u0101kua ka inoa o ke ki\u02bbi e h\u014d\u02bbike ana i ke \u02bbano o Lono ma k\u0113ia w\u0101. Ma ka w\u0101 makahiki, lawelawe n\u0101 k\u0101naka i\u0101 Lonom\u0101kua i k\u0113l\u0101 me k\u0113ia ahupua\u02bba o ka mokupuni. H\u0101\u02bbawi n\u0101 k\u0101naka o k\u0113l\u0101 me k\u0113ia wahi i ho\u02bbokupu i\u0101 Lonom\u0101kua. \u02bbA\u02bbohe hana kaua i m\u0101lama \u02bbia ma k\u0113ia w\u0101, ak\u0101 he w\u0101 no ia e p\u0101\u02bbani i n\u0101 \u02bbano p\u0101\u02bbani Hawai\u02bbi e like me ka ulu maika, ka mokomoko, ke k\u014dnane, a me n\u0101 mea he nui wale \u02bb\u0113 a\u02bbe.<\/p>\n\n\n\n<p>Aia he mau akua i kapa \u02bbia \u02bbo Lono, e like me Lonoikamakahiki, a me Lononuinohoikawai, a aia he mau inoa \u02bb\u0113 a\u02bbe. He kuleana \u02bboko\u02bba k\u0113ia mau akua \u02bbo Lono a \u02bbike paha \u02bbia k\u0113l\u0101 kuleana ma ka inoa kiko\u02bb\u012b o ke akua.<\/p>\n\n\n\n<p><strong>Description<\/strong><\/p>\n\n\n\n<p>Lono is one of the great gods associated with agriculture. Signs of him are seen in the heavens such as rain clouds, thunder, lightning, rain, and rainbows. He is worshiped by the people at heiau built by the Lono class of priests in order to call for rain, abundant harvest, and good health. His bodily forms are the gourd, clouds, sweet potato and pigs. He is seen in the story of Kamapua\u02bba.<\/p>\n\n\n\n<p>Makahiki is a ceremony for Lono, and Lonom\u0101kua is the name of the physical manifestation of Lono during this period. During makahiki, Lonom\u0101kua is ushered by his keepers to each district. Tribute is given at each stop to Lonom\u0101kua. War activities cease during this time and recreational games are played such as ulu maika, boxing, k\u014dnane and many other games.<\/p>\n\n\n\n<p>There are other akua that are called Lono, such as Lonoikamakahiki and Lonohuinohoikawai as well as many other names. Each akua has a different jurisdiction which is seen in the make up of their specific names.<\/p>\n\n\n\n<p><strong>\u02bb\u014clelo kuhikuhi<\/strong><\/p>\n\n\n\n<p>E koho i k\u0113ia hua\u02bb\u014dlelo no n\u0101 kumuwaiwai pili i ke akua \u02bbo Lono, ma ke \u02bbano laul\u0101.<\/p>\n\n\n\n<p><strong>Instructions<\/strong><\/p>\n\n\n\n<p>Use this term for the god Lono, in a general sense.<\/p>\n\n\n\n<p><strong>Mo\u02bbok\u016b\u02bbauhau | Genealogy<\/strong><\/p>\n\n\n\n<p><em>Akua | Deity:<\/em>&nbsp;Kamapua\u02bba<\/p>\n\n\n\n<p><strong>Hana | Practice<\/strong>: <a href=\"https:\/\/www.hawaii.edu\/kawaihapai\/hana-list\/mahi-%ca%bbai\/\" data-type=\"page\" data-id=\"1731\">Mahi\u02bbai<\/a>; <a href=\"https:\/\/www.hawaii.edu\/kawaihapai\/hana-list\/%ca%bbaha-makahiki\/\" data-type=\"page\" data-id=\"1721\">\u02bbAha makahiki<\/a>; \u02bbAuhau; <a href=\"https:\/\/www.hawaii.edu\/kawaihapai\/hana-list\/noho-aupuni\/\" data-type=\"page\" data-id=\"1737\">Noho aupuni<\/a><\/p>\n\n\n\n<p><strong>Kinolau | Form:<\/strong> Ao; Ipu; Uala; Pua\u02bba; Ua<\/p>\n\n\n\n<p><strong>\u02bbAha | Ceremony: <\/strong>Makahiki<\/p>\n\n\n\n<p><strong>K\u016bmole | Source(s)<\/strong><\/p>\n\n\n\n<p>(1) Pukui, Mary Kawena, and Samuel H. (Samuel Hoyt) Elbert. <em>Hawaiian Dictionary\u202f: Hawaiian-English, English-Hawaiian<\/em>. Rev. and enl. Ed. Honolulu: ¶«¾«Ó°Òµ Press, 1986.<\/p>\n\n\n\n<p>(2) Levin, Wayne, Rowland B Reeve, Franco Salmoiraghi, and David Ulrich. <em>Kaho\u02bbolawe\u202f: N\u0101 Leo o Kanaloa\u202f: Chants and Stories of Kaho\u02bbolawe<\/em>. Honolulu: \u02bbAi P\u014dhaku Press, 1995.<\/p>\n\n\n\n<p>(3) Armitage, Kimo. <em>Akua Hawai\u02bbi\u202f: Hawaiian Gods and Their Stories<\/em>. Honolulu, Hawaii: Bishop Museum Press, 2005.<\/p>\n\n\n\n<p>(4) Beckwith, Martha Warren. <em>Hawaiian Mythology<\/em>. Honolulu: University Press of Hawaii, 1976.<\/p>\n\n\n\n<p><strong>Ho\u02bbopili \u02bbia i | Applied to: <\/strong><a href=\"https:\/\/uhawaii-manoa.primo.exlibrisgroup.com\/discovery\/fulldisplay?docid=alma9929045834605682&amp;context=L&amp;vid=01UHAWAII_MANOA:MANOA&amp;lang=en&amp;adaptor=Local%20Search%20Engine&amp;tab=Everything\" target=\"_blank\" rel=\"noreferrer noopener\">Lono and the magical land beneath the sea<\/a>; <a href=\"https:\/\/uhawaii-manoa.primo.exlibrisgroup.com\/permalink\/01UHAWAII_MANOA\/11uc19p\/alma996589384605682\">The god Lono<\/a>; <a href=\"https:\/\/uhawaii-manoa.primo.exlibrisgroup.com\/permalink\/01UHAWAII_MANOA\/11uc19p\/alma9910313099505681\">Lono&#8217;s last martyr<\/a><\/p>\n\n\n\n<p><strong>Mea haku | Created by: <\/strong>Puaokamele Dizon; Annemarie Paikai<\/p>\n","protected":false},"excerpt":{"rendered":"<p>Inoa | Name(s) Lono H\u014d\u02bbulu\u02bbulu mana\u02bbo He akua nui \u02bbo Lono pili i ka \u02bboihana mahi\u02bbai. \u02bbIke \u02bbia kona mau h\u014d\u02bbailona ma ka lani, e la\u02bba me n\u0101 ao \u02bb\u014dpua, ka hekili, ka uila, ka ua, a me ke \u0101nuenue. &hellip; <\/p>\n","protected":false},"author":216,"featured_media":0,"parent":925,"menu_order":18,"comment_status":"closed","ping_status":"closed","template":"","meta":{"footnotes":""},"class_list":["post-1671","page","type-page","status-publish","hentry"],"_links":{"self":[{"href":"https:\/\/www.hawaii.edu\/kawaihapai\/wp-json\/wp\/v2\/pages\/1671","targetHints":{"allow":["GET"]}}],"collection":[{"href":"https:\/\/www.hawaii.edu\/kawaihapai\/wp-json\/wp\/v2\/pages"}],"about":[{"href":"https:\/\/www.hawaii.edu\/kawaihapai\/wp-json\/wp\/v2\/types\/page"}],"author":[{"embeddable":true,"href":"https:\/\/www.hawaii.edu\/kawaihapai\/wp-json\/wp\/v2\/users\/216"}],"replies":[{"embeddable":true,"href":"https:\/\/www.hawaii.edu\/kawaihapai\/wp-json\/wp\/v2\/comments?post=1671"}],"version-history":[{"count":7,"href":"https:\/\/www.hawaii.edu\/kawaihapai\/wp-json\/wp\/v2\/pages\/1671\/revisions"}],"predecessor-version":[{"id":3068,"href":"https:\/\/www.hawaii.edu\/kawaihapai\/wp-json\/wp\/v2\/pages\/1671\/revisions\/3068"}],"up":[{"embeddable":true,"href":"https:\/\/www.hawaii.edu\/kawaihapai\/wp-json\/wp\/v2\/pages\/925"}],"wp:attachment":[{"href":"https:\/\/www.hawaii.edu\/kawaihapai\/wp-json\/wp\/v2\/media?parent=1671"}],"curies":[{"name":"wp","href":"https:\/\/api.w.org\/{rel}","templated":true}]}}