  {"id":1689,"date":"2023-11-28T08:52:37","date_gmt":"2023-11-28T18:52:37","guid":{"rendered":"https:\/\/www.hawaii.edu\/kawaihapai\/?page_id=1689"},"modified":"2024-09-04T07:55:03","modified_gmt":"2024-09-04T17:55:03","slug":"hana-%ca%bbupena","status":"publish","type":"page","link":"https:\/\/www.hawaii.edu\/kawaihapai\/hana-list\/hana-%ca%bbupena\/","title":{"rendered":"Hana \u02bbupena"},"content":{"rendered":"\n<p><strong>Inoa | Name(s)<\/strong><\/p>\n\n\n\n<p>Hana \u02bbupena<\/p>\n\n\n\n<p><strong>H\u014d\u02bbulu\u02bbulu mana\u02bbo<\/strong><\/p>\n\n\n\n<p>\u02bbO ka hana \u02bbupena ka ho\u02bbopa\u02bba \u02bbana i ke kaula o ka \u02bbupena, \u02bbo ia ho\u02bbi ke k\u0101 \u02bbana i ka \u02bbupena. Ho\u02bbohana \u02bbia n\u0101 \u02bbupena no ka lawai\u02bba a no n\u0101 \u02bbano hana no\u02bbeau \u02bb\u0113 a\u02bbe e pono ai ka \u02bbupena, e like paha me ka lawai\u02bbamanu a me ka halihali \u02bbana i n\u0101 ipu. He mau \u02bbano \u02bbupena i ho\u02bbohana \u02bbia no ka lawai\u02bba \u02bbana, e like ho\u02bbi me ka \u02bbupena ho\u02bbolei a me ka \u02bbupena ku\u02bbu. \u02bbO n\u0101 \u02bbano lawai\u02bba e pono ai ka \u02bbupena \u02bbo ia ka hukilau, ka lawai\u02bba k\u014dk\u014d, ka laulele, ke k\u0101he\u02bbe, ke kahekahe, ka holoholo, a me ka m\u014dk\u016b. \u02bbO kekahi \u02bb\u014dlelo p\u014dkole kaulana pili i ka waiwai o ka \u02bbupena, \u02bbo ia ho\u02bbi \u201cI ha\u02bbaheo n\u014d ka lawai\u02bba i ka lako i ka \u02bbupena,\u201d a \u02bb\u014dlelo \u02bbia k\u0113ia no ke ko\u02bbiko\u02bbi o ka maiau o n\u0101 mea e pono ai ka hana, e like me ka \u02bbupena no ka lawai\u02bba.<\/p>\n\n\n\n<p><strong>Description<\/strong><\/p>\n\n\n\n<p>Netmaking is the work of creating nets using string or rope. Nets are used for fishing and other practices such as bird catching and the carrying of gourds. There are different types of nets that are used for fishing, such as the throw net and the gill net or set net. The types of fishing that require a net include hukilau,lawai\u02bba k\u014dk\u014d, laulele, k\u0101he\u02bbe, kahehae, holoholo, and m\u014dk\u016b. A well known proverb that relays the importance of the net is \u201cI ha\u02bbaheo n\u014d ka lawai\u02bba i ka lako i ka \u02bbupena,\u201d meaning, a fisherman can be proud when well supplied with nets, demonstrating that good tools will help the worker succeed.<\/p>\n\n\n\n<p><strong>\u02bb\u014clelo kuhikuhi<\/strong><\/p>\n\n\n\n<p>E koho i k\u0113ia hua\u02bb\u014dlo no n\u0101 kumuwaiwai pili i ka hana \u02bbana i ka \u02bbupena no ka lawai\u02bba a i \u02bbole no n\u0101 hana \u02bb\u0113 a\u02bbe e pono ai ka \u02bbupena.<\/p>\n\n\n\n<p><strong>Instructions&nbsp;<\/strong><\/p>\n\n\n\n<p>Use this term for resources related to net making for fishing or other practices that require a net.<\/p>\n\n\n\n<p><strong>Hana | Practice:<\/strong> <a href=\"https:\/\/www.hawaii.edu\/kawaihapai\/hana-list\/lawai\u02bba\/\">Lawai\u02bba<\/a>; Lawai\u02bba manu; Hana k\u014dk\u014d<\/p>\n\n\n\n<p><strong>Lako | Materials + tools \/ implements:<\/strong> K\u012b\u02bbo\u02bbe: Net-mender una\/haha k\u0101 \u02bbupena:\/net gauge or spacer<\/p>\n\n\n\n<p><strong>Lawena | Behavior:<\/strong> Ku\u02bbu \u02bbupena; Huku \u02bbupena; Kiloi \u02bbupena; Ani \u02bbupena<\/p>\n\n\n\n<p><strong>K\u016bmole | Source(s)<\/strong><\/p>\n\n\n\n<p>Pukui, Mary Kawena, and Samuel H. (Samuel Hoyt) Elbert. <em>Hawaiian Dictionary\u202f: Hawaiian-English, English-Hawaiian<\/em>. Rev. and enl. Ed. Honolulu: ¶«¾«Ó°Òµ Press, 1986.<\/p>\n\n\n\n<p>Pukui, Mary Kawena. <em>\u2019Olelo No\u2019eau\u202f: Hawaiian Proverbs &amp; Poetical Sayings<\/em>. Honolulu, Hawai\u2019i: Bishop Museum Press, 1983. #1152<\/p>\n\n\n\n<p><strong>Ho\u02bbopili \u02bbia i | Applied to:&nbsp;<\/strong><a href=\"https:\/\/uhawaii-manoa.primo.exlibrisgroup.com\/permalink\/01UHAWAII_MANOA\/11uc19p\/alma9925665544605682\">Ka lawaia upena luelue; Luelue net fishing<\/a>; <a href=\"https:\/\/uhawaii-manoa.primo.exlibrisgroup.com\/permalink\/01UHAWAII_MANOA\/11uc19p\/alma9995184605682\">Hawaiian fish net making<\/a>; <a href=\"https:\/\/uhawaii-manoa.primo.exlibrisgroup.com\/permalink\/01UHAWAII_MANOA\/11uc19p\/alma9925665544605682\">Ka lawaia moi me ka upena; Moi fishing with a net<\/a>; <a href=\"https:\/\/uhawaii-manoa.primo.exlibrisgroup.com\/permalink\/01UHAWAII_MANOA\/11uc19p\/alma9925665544605682\">Ka lawaia upena pououo; P\u014duouo net fishing<\/a><\/p>\n\n\n\n<p><strong>Mea haku | Created by:<\/strong><strong>&nbsp;<\/strong>Keahiahi Long; Annemarie Paikai<\/p>\n","protected":false},"excerpt":{"rendered":"<p>Inoa | Name(s) Hana \u02bbupena H\u014d\u02bbulu\u02bbulu mana\u02bbo \u02bbO ka hana \u02bbupena ka ho\u02bbopa\u02bba \u02bbana i ke kaula o ka \u02bbupena, \u02bbo ia ho\u02bbi ke k\u0101 \u02bbana i ka \u02bbupena. Ho\u02bbohana \u02bbia n\u0101 \u02bbupena no ka lawai\u02bba a no n\u0101 \u02bbano &hellip; <\/p>\n","protected":false},"author":216,"featured_media":0,"parent":878,"menu_order":5,"comment_status":"closed","ping_status":"closed","template":"","meta":{"footnotes":""},"class_list":["post-1689","page","type-page","status-publish","hentry"],"_links":{"self":[{"href":"https:\/\/www.hawaii.edu\/kawaihapai\/wp-json\/wp\/v2\/pages\/1689","targetHints":{"allow":["GET"]}}],"collection":[{"href":"https:\/\/www.hawaii.edu\/kawaihapai\/wp-json\/wp\/v2\/pages"}],"about":[{"href":"https:\/\/www.hawaii.edu\/kawaihapai\/wp-json\/wp\/v2\/types\/page"}],"author":[{"embeddable":true,"href":"https:\/\/www.hawaii.edu\/kawaihapai\/wp-json\/wp\/v2\/users\/216"}],"replies":[{"embeddable":true,"href":"https:\/\/www.hawaii.edu\/kawaihapai\/wp-json\/wp\/v2\/comments?post=1689"}],"version-history":[{"count":4,"href":"https:\/\/www.hawaii.edu\/kawaihapai\/wp-json\/wp\/v2\/pages\/1689\/revisions"}],"predecessor-version":[{"id":3023,"href":"https:\/\/www.hawaii.edu\/kawaihapai\/wp-json\/wp\/v2\/pages\/1689\/revisions\/3023"}],"up":[{"embeddable":true,"href":"https:\/\/www.hawaii.edu\/kawaihapai\/wp-json\/wp\/v2\/pages\/878"}],"wp:attachment":[{"href":"https:\/\/www.hawaii.edu\/kawaihapai\/wp-json\/wp\/v2\/media?parent=1689"}],"curies":[{"name":"wp","href":"https:\/\/api.w.org\/{rel}","templated":true}]}}