  {"id":1699,"date":"2023-11-28T08:57:03","date_gmt":"2023-11-28T18:57:03","guid":{"rendered":"https:\/\/www.hawaii.edu\/kawaihapai\/?page_id=1699"},"modified":"2024-09-04T08:05:31","modified_gmt":"2024-09-04T18:05:31","slug":"hana-paniolo","status":"publish","type":"page","link":"https:\/\/www.hawaii.edu\/kawaihapai\/hana-list\/hana-paniolo\/","title":{"rendered":"Hana paniolo"},"content":{"rendered":"\n<p><strong>Inoa | Name(s)<\/strong><\/p>\n\n\n\n<p>Hana paniolo<\/p>\n\n\n\n<p><strong>H\u014d\u02bbulu\u02bbulu mana\u02bbo<\/strong><\/p>\n\n\n\n<p>\u02bbO ka hana paniolo he hana kaulana loa ma ka mokupuni o Hawai\u02bbi ma kahi o ke kaona o Waimea a ma ka \u02bb\u0101ina o Maunakea a ma ka mokupuni o Maui kekahi. \u02bbO n\u0101 paniolo mua o Hawai\u02bbi, a\u02bbo \u02bbia l\u0101kou e ka paniolo no Mekiko, \u02bbo ia ho\u02bbi n\u0101 Vaquero, i n\u0101 makahiki 1800 ma muli o ka nui o n\u0101 pipi \u02bb\u0101hiu i lawe \u02bbia i Hawai\u02bbi. Akamai koke n\u0101 paniolo no ke \u02bbano o ka hana paniolo, \u02bbo ia ho\u02bbi ka holo lio a hopu \u02bbana i n\u0101 pipi \u02bb\u0101hiu o ia w\u0101. \u02bbO ka ho\u02bbok\u016bk\u016b hana paniolo kekahi hanana i m\u0101lama \u02bbia ma Hawai\u02bbi mai ia w\u0101 a i k\u0113ia mau l\u0101. Kaulana loa \u02bbo Ikua Purdy, he paniolo no Waimea, i kona akamai loa i ka hana paniolo a no kona ki\u02bbi \u02bbana i ka lei o ka lanakila ma ka ho\u02bbok\u016bk\u016b hana paniolo ma Wiomina i ka makahiki 1908.<\/p>\n\n\n\n<p><strong>Description<\/strong><\/p>\n\n\n\n<p>Hana paniolo is a famed practice on the island of Hawai\u02bbi in the area of Waimea and Maunakea as well as on the island of Maui. The first paniolo of Hawai\u02bbi were taught by the cowboys of Mexico, known as Vaqueros, in the early 1800s due to the large number of wild cattle that were brought to Hawai\u02bbi. The paniolo of Hawai\u02bbi were quickly accomplished cowboys, skilled at riding, and handling the wild cattle of the time. Rodeos are events that are held here from that time all the way through today. Perhaps one of the most famous paniolo is Ikua Purdy, a cowboy from Waimea, and he is famed for his skill and for winning the 1908 rodeo world championship held in Wyoming.<\/p>\n\n\n\n<p><strong>\u02bb\u014clelo kuhikuhi<\/strong><\/p>\n\n\n\n<p>E koho i k\u0113ia hua\u02bb\u014dlelo no n\u0101&nbsp;kumuwaiwai pili i ka hana paniolo.<\/p>\n\n\n\n<p><strong>Instructions&nbsp;<\/strong><\/p>\n\n\n\n<p>Use this term for resources related to hana paniolo.<\/p>\n\n\n\n<p><strong>Mo\u02bbok\u016b\u02bbauhau | Genealogy&nbsp;<\/strong><\/p>\n\n\n\n<p><em>Kanaka | Person:<\/em> Ikua Purdy<\/p>\n\n\n\n<p><strong>\u02bb\u0100ina | Land\/sea:\u00a0<\/strong><a href=\"https:\/\/www.hawaii.edu\/kawaihapai\/ka-pae-\u02bbaina-o-hawai\u02bbi-na-kai-\u02bbewalu\/hawai\u02bbi\/kohala\/\">Kohala<\/a>; Waimea; <a href=\"https:\/\/www.hawaii.edu\/kawaihapai\/mauna-kea\/\">Maunakea;<\/a> <a href=\"https:\/\/www.hawaii.edu\/kawaihapai\/ka-pae-\u02bbaina-o-hawai\u02bbi-na-kai-\u02bbewalu\/maui\/kipahulu\/haleakala\/\">Haleakal\u0101<\/a><\/p>\n\n\n\n<p><strong>Hana | Practice:<\/strong> Hana kahu pipi<\/p>\n\n\n\n<p><strong>Lawena | Behavior:<\/strong> Holo lio<\/p>\n\n\n\n<p><strong>\u02bbA\u02bbahu | Ceremonial clothing:<\/strong> P\u0101pale<\/p>\n\n\n\n<p><strong>K\u016bmole | Source(s)<\/strong><\/p>\n\n\n\n<p>Brennan, Joe. Paniolo. Honolulu, Hawaii: Topgallant Pub. Co., 1978.<\/p>\n\n\n\n<p>Dixon, D.L. <em>The paniolo: cowboys of Hawaii<\/em>. Wild West (Leesburg, Va.). Vol. 11. Leesburg: World History Group, LLC, 1998.<\/p>\n\n\n\n<p>Pukui, Mary Kawena, and Samuel H. (Samuel Hoyt) Elbert. <em>Hawaiian Dictionary\u202f: Hawaiian-English, English-Hawaiian<\/em>. Rev. and enl. Ed. Honolulu: ¶«¾«Ó°Òµ Press, 1986.<\/p>\n\n\n\n<p>Wolman, David, and Julian Smith. Aloha Rodeo\u202f: Three Hawaiian Cowboys, the World\u2019s Greatest Rodeo, and a Hidden History of the American West. First edition. New York, NY: William Morrow, an imprint of HarperCollins Publishers, 2019.<\/p>\n\n\n\n<p><strong>Ho\u02bbopili \u02bbia i | Applied to:&nbsp;<\/strong><a href=\"https:\/\/uhawaii-manoa.primo.exlibrisgroup.com\/permalink\/01UHAWAII_MANOA\/11uc19p\/alma9924106544605682\">Na\u0304 mele paniolo = Songs of Hawaiian cowboys (CD booklet)<\/a>; <a href=\"https:\/\/uhawaii-manoa.primo.exlibrisgroup.com\/permalink\/01UHAWAII_MANOA\/11uc19p\/alma9928453924605682\">Rough riders : Hawai\u02bbi&#8217;s paniolo and their stories<\/a><\/p>\n\n\n\n<p><strong>Mea haku | Created by:<\/strong><strong>&nbsp;<\/strong>Keahiahi Long; Annemarie Paikai<\/p>\n","protected":false},"excerpt":{"rendered":"<p>Inoa | Name(s) Hana paniolo H\u014d\u02bbulu\u02bbulu mana\u02bbo \u02bbO ka hana paniolo he hana kaulana loa ma ka mokupuni o Hawai\u02bbi ma kahi o ke kaona o Waimea a ma ka \u02bb\u0101ina o Maunakea a ma ka mokupuni o Maui kekahi. &hellip; <\/p>\n","protected":false},"author":216,"featured_media":0,"parent":878,"menu_order":11,"comment_status":"closed","ping_status":"closed","template":"","meta":{"footnotes":""},"class_list":["post-1699","page","type-page","status-publish","hentry"],"_links":{"self":[{"href":"https:\/\/www.hawaii.edu\/kawaihapai\/wp-json\/wp\/v2\/pages\/1699","targetHints":{"allow":["GET"]}}],"collection":[{"href":"https:\/\/www.hawaii.edu\/kawaihapai\/wp-json\/wp\/v2\/pages"}],"about":[{"href":"https:\/\/www.hawaii.edu\/kawaihapai\/wp-json\/wp\/v2\/types\/page"}],"author":[{"embeddable":true,"href":"https:\/\/www.hawaii.edu\/kawaihapai\/wp-json\/wp\/v2\/users\/216"}],"replies":[{"embeddable":true,"href":"https:\/\/www.hawaii.edu\/kawaihapai\/wp-json\/wp\/v2\/comments?post=1699"}],"version-history":[{"count":4,"href":"https:\/\/www.hawaii.edu\/kawaihapai\/wp-json\/wp\/v2\/pages\/1699\/revisions"}],"predecessor-version":[{"id":3033,"href":"https:\/\/www.hawaii.edu\/kawaihapai\/wp-json\/wp\/v2\/pages\/1699\/revisions\/3033"}],"up":[{"embeddable":true,"href":"https:\/\/www.hawaii.edu\/kawaihapai\/wp-json\/wp\/v2\/pages\/878"}],"wp:attachment":[{"href":"https:\/\/www.hawaii.edu\/kawaihapai\/wp-json\/wp\/v2\/media?parent=1699"}],"curies":[{"name":"wp","href":"https:\/\/api.w.org\/{rel}","templated":true}]}}