  {"id":1707,"date":"2023-11-28T09:00:48","date_gmt":"2023-11-28T19:00:48","guid":{"rendered":"https:\/\/www.hawaii.edu\/kawaihapai\/?page_id=1707"},"modified":"2024-09-04T08:13:55","modified_gmt":"2024-09-04T18:13:55","slug":"ho%ca%bbokani-pila","status":"publish","type":"page","link":"https:\/\/www.hawaii.edu\/kawaihapai\/hana-list\/ho%ca%bbokani-pila\/","title":{"rendered":"Ho\u02bbokani pila"},"content":{"rendered":"\n<p><strong>Inoa | Name(s)<\/strong><\/p>\n\n\n\n<p>Ho\u02bbokani pila<\/p>\n\n\n\n<p><strong>H\u014d\u02bbulu\u02bbulu mana\u02bbo<\/strong><\/p>\n\n\n\n<p>\u02bbO ka ho\u02bbokani pila ke kani \u02bbana i n\u0101 pila ho\u02bbokani i mea e ho\u02bbokani ai i n\u0101 mele Hawai\u02bbi. \u02bbO n\u0101 pila i lohe nui \u02bbia ma ka w\u0101 kani ka pila \u02bbo ia ka \u02bbukulele paha, ke k\u012bk\u0101 paha, ka piano paha, ka waiolina k\u016b nui paha a me n\u0101 \u02bbano pila \u02bb\u0113 a\u02bbe. Ho\u02bbokani \u02bbia n\u0101 pila no ka po\u02bbe hula, no ka \u02bbaha mele, a no ka nanea \u02bbana. He mea laha loa ka ho\u02bbokani pila \u02bbana mai \u02bb\u014d a \u2018\u014d o ka pae \u02bb\u0101ina o Hawai\u02bbi.<\/p>\n\n\n\n<p><strong>Description<\/strong><\/p>\n\n\n\n<p>Playing music refers to playing Hawaiian music with musical instruments. Commonly heard instruments include the \u02bbukulele, guitar, piano, and the stand up bass as well as other kinds of instruments. Music is played for hula performances, music concerts, and for general enjoyment. It is common to hear Hawaiian music played formally and informally across Hawai\u02bbi.<\/p>\n\n\n\n<p><strong>\u02bb\u014clelo kuhikuhi<\/strong><\/p>\n\n\n\n<p>E koho i k\u0113ia hua\u02bb\u014dlelo no n\u0101 kumuwaiwai pili i ka ho\u02bbokani pila a me ka mele Hawai\u02bbi.<\/p>\n\n\n\n<p><strong>Instructions&nbsp;<\/strong><\/p>\n\n\n\n<p>Use this term for sources regarding Hawaiian music and specifically playing Hawaiian music.<\/p>\n\n\n\n<p><strong>\u02bb\u0100ina | Land\/sea:&nbsp;<\/strong>Waik\u012bk\u012b<\/p>\n\n\n\n<p><strong>Hana | Practice:<\/strong> <a href=\"https:\/\/www.hawaii.edu\/kawaihapai\/hana-list\/hula\/\">Hula<\/a><\/p>\n\n\n\n<p><strong>Lako | Materials + tools \/ implements:<\/strong> K\u012bk\u0101; \u02bbUkulele; K\u012bk\u0101 kila; Piano; Waiolina k\u016b nui<\/p>\n\n\n\n<p><strong>Lawena | Behavior:<\/strong> Kani<\/p>\n\n\n\n<p><strong>K\u016bmole | Source(s)<\/strong><\/p>\n\n\n\n<p><\/p>\n\n\n\n<p><strong>Ho\u02bbopili \u02bbia i | Applied to:&nbsp;<\/strong><a href=\"https:\/\/uhawaii-manoa.primo.exlibrisgroup.com\/permalink\/01UHAWAII_MANOA\/11uc19p\/alma9943189204605682\">K\u012bk\u0101 Kila : How the Hawaiian Steel Guitar Changed the Sound of Modern Music<\/a>; <a href=\"https:\/\/uhawaii-manoa.primo.exlibrisgroup.com\/permalink\/01UHAWAII_MANOA\/11uc19p\/alma99103754605682\">Hawaiian mood: ukulele artistry of Oahata-san<\/a><\/p>\n\n\n\n<p><strong>Mea haku | Created by:<\/strong><strong>&nbsp;<\/strong>Keahiahi Long; Annemarie Paikai<\/p>\n","protected":false},"excerpt":{"rendered":"<p>Inoa | Name(s) Ho\u02bbokani pila H\u014d\u02bbulu\u02bbulu mana\u02bbo \u02bbO ka ho\u02bbokani pila ke kani \u02bbana i n\u0101 pila ho\u02bbokani i mea e ho\u02bbokani ai i n\u0101 mele Hawai\u02bbi. \u02bbO n\u0101 pila i lohe nui \u02bbia ma ka w\u0101 kani ka pila &hellip; <\/p>\n","protected":false},"author":216,"featured_media":0,"parent":878,"menu_order":16,"comment_status":"closed","ping_status":"closed","template":"","meta":{"footnotes":""},"class_list":["post-1707","page","type-page","status-publish","hentry"],"_links":{"self":[{"href":"https:\/\/www.hawaii.edu\/kawaihapai\/wp-json\/wp\/v2\/pages\/1707","targetHints":{"allow":["GET"]}}],"collection":[{"href":"https:\/\/www.hawaii.edu\/kawaihapai\/wp-json\/wp\/v2\/pages"}],"about":[{"href":"https:\/\/www.hawaii.edu\/kawaihapai\/wp-json\/wp\/v2\/types\/page"}],"author":[{"embeddable":true,"href":"https:\/\/www.hawaii.edu\/kawaihapai\/wp-json\/wp\/v2\/users\/216"}],"replies":[{"embeddable":true,"href":"https:\/\/www.hawaii.edu\/kawaihapai\/wp-json\/wp\/v2\/comments?post=1707"}],"version-history":[{"count":3,"href":"https:\/\/www.hawaii.edu\/kawaihapai\/wp-json\/wp\/v2\/pages\/1707\/revisions"}],"predecessor-version":[{"id":3038,"href":"https:\/\/www.hawaii.edu\/kawaihapai\/wp-json\/wp\/v2\/pages\/1707\/revisions\/3038"}],"up":[{"embeddable":true,"href":"https:\/\/www.hawaii.edu\/kawaihapai\/wp-json\/wp\/v2\/pages\/878"}],"wp:attachment":[{"href":"https:\/\/www.hawaii.edu\/kawaihapai\/wp-json\/wp\/v2\/media?parent=1707"}],"curies":[{"name":"wp","href":"https:\/\/api.w.org\/{rel}","templated":true}]}}