  {"id":1737,"date":"2023-11-28T09:16:42","date_gmt":"2023-11-28T19:16:42","guid":{"rendered":"https:\/\/www.hawaii.edu\/kawaihapai\/?page_id=1737"},"modified":"2024-09-04T08:57:49","modified_gmt":"2024-09-04T18:57:49","slug":"noho-aupuni","status":"publish","type":"page","link":"https:\/\/www.hawaii.edu\/kawaihapai\/hana-list\/noho-aupuni\/","title":{"rendered":"Noho aupuni"},"content":{"rendered":"\n<p><strong>Inoa | Name(s)<\/strong><\/p>\n\n\n\n<p>Noho aupuni<\/p>\n\n\n\n<p><strong>H\u014d\u02bbulu\u02bbulu mana\u02bbo<\/strong><\/p>\n\n\n\n<p>\u02bbO ka hana a ke ali\u02bbi a me ka m\u014d\u02bb\u012b \u02bbo ia ka ho\u02bbomalu i n\u0101 maka\u02bb\u0101inana o kona aupuni, a \u02bbo p\u0113l\u0101 ka noho aupuni \u02bbana. \u02bbO kekahi o n\u0101 ali\u02bbi a m\u014d\u02bb\u012b kaulana o ka w\u0101 noho aupuni Hawai\u02bbi, \u02bbo ia o Kamehameha Pai\u02bbea, Liholiho, Kauikeaouli, Alexander Liholiho, Lot Kapu\u0101iwa, Lunalilo, Kal\u0101kaua, a me Lili\u02bbuokalani. \u02bbO n\u0101 wahi kaulana no k\u0113ia au o ka noho aupuni Hawai\u02bbi, \u02bbo ia \u02bbo L\u0101hain\u0101 ma Maui a me ka hale ali\u02bbi o \u02bbIolani, ma Honolulu.<\/p>\n\n\n\n<p><strong>Description<\/strong><\/p>\n\n\n\n<p>Noho aupuni is the act of a chief or monarch reigning over their people. Some of the famous monarchs of recent times during the kingdom era include Kamehameha Pai\u02bbea, Liholiho, Kauikeaouli, Alexander Liholiho, Lot Kapu\u0101iwa, Lunalilo, Kal\u0101kaua, and Lili\u02bbuokalani. L\u0101hain\u0101 on Maui and \u02bbIolani Palace in Honolulu are the famed places where contemporary rule occurred during the Hawaiian Kingdom period.<\/p>\n\n\n\n<p><strong>\u02bb\u014clelo kuhikuhi<\/strong><\/p>\n\n\n\n<p>E koho i k\u0113ia hua\u02bb\u014dlelo no n\u0101 kumuwaiwai pili i ka w\u0101 noho aupuni o Hawai\u02bbi a no n\u0101 ali\u02bbi a m\u014d\u02bb\u012b paha i noho aupuni ai.<\/p>\n\n\n\n<p><strong>Instructions&nbsp;<\/strong><\/p>\n\n\n\n<p>Use this term for resources related to the Hawaiian Kingdom period as well as for any chief or monarch who ruled in Hawai\u02bbi.<\/p>\n\n\n\n<p><strong>Mo\u02bbok\u016b\u02bbauhau | Genealogy&nbsp;<\/strong><\/p>\n\n\n\n<p><em>Kanaka | Person:<\/em> Kamehameha Pai\u02bbea; Liholiho; Kauikeaouli; Alexander Liholiho; Lot Kapu\u0101iwa; Lunalilo; Kal\u0101kaua; Lili\u02bbuokalani<\/p>\n\n\n\n<p><strong>\u02bb\u0100ina | Land\/sea:\u00a0<\/strong><a href=\"https:\/\/www.hawaii.edu\/kawaihapai\/lahaina\/\">L\u0101hain\u0101<\/a>; Honolulu<\/p>\n\n\n\n<p><strong>Hana | Practice:<\/strong> K\u0101lai\u02bb\u0101ina<\/p>\n\n\n\n<p><strong>K\u016bkulu | Built environment:<\/strong> Ka Hale Ali\u02bbi \u02bbo \u02bbIolani<\/p>\n\n\n\n<p><strong>K\u016blana | Title\/rank<\/strong>; M\u014d\u02bb\u012b; Ali\u02bbi<\/p>\n\n\n\n<p><strong>K\u016bmole | Source(s)<\/strong><\/p>\n\n\n\n<p>Pukui, Mary Kawena, and Samuel H. (Samuel Hoyt) Elbert. <em>Hawaiian Dictionary\u202f: Hawaiian-English, English-Hawaiian<\/em>. Rev. and enl. Ed. Honolulu: ¶«¾«Ó°Òµ Press, 1986.<\/p>\n\n\n\n<p><strong>Ho\u02bbopili \u02bbia i | Applied to:<\/strong> <a href=\"https:\/\/uhawaii-manoa.primo.exlibrisgroup.com\/permalink\/01UHAWAII_MANOA\/11uc19p\/alma996019024605682\">Na mo\u02bbi o Kaho\u02bbolawe<\/a>; <a href=\"https:\/\/uhawaii-manoa.primo.exlibrisgroup.com\/permalink\/01UHAWAII_MANOA\/11uc19p\/alma9951246222205682\">Ke kumu aupuni = The foundation of Hawaiian nationhood<\/a><\/p>\n\n\n\n<p><strong>Mea haku | Created by:<\/strong><strong>&nbsp;<\/strong>Keahiahi Long; Annemarie Paikai<\/p>\n","protected":false},"excerpt":{"rendered":"<p>Inoa | Name(s) Noho aupuni H\u014d\u02bbulu\u02bbulu mana\u02bbo \u02bbO ka hana a ke ali\u02bbi a me ka m\u014d\u02bb\u012b \u02bbo ia ka ho\u02bbomalu i n\u0101 maka\u02bb\u0101inana o kona aupuni, a \u02bbo p\u0113l\u0101 ka noho aupuni \u02bbana. \u02bbO kekahi o n\u0101 ali\u02bbi a &hellip; <\/p>\n","protected":false},"author":216,"featured_media":0,"parent":878,"menu_order":31,"comment_status":"closed","ping_status":"closed","template":"","meta":{"footnotes":""},"class_list":["post-1737","page","type-page","status-publish","hentry"],"_links":{"self":[{"href":"https:\/\/www.hawaii.edu\/kawaihapai\/wp-json\/wp\/v2\/pages\/1737","targetHints":{"allow":["GET"]}}],"collection":[{"href":"https:\/\/www.hawaii.edu\/kawaihapai\/wp-json\/wp\/v2\/pages"}],"about":[{"href":"https:\/\/www.hawaii.edu\/kawaihapai\/wp-json\/wp\/v2\/types\/page"}],"author":[{"embeddable":true,"href":"https:\/\/www.hawaii.edu\/kawaihapai\/wp-json\/wp\/v2\/users\/216"}],"replies":[{"embeddable":true,"href":"https:\/\/www.hawaii.edu\/kawaihapai\/wp-json\/wp\/v2\/comments?post=1737"}],"version-history":[{"count":3,"href":"https:\/\/www.hawaii.edu\/kawaihapai\/wp-json\/wp\/v2\/pages\/1737\/revisions"}],"predecessor-version":[{"id":3057,"href":"https:\/\/www.hawaii.edu\/kawaihapai\/wp-json\/wp\/v2\/pages\/1737\/revisions\/3057"}],"up":[{"embeddable":true,"href":"https:\/\/www.hawaii.edu\/kawaihapai\/wp-json\/wp\/v2\/pages\/878"}],"wp:attachment":[{"href":"https:\/\/www.hawaii.edu\/kawaihapai\/wp-json\/wp\/v2\/media?parent=1737"}],"curies":[{"name":"wp","href":"https:\/\/api.w.org\/{rel}","templated":true}]}}