  {"id":651,"date":"2023-06-11T16:20:12","date_gmt":"2023-06-12T02:20:12","guid":{"rendered":"https:\/\/www.hawaii.edu\/kawaihapai\/?page_id=651"},"modified":"2024-05-24T10:56:24","modified_gmt":"2024-05-24T20:56:24","slug":"hawai%ca%bbi","status":"publish","type":"page","link":"https:\/\/www.hawaii.edu\/kawaihapai\/ka-pae-%ca%bbaina-o-hawai%ca%bbi-na-kai-%ca%bbewalu\/hawai%ca%bbi\/","title":{"rendered":"Hawai\u02bbi"},"content":{"rendered":"\n<p><strong>Inoa | Name(s)<\/strong><\/p>\n\n\n\n<p>Hawai\u02bbi, Hawai\u02bbi kua uli, Hawai\u02bbi nui kua uli, Hawai\u02bbi nui o Keawe, Moku o Keawe, Big Island<\/p>\n\n\n\n<p><strong>Hi\u02bbona \u02bb\u0101ina | Land characteristic: <\/strong>Mokupuni<\/p>\n\n\n\n<p><strong>Hi\u02bbona \u02bb\u0101ina o loko o k\u0113ia wahi<\/strong> <strong>| Feature(s) located within this place: <\/strong><a href=\"https:\/\/www.hawaii.edu\/kawaihapai\/ka-pae-\u02bbaina-o-hawai\u02bbi-na-kai-\u02bbewalu\/hawai\u02bbi\/hilo\/\">Hilo;<\/a> <a href=\"https:\/\/www.hawaii.edu\/kawaihapai\/puna\/\">Puna (Hawai\u02bbi)<\/a>; <a href=\"https:\/\/www.hawaii.edu\/kawaihapai\/ka-pae-\u02bbaina-o-hawai\u02bbi-na-kai-\u02bbewalu\/hawai\u02bbi\/ka\u02bbu\/\">Ka\u02bb\u016b<\/a>; <a href=\"https:\/\/www.hawaii.edu\/kawaihapai\/kona\/\">Kona (Hawai\u02bbi)<\/a>; <a href=\"https:\/\/www.hawaii.edu\/kawaihapai\/ka-pae-\u02bbaina-o-hawai\u02bbi-na-kai-\u02bbewalu\/hawai\u02bbi\/kohala\/\">Kohala<\/a>; <a href=\"https:\/\/www.hawaii.edu\/kawaihapai\/ka-pae-\u02bbaina-o-hawai\u02bbi-na-kai-\u02bbewalu\/hawai\u02bbi\/hamakua\/\">H\u0101m\u0101kua<\/a>; <a href=\"https:\/\/www.hawaii.edu\/kawaihapai\/mauna-kea\/\">Maunakea<\/a>; <a href=\"https:\/\/www.hawaii.edu\/kawaihapai\/mauna-loa\/\">Mauna Loa<\/a>; <a href=\"https:\/\/www.hawaii.edu\/kawaihapai\/ka-pae-\u02bbaina-o-hawai\u02bbi-na-kai-\u02bbewalu\/hawai\u02bbi\/hamakua\/kilauea\/\">K\u012blauea<\/a>; Hualalai<\/p>\n\n\n\n<p><strong>Hi\u02bbona\u00a0 \u02bb\u0101ina nona k\u0113ia wahi | Feature(s) that contain this place:<\/strong> <a href=\"https:\/\/www.hawaii.edu\/kawaihapai\/ka-pae-\u02bbaina-o-hawai\u02bbi-na-kai-\u02bbewalu\/\">Pae \u02bb\u0101ina o Hawai\u02bbi<\/a><\/p>\n\n\n\n<p><strong>H\u014d\u02bbulu\u02bbulu mana\u02bbo<\/strong><\/p>\n\n\n\n<p>\u02bbO Hawai\u02bbi ka mokupuni nui loa o ka pae \u02bb\u0101ina o Hawai\u02bbi. Aia ma ka \u02bbao\u02bbao hema o ka pae \u02bb\u0101ina. \u02bbO W\u0101kea l\u0101ua \u02bbo Papah\u0101naumoku ka makua o Hawai\u02bbi. Kapa \u02bbia k\u0113ia mokupuni i\u0101 Hawai\u02bbi Nui Kua Uli a me Moku o Keawe a i k\u0113ia mau l\u0101 lohe p\u016b \u02bbia \u02bbo Big Island \u02bbO Maunakea ka mauna ki\u02bbeki\u02bbe loa o ka mokupuni. . Mau n\u014d ka h\u016b \u02bbana o ka pele ma \u02bbelua wahi o Hawai\u02bbii, \u02bbo ia ho\u02bbi \u02bbo Mauna Loa a me K\u012blauea. \u02bbO Moku\u02bb\u0101weoweo ka home \u02bbo Pele. Aia ma laila k\u0101na lua pele ma Mauna Loa. \u02bbO Hualalai kekahi mauna nui o k\u0113ia mokupuni a aia ma ka \u02bbao\u02bbao kona o Hawai\u02bbi. \u02bbO \u02bbAlenuih\u0101h\u0101 ke kai ma waena o Hawai\u02bbi a me Maui. No Kohala ma Hawai\u02bbi \u02bbo Kamehameha Pai\u02bbea, ke ali\u02bbi kaulana loa o k\u0113ia pae \u02bb\u0101ina. Kaulana k\u0113ia mokupuni no ka ulu \u02bbana o n\u0101 kumu \u02bb\u014dhi\u02bba a me ka nani o n\u0101 lehua.&nbsp;<\/p>\n\n\n\n<p><strong>Description<\/strong><\/p>\n\n\n\n<p>Largest island in the Hawaiian group, 76 miles wide, 93 miles long, with an area of 4,038 square miles and a population in 1970 of 63,468. Hilo is the major town and county seat. County and collective name for the entire island group (1970 population 769,913). This name occurs in many parts of Polynesia (Havaiki: New Zealand, North Marquesas; \u02bbAvaiki: Cook Islands; Savai\u02bbi: Samoa). In some areas, but not in Hawai\u02bbi, it is the name of the homeland, or of the underworld to which the dead went. Epithets for the island of Hawai\u02bbi: Hawai\u02bbi nui a Keawe, great Hawai\u02bbi of Keawe (a chief); Hawai\u02bbi kua uli (PH 222), green-backed Hawai\u02bbi. (Place Names of Hawai\u02bbi)<\/p>\n\n\n\n<p><strong>\u02bb\u014clelo kuhikuhi<\/strong> <\/p>\n\n\n\n<p>E koho i ka hua\u02bb\u014dlelo \u02bbo &#8220;Hawai\u02bbi&#8221; no n\u0101 kumuwawiwai pili i ka mokupuni o Hawai\u02bbi. E koho i\u0101 \u201cKa Pae \u02bb\u0100ina o Hawai\u02bbi\u201d no n\u0101 kumuwaiwai pili i ka pae \u02bb\u0101ina o Hawai\u02bbi, a i \u02bbole i ka moku \u02bb\u0101ina o Hawai\u02bbi.&nbsp;<\/p>\n\n\n\n<p><strong>Instructions<\/strong><\/p>\n\n\n\n<p>Choose this term for any resources about the island of Hawai\u02bbi within the Hawaiian archipelago. Not to be confused with &#8220;Pae \u02bb\u0101ina o Hawai\u02bbi&#8221; or &#8220;Moku \u02bb\u02bb\u0101ina o Hawai\u02bbi&#8221;<\/p>\n\n\n\n<p><strong>Mo\u02bbok\u016b\u02bbauhau | Genealogy<\/strong><\/p>\n\n\n\n<p><em>Akua | Deity:<\/em> <a href=\"https:\/\/www.hawaii.edu\/kawaihapai\/akua\/pelehonuamea\/\">Pele<\/a>; <a href=\"https:\/\/www.hawaii.edu\/kawaihapai\/akua\/lilinoe\/\">L\u012bl\u012bnoe<\/a>; Waiau; <a href=\"https:\/\/www.hawaii.edu\/kawaihapai\/akua\/wakea\/\">W\u0101kea<\/a>; \u02bbUmi; L\u012bloa; <a href=\"https:\/\/www.hawaii.edu\/kawaihapai\/akua\/hi%CA%BBiakaikapoliopele\/\">Hi\u02bbiakaikapoliopele<\/a>; <a href=\"https:\/\/www.hawaii.edu\/kawaihapai\/akua\/poli%CA%BBahu\/\">Poli\u02bbahu<\/a><\/p>\n\n\n\n<p><em><em>H\u0101lau<\/em> | Group\/school:<\/em> Hale o Keawe<\/p>\n\n\n\n<p><em>\u02bbOhana | Family:<\/em> Kanaka\u02bbole; Kamehameha; Kahoupok\u0101ne; , Kalani\u02bb\u014dpu\u02bbu; Alapa\u02bbinui; Kek\u016bhaupi\u02bbo\u00a0<\/p>\n\n\n\n<p><strong>Hana | Practice<\/strong>: <a href=\"https:\/\/www.hawaii.edu\/kawaihapai\/hana-list\/mahi-%ca%bbai\/\">Mahi\u02bbai<\/a>; <a href=\"https:\/\/www.hawaii.edu\/kawaihapai\/hana-list\/lawai%CA%BBa\/\">Lawai\u02bba<\/a>, <a href=\"https:\/\/www.hawaii.edu\/kawaihapai\/hana-list\/hula\/\">Hula<\/a>; <a href=\"https:\/\/www.hawaii.edu\/kawaihapai\/hana-list\/he%ca%bbe-nalu\/\">He\u02bbe nalu<\/a><\/p>\n\n\n\n<p><strong>K\u016bmole | Source(s)<\/strong><\/p>\n\n\n\n<p><a href=\"https:\/\/ulukau.org\/ulukau-books\/?a=d&amp;d=EBOOK-PEPN.2.1.1&amp;e=-------haw-20--1--txt-txPT-----------\">Pukui, Mary Kawena, Samuel H. (Samuel Hoyt) Elbert, and Esther T. Mookini. Place Names of Hawaii. Rev. and enl. Ed. Honolulu: University Press of Hawaii, 1976. Ulukau: The Hawaiian Electronic Library.<\/a><\/p>\n\n\n\n<p><strong>Ho\u02bbopili \u02bbia i | Applied to: <\/strong><a href=\"https:\/\/uhawaii-manoa.primo.exlibrisgroup.com\/permalink\/01UHAWAII_MANOA\/11uc19p\/alma99160394605682\">Ka hoike a na Komisina no ka Hoeueu i na Loaa Mahiai Kuloko no ke Aupuni. Ka mokupuni o Hawaii<\/a>, <a href=\"https:\/\/uhawaii-manoa.primo.exlibrisgroup.com\/permalink\/01UHAWAII_MANOA\/11uc19p\/alma9911859364605682\">Woman of the fire and woman of the water<\/a>, <a href=\"https:\/\/uhawaii-manoa.primo.exlibrisgroup.com\/discovery\/fulldisplay?docid=cdi_crossref_primary_10_1353_hjh_2016_0001&amp;context=PC&amp;vid=01UHAWAII_MANOA:MANOA&amp;lang=en&amp;search_scope=DN_and_CI&amp;adaptor=Primo%20Central&amp;tab=Everything&amp;query=any%2Ccontains%2Chawaiian%20hunting&amp;offset=0\">Some Traditional Native Hawaiian Bird Hunting Practices on Hawai\u2018i Island<\/a><\/p>\n\n\n\n<p><strong>Mea haku | Created by: <\/strong>Na ka hui \u02bbimi na\u02bbauao o Ka Wai H\u0101pai<\/p>\n","protected":false},"excerpt":{"rendered":"<p>Inoa | Name(s) Hawai\u02bbi, Hawai\u02bbi kua uli, Hawai\u02bbi nui kua uli, Hawai\u02bbi nui o Keawe, Moku o Keawe, Big Island Hi\u02bbona \u02bb\u0101ina | Land characteristic: Mokupuni Hi\u02bbona \u02bb\u0101ina o loko o k\u0113ia wahi | Feature(s) located within this place: Hilo; &hellip; <\/p>\n","protected":false},"author":216,"featured_media":0,"parent":757,"menu_order":0,"comment_status":"closed","ping_status":"closed","template":"","meta":{"footnotes":""},"class_list":["post-651","page","type-page","status-publish","hentry"],"_links":{"self":[{"href":"https:\/\/www.hawaii.edu\/kawaihapai\/wp-json\/wp\/v2\/pages\/651","targetHints":{"allow":["GET"]}}],"collection":[{"href":"https:\/\/www.hawaii.edu\/kawaihapai\/wp-json\/wp\/v2\/pages"}],"about":[{"href":"https:\/\/www.hawaii.edu\/kawaihapai\/wp-json\/wp\/v2\/types\/page"}],"author":[{"embeddable":true,"href":"https:\/\/www.hawaii.edu\/kawaihapai\/wp-json\/wp\/v2\/users\/216"}],"replies":[{"embeddable":true,"href":"https:\/\/www.hawaii.edu\/kawaihapai\/wp-json\/wp\/v2\/comments?post=651"}],"version-history":[{"count":22,"href":"https:\/\/www.hawaii.edu\/kawaihapai\/wp-json\/wp\/v2\/pages\/651\/revisions"}],"predecessor-version":[{"id":2619,"href":"https:\/\/www.hawaii.edu\/kawaihapai\/wp-json\/wp\/v2\/pages\/651\/revisions\/2619"}],"up":[{"embeddable":true,"href":"https:\/\/www.hawaii.edu\/kawaihapai\/wp-json\/wp\/v2\/pages\/757"}],"wp:attachment":[{"href":"https:\/\/www.hawaii.edu\/kawaihapai\/wp-json\/wp\/v2\/media?parent=651"}],"curies":[{"name":"wp","href":"https:\/\/api.w.org\/{rel}","templated":true}]}}