  {"id":665,"date":"2023-06-11T16:40:14","date_gmt":"2023-06-12T02:40:14","guid":{"rendered":"https:\/\/www.hawaii.edu\/kawaihapai\/?page_id=665"},"modified":"2024-05-24T12:46:05","modified_gmt":"2024-05-24T22:46:05","slug":"kaua%ca%bbi","status":"publish","type":"page","link":"https:\/\/www.hawaii.edu\/kawaihapai\/ka-pae-%ca%bbaina-o-hawai%ca%bbi-na-kai-%ca%bbewalu\/kaua%ca%bbi\/","title":{"rendered":"Kaua\u02bbi"},"content":{"rendered":"\n<p><strong><strong>Inoa | Name(s)<\/strong><\/strong><\/p>\n\n\n\n<p>Kaua\u02bbi; Manokalanip\u014d; Kaua\u02bbi o Manokalanip\u014d<\/p>\n\n\n\n<p><strong>Hi\u02bbona \u02bb\u0101ina | Land characteristic:<\/strong> Mokupuni<\/p>\n\n\n\n<p><strong>Hi\u02bbona \u02bb\u0101ina o loko o k\u0113ia wahi | Feature(s) located within this place:<\/strong> <a href=\"https:\/\/www.hawaii.edu\/kawaihapai\/napali\/\">N\u0101pali<\/a>, <a href=\"https:\/\/www.hawaii.edu\/kawaihapai\/ka-pae-\u02bbaina-o-hawai\u02bbi-na-kai-\u02bbewalu\/kaua\u02bbi\/halele\u02bba\/\">Halele\u02bba,<\/a> <a href=\"https:\/\/www.hawaii.edu\/kawaihapai\/ka-pae-\u02bbaina-o-hawai\u02bbi-na-kai-\u02bbewalu\/kaua\u02bbi\/ko\u02bbolau-kaua\u02bbi\/\">Ko\u02bbolau (Kaua\u02bbi)<\/a>, <a href=\"https:\/\/www.hawaii.edu\/kawaihapai\/puna-kaua\u02bbi\/\">Puna (Kaua\u02bbi)<\/a> <a href=\"https:\/\/www.hawaii.edu\/kawaihapai\/kona-kaua\u02bbi\/\">Kona (Kaua\u02bbi)<\/a>, <a href=\"https:\/\/www.hawaii.edu\/kawaihapai\/ka-pae-\u02bbaina-o-hawai\u02bbi-na-kai-\u02bbewalu\/kaua\u02bbi\/wai\u02bbale\u02bbale\/\">Wai\u02bbale\u02bbale<\/a><\/p>\n\n\n\n<p><strong>Hi\u02bbona \u02bb\u0101ina nona k\u0113ia wahi | Feature(s) that contain this place:<\/strong> <a href=\"https:\/\/www.hawaii.edu\/kawaihapai\/ka-pae-\u02bbaina-o-hawai\u02bbi-na-kai-\u02bbewalu\/\">Pae \u02bb\u0101ina o Hawai\u02bbi<\/a><\/p>\n\n\n\n<p><strong>H\u014d\u02bbulu\u02bbulu mana\u02bbo<\/strong><\/p>\n\n\n\n<p>He mokupuni k\u0113ia ma ka pae \u02bb\u0101ina o Hawai\u02bbi ma kahi o Ni\u02bbihau a me O\u02bbahu. Kapa p\u016b \u02bbia k\u0113ia wahi \u02bbO Manokalanip\u014d a i \u02bbole Kaua\u02bbi o Manokalanip\u014d, no kekahi ali\u02bbi nui o k\u0113l\u0101 wahi. Wahi a ka mele ko\u02bbihonua \u02bbO W\u0101kea noho i\u0101 Papah\u0101naumoku, he keiki n\u014d \u02bbo Kaua\u02bbi a W\u0101kea l\u0101ua \u02bbo Papah\u0101naumoku. \u02bbO Wai\u02bbale\u02bbale ke kuahiwi nui \u02bbo Kaua\u02bbi a \u02bbO Kawaikini kekahi kuahiwi nui \u02bbo k\u0113ia mokupuni. Kaulana p\u016b \u02bbo Wai\u02bbale\u02bbale i ka ua nui. He \u02bbelua kai e puni ana i ka mokupuni o Kaua\u02bbi: \u02bbO Ka\u02bbie\u02bbiewaho ke kai ma waena \u02bbo Kaua\u02bbi a me O\u02bbahu a \u02bbO Kaulakahi ke kai ma waena o Kaua\u02bbi a me Ni\u02bbihau. \u02bbO H\u0101\u02bbena kekahi wahi kaulan ma muli o ko Hi\u02bbiakaikapoliopele huaka\u02bbi i H\u0101\u02bbena no kona kaikua\u02bbana \u02bbo Pele i mea e ki\u02bbi a h\u014d\u02bbola ai i k\u0101na k\u0101ne \u02bbO Lohi\u02bbau. He wahi kapu \u02bbo H\u0101\u02bbena no n\u0101 po\u02bbe hula. \u02bbO ka pua mokihana kahi pua i ho\u02bbohanohano nui \u02bbia ma Kaua\u02bbi.&nbsp;<\/p>\n\n\n\n<p><strong>Description<\/strong><\/p>\n\n\n\n<p>Island and county (33 miles long, 25 miles wide, with an area of 553 square miles and a 1970 population of 29,524). L\u012bhu\u02bbe is the major town and the county seat. Epithet: Kaua\u02bbi o Manokalanip\u014d, Kaua\u02bbi of Manokalanip\u014d (an ancient chief; literally, the innumerable dark heavens) (Place Names of Hawai\u02bbi)<\/p>\n\n\n\n<p><strong>\u02bb\u014clelo kuhikuhi<\/strong><\/p>\n\n\n\n<p>E koho i\u0101 &#8220;Kaua\u02bbi&#8221; no n\u0101 kumuwaiwai pili i ka mokupuni o Kaua\u02bbi.&nbsp;<\/p>\n\n\n\n<p><strong>Instructions<\/strong><\/p>\n\n\n\n<p>Use for resource about the entire island of Kaua\u02bbi. For resources about a more specific area, consult the terms in <strong>Hi\u02bbona \u02bb\u0101ina o loko o k\u0113ia wahi<\/strong>. <\/p>\n\n\n\n<p><strong><strong>Mo\u02bbok\u016b\u02bbauhau | Genealogy<\/strong><\/strong><\/p>\n\n\n\n<p><em>Akua | Deity:<\/em> <a href=\"https:\/\/www.hawaii.edu\/kawaihapai\/akua\/hi%ca%bbiakaikapoliopele\/\" data-type=\"page\" data-id=\"940\">Hi\u02bbiakaikapoliopele<\/a>; <a href=\"https:\/\/www.hawaii.edu\/kawaihapai\/akua\/pelehonuamea\/\" data-type=\"page\" data-id=\"933\">Pele<\/a>; Lohi\u02bbau<\/p>\n\n\n\n<p><em>Kanaka | Person:<\/em> Kaumuali\u02bbi; \u02bbAiwohikupua; Man\u014dkalanip\u014d<\/p>\n\n\n\n<p><strong><strong>Hana | Practice:<\/strong><\/strong> <a href=\"https:\/\/www.hawaii.edu\/kawaihapai\/hana-list\/hula\/\" data-type=\"page\" data-id=\"918\">Hula<\/a><\/p>\n\n\n\n<p><strong><strong>K\u016bmole | Source(s)<\/strong><\/strong><\/p>\n\n\n\n<p><a href=\"https:\/\/puke.ulukau.org\/ulukau-books\/?a=d&amp;d=EBOOK-ATLAS.2.1.1&amp;e=-------en-20--1--txt-txPT-atlas+of+hawaii----------EBOOK%252DATLAS\">Juvik, Sonia P., James O. Juvik, and Thomas R. Paradise. \u201cAtlas of Hawai\u02bbi.\u201d Honolulu: University of Hawai\u02bbi Press, 1998. Ulukau: The Hawaiian Electronic Library. <\/a><\/p>\n\n\n\n<p><a href=\"https:\/\/puke.ulukau.org\/ulukau-books\/?a=d&amp;d=EBOOK-PEPN.2.3.14.33&amp;e=-------en-20--1--txt-txPT-----------\">&#8220;Kaua\u02bbi,&#8221; Pukui, Mary Kawena, Samuel H. (Samuel Hoyt) Elbert, and Esther T. Mookini. Place Names of Hawaii. Rev. and enl. Ed. Honolulu: University Press of Hawaii, 1976. Ulukau: The Hawaiian Electronic Library.<\/a><\/p>\n\n\n\n<p><strong><strong>Ho\u02bbopili \u02bbia i | Applied to :<\/strong><\/strong><a href=\"https:\/\/uhawaii-manoa.primo.exlibrisgroup.com\/permalink\/01UHAWAII_MANOA\/11uc19p\/alma9935332814605682\">19th century Hawaiian language manuscript : acquired from &#8220;Uncle Willie Kane&#8221; William Kepahukaniolonookainoahou Goodwin of Waimea Valley, Kaua\u02bbi<\/a>, <a href=\"https:\/\/uhawaii-manoa.primo.exlibrisgroup.com\/permalink\/01UHAWAII_MANOA\/11uc19p\/alma9929795304605682\">A Kaua\u02bbi reader<\/a>, <a href=\"https:\/\/uhawaii-manoa.primo.exlibrisgroup.com\/permalink\/01UHAWAII_MANOA\/11uc19p\/alma9911809644605682\">Kauai: the separate kingdom<\/a>, <a href=\"https:\/\/uhawaii-manoa.primo.exlibrisgroup.com\/permalink\/01UHAWAII_MANOA\/11uc19p\/alma9911809644605682\">Four Kauai chants<\/a>\u00a0<\/p>\n\n\n\n<p><strong><strong>Mea haku | Created by:<\/strong><\/strong> Na ka hui \u02bbimi na\u02bbauao o Ka Wai H\u0101pai<\/p>\n","protected":false},"excerpt":{"rendered":"<p>Inoa | Name(s) Kaua\u02bbi; Manokalanip\u014d; Kaua\u02bbi o Manokalanip\u014d Hi\u02bbona \u02bb\u0101ina | Land characteristic: Mokupuni Hi\u02bbona \u02bb\u0101ina o loko o k\u0113ia wahi | Feature(s) located within this place: N\u0101pali, Halele\u02bba, Ko\u02bbolau (Kaua\u02bbi), Puna (Kaua\u02bbi) Kona (Kaua\u02bbi), Wai\u02bbale\u02bbale Hi\u02bbona \u02bb\u0101ina nona k\u0113ia &hellip; <\/p>\n","protected":false},"author":216,"featured_media":0,"parent":757,"menu_order":6,"comment_status":"closed","ping_status":"closed","template":"","meta":{"footnotes":""},"class_list":["post-665","page","type-page","status-publish","hentry"],"_links":{"self":[{"href":"https:\/\/www.hawaii.edu\/kawaihapai\/wp-json\/wp\/v2\/pages\/665","targetHints":{"allow":["GET"]}}],"collection":[{"href":"https:\/\/www.hawaii.edu\/kawaihapai\/wp-json\/wp\/v2\/pages"}],"about":[{"href":"https:\/\/www.hawaii.edu\/kawaihapai\/wp-json\/wp\/v2\/types\/page"}],"author":[{"embeddable":true,"href":"https:\/\/www.hawaii.edu\/kawaihapai\/wp-json\/wp\/v2\/users\/216"}],"replies":[{"embeddable":true,"href":"https:\/\/www.hawaii.edu\/kawaihapai\/wp-json\/wp\/v2\/comments?post=665"}],"version-history":[{"count":11,"href":"https:\/\/www.hawaii.edu\/kawaihapai\/wp-json\/wp\/v2\/pages\/665\/revisions"}],"predecessor-version":[{"id":2698,"href":"https:\/\/www.hawaii.edu\/kawaihapai\/wp-json\/wp\/v2\/pages\/665\/revisions\/2698"}],"up":[{"embeddable":true,"href":"https:\/\/www.hawaii.edu\/kawaihapai\/wp-json\/wp\/v2\/pages\/757"}],"wp:attachment":[{"href":"https:\/\/www.hawaii.edu\/kawaihapai\/wp-json\/wp\/v2\/media?parent=665"}],"curies":[{"name":"wp","href":"https:\/\/api.w.org\/{rel}","templated":true}]}}