  {"id":674,"date":"2023-06-11T17:36:06","date_gmt":"2023-06-12T03:36:06","guid":{"rendered":"https:\/\/www.hawaii.edu\/kawaihapai\/?page_id=674"},"modified":"2024-05-24T11:28:22","modified_gmt":"2024-05-24T21:28:22","slug":"pu%ca%bbu-huluhulu","status":"publish","type":"page","link":"https:\/\/www.hawaii.edu\/kawaihapai\/pu%ca%bbu-huluhulu\/","title":{"rendered":"Pu\u02bbu Huluhulu (Maunakea)"},"content":{"rendered":"\n<p><strong><strong>Inoa | Name(s)<\/strong><\/strong><\/p>\n\n\n\n<p>Pu\u02bbu Huluhulu (Maunakea)<\/p>\n\n\n\n<p><strong>Hi\u02bbona \u02bb\u0101ina | Land characteristic:<\/strong> Pu\u02bbu Pele<\/p>\n\n\n\n<p><strong>Hi\u02bbona \u02bb\u0101ina nona k\u0113ia wahi | Feature(s) that contain this place:<\/strong> Maunakea, Humuulu Mauka<\/p>\n\n\n\n<p><strong>H\u014d\u02bbulu\u02bbulu mana\u02bbo<\/strong><\/p>\n\n\n\n<p>He pu\u02bbu pele a k\u012bpuka ma waena o Mauna Kea a me Mauna Loa. Kapa \u02bbia k\u0113ia pu\u02bbu \u02bbo Pu\u02bbu Huluhulu no n\u0101 kumu l\u0101\u02bbau he nui e ulu ana ma luna. Wahi a n\u0101 k\u016bpuna, ua hiki i n\u0101 paniolo o ka w\u0101 kahiko o k\u0113l\u0101 pu\u02bbu wale n\u014d ka mea i loa\u02bba n\u0101 kumu l\u0101\u02bbau ma luna, no laila ua kapa l\u0101kou i k\u0113l\u0101 pu\u02bbu o Pu\u02bbu Huluhulu \u02bboiai me he huluhulu l\u0101 n\u0101 kumul\u0101\u02bbau. Aia he alahele e m\u0101ka\u02bbika\u02bbi ai i ka pu\u02bbu, a he pu\u02bbuhonua ia no ka l\u0101\u02bbau. Ma ka makahiki 2019 ho\u02bbokumu \u02bbia k\u0113ia pu\u02bbu he pu\u02bbuhonua maoli no n\u0101 k\u0101naka e kia\u02bbi ana i ka mauna e ka Royal Order of Kamehameha.&nbsp;<\/p>\n\n\n\n<p><strong>Description<\/strong><\/p>\n\n\n\n<p>Cinder cone in the Lower Laupahoehoe Volcanic Series. Elev. 6758 ft. (Soehren)<\/p>\n\n\n\n<p><strong>\u02bb\u014clelo kuhikuhi<\/strong><\/p>\n\n\n\n<p>E koho i k\u0113ia inoa \u02bb\u0101ina no n\u0101&nbsp;kumuwaiwai pili i ka pu\u02bbu pele ma Maunakea, ka mea ma kahi kokoke i ke alanui \u02bbo Saddle a me Mauna Kea Access Road.<\/p>\n\n\n\n<p><strong>Instructions<\/strong><\/p>\n\n\n\n<p>Choose this place name for resources related to the cinder cone hill on Maunakea, that which is located next to Saddle Road and Mauna Kea Access Road.<\/p>\n\n\n\n<p><strong><strong>Mo\u02bbok\u016b\u02bbauhau | Genealogy<\/strong><\/strong><\/p>\n\n\n\n<p><em>H\u0101lau | Group\/school:<\/em> Kia\u02bbi o Maunakea; Royal Order of Kamehameha<\/p>\n\n\n\n<p><strong><strong>Hana | Practice:<\/strong> <\/strong>Hana paniolo; H\u0101nai holoholona; Ho\u02bbona\u02bbauao; M\u0101ka\u02bbika\u02bbi; Alualu holoholona<\/p>\n\n\n\n<p><strong><strong>K\u016bmole | Source(s)<\/strong><\/strong><\/p>\n\n\n\n<p><a href=\"https:\/\/www.nps.gov\/havo\/planyourvisit\/hike_day_puuhuluhulu.htm\">&#8220;Day Hike &#8211; Maunaulu \/ Pu\u2018uhuluhulu,&#8221; Hawai\u2018i Volcanoes National Park (website). <\/a><\/p>\n\n\n\n<p><a href=\"https:\/\/ulukau.org\/cgi-bin\/hpn?e=q-0hpn--00-0-0--010---4----dtx--0-0l--1haw-Zz-1---20-about-huluhulu--00031-000-10escapewin-00&amp;a=d&amp;c=hpn&amp;cl=search&amp;d=HASH15d2f091c3000a796207ad\">\u201cPuu Huluhulu,\u201d Inoa \u02bb\u0100ina Hawai\u02bbi Database, Ulukau: The Hawaiian Electronic Library.<\/a><\/p>\n\n\n\n<p>Soehren, Lloyd J. <em>A Catalog of Hawai\u02bbi Place Names\u202f: Compiled from the Records of the Boundary Commission and the Board of Commissioners to Quiet Land Titles of the Kingdom of Hawaii<\/em>. Honokaa, HI: L.J. Soehren, 2006.<\/p>\n\n\n\n<p>Sproat, Clyde Halema\u02bbuma\u02bbu, Bill. Ka\u02bbiwa, George Paul Cooke, and George Paul. Cooke. \u201cN\u0101 mele paniolo = Songs of Hawaiian cowboys.\u201d Honolulu, Hawai\u02bbi: Hawai\u02bbi State Foundation on Culture and the Arts, 2004. Pu\u02bbu Huluhulu + Talk Story Intro.<\/p>\n\n\n\n<p><strong><strong>Ho\u02bbopili \u02bbia i | Applied to:<\/strong> <\/strong><a href=\"https:\/\/uhawaii-manoa.primo.exlibrisgroup.com\/discovery\/fulldisplay?docid=alma9951275485105682&amp;context=L&amp;vid=01UHAWAII_MANOA:MANOA&amp;lang=en&amp;adaptor=Local%20Search%20Engine&amp;tab=Everything\" target=\"_blank\" rel=\"noreferrer noopener\">Kipuka Pu&#8217;u Huluhulu: a bright jewel in the Big Island&#8217;s saddle<\/a>, <a href=\"https:\/\/uhawaii-manoa.primo.exlibrisgroup.com\/permalink\/01UHAWAII_MANOA\/11uc19p\/alma9924106544605682\">N\u0101 mele paniolo = Songs of Hawaiian cowboys (booklet)<\/a><\/p>\n\n\n\n<p><strong><strong>Mea haku | Created by:<\/strong> <\/strong>Na ka hui \u02bbimi na\u02bbauao o Ka Wai H\u0101pai<\/p>\n\n\n\n<p>&nbsp;<\/p>\n","protected":false},"excerpt":{"rendered":"<p>Inoa | Name(s) Pu\u02bbu Huluhulu (Maunakea) Hi\u02bbona \u02bb\u0101ina | Land characteristic: Pu\u02bbu Pele Hi\u02bbona \u02bb\u0101ina nona k\u0113ia wahi | Feature(s) that contain this place: Maunakea, Humuulu Mauka H\u014d\u02bbulu\u02bbulu mana\u02bbo He pu\u02bbu pele a k\u012bpuka ma waena o Mauna Kea a &hellip; <\/p>\n","protected":false},"author":216,"featured_media":0,"parent":0,"menu_order":0,"comment_status":"closed","ping_status":"closed","template":"","meta":{"footnotes":""},"class_list":["post-674","page","type-page","status-publish","hentry"],"_links":{"self":[{"href":"https:\/\/www.hawaii.edu\/kawaihapai\/wp-json\/wp\/v2\/pages\/674","targetHints":{"allow":["GET"]}}],"collection":[{"href":"https:\/\/www.hawaii.edu\/kawaihapai\/wp-json\/wp\/v2\/pages"}],"about":[{"href":"https:\/\/www.hawaii.edu\/kawaihapai\/wp-json\/wp\/v2\/types\/page"}],"author":[{"embeddable":true,"href":"https:\/\/www.hawaii.edu\/kawaihapai\/wp-json\/wp\/v2\/users\/216"}],"replies":[{"embeddable":true,"href":"https:\/\/www.hawaii.edu\/kawaihapai\/wp-json\/wp\/v2\/comments?post=674"}],"version-history":[{"count":17,"href":"https:\/\/www.hawaii.edu\/kawaihapai\/wp-json\/wp\/v2\/pages\/674\/revisions"}],"predecessor-version":[{"id":3168,"href":"https:\/\/www.hawaii.edu\/kawaihapai\/wp-json\/wp\/v2\/pages\/674\/revisions\/3168"}],"wp:attachment":[{"href":"https:\/\/www.hawaii.edu\/kawaihapai\/wp-json\/wp\/v2\/media?parent=674"}],"curies":[{"name":"wp","href":"https:\/\/api.w.org\/{rel}","templated":true}]}}