  {"id":688,"date":"2023-06-13T09:58:44","date_gmt":"2023-06-13T19:58:44","guid":{"rendered":"https:\/\/www.hawaii.edu\/kawaihapai\/?page_id=688"},"modified":"2024-05-24T11:12:15","modified_gmt":"2024-05-24T21:12:15","slug":"kilauea","status":"publish","type":"page","link":"https:\/\/www.hawaii.edu\/kawaihapai\/ka-pae-%ca%bbaina-o-hawai%ca%bbi-na-kai-%ca%bbewalu\/hawai%ca%bbi\/ka%ca%bbu\/kilauea\/","title":{"rendered":"K\u012blauea"},"content":{"rendered":"\n<p><strong>Inoa | Name(s)<\/strong><\/p>\n\n\n\n<p>K\u012blauea<\/p>\n\n\n\n<p><strong>Hi\u02bbona \u02bb\u0101ina<\/strong> <strong>| Land characteristic<\/strong>: Lua pele; Lua k\u012blauea<\/p>\n\n\n\n<p><strong>Hi\u02bbona \u02bb\u0101ina o loko o k\u0113ia wahi | Feature(s) located within this place<\/strong>: Halema\u02bbuma\u02bbu; K\u012blauea Iki; \u02bb\u014cla\u02bba; Ka Pali o Kamohoali\u02bbi<\/p>\n\n\n\n<p><strong>Hi\u02bbona&nbsp; \u02bb\u0101ina nona k\u0113ia wahi | Feature(s) that contain this place<\/strong>: Ka\u02bb\u016b; Puna; Hawai\u02bbi<\/p>\n\n\n\n<p><strong>H\u014d\u02bbulu\u02bbulu mana\u02bbo<\/strong><\/p>\n\n\n\n<p>\u02bbO k\u0113ia ka lua pele i kapa \u02bbia he lua k\u012blauea. Aia kekahi hapa o k\u0113ia wahi \u0101kea ma Puna a me Ka\u02bb\u016b ma ka mokupuni o Hawai\u02bbi. \u02bbO Halema\u02bbuma\u02bbu ka inoa o ka lua k\u012blauea. \u02bbO ka ua \u02bbAwa ka ua o k\u0113ia wahi, e like me ka \u02bb\u014dlelo no\u02bbeau: &#8220;Ka ua \u02bbAwa o K\u012blauea.&#8221; \u02bbO k\u0113ia kekahi home o Pele a me kona \u02bbohana. A i k\u0113ia l\u0101, hele nui n\u0101 k\u0101naka i ka lua e ho\u02bbohanohano i ka wahine o ka lua, \u02bbo ia ho\u02bbi o Pele.<\/p>\n\n\n\n<p><strong>Description<\/strong><\/p>\n\n\n\n<p>Volcano, Puna, Hawai\u02bbi. One of the five volcanoes that make up the island of Hawai\u02bbi, and the most active volcano in the state. (Place Names of Hawaii)<\/p>\n\n\n\n<p><strong>\u02bb\u014clelo kuhikuhi<\/strong><\/p>\n\n\n\n<p>E koho i\u0101 &#8220;K\u012blauea (Hawai\u02bbi)&#8221; no ka lua pele ma ka mokupuni o Hawai\u02bbi. No ke ahupua\u02bba ma ka mokupuni o Kaua\u02bbi, e koho i\u0101 &#8220;K\u012blauea (Kaua\u02bbi)&#8221;<\/p>\n\n\n\n<p><strong>Instructions<\/strong><\/p>\n\n\n\n<p>Use for the volcano on Hawai\u02bbi. Not to be confused with the ahupua\u02bba in the moku of Ko\u02bbolau on the island of Kauai\u02bbi.<\/p>\n\n\n\n<p><strong><strong>Mo\u02bbok\u016b\u02bbauhau<\/strong><\/strong> <strong>| Genealogy<\/strong><\/p>\n\n\n\n<p><em>Akua | Deity:<\/em> <a href=\"https:\/\/www.hawaii.edu\/kawaihapai\/akua\/pelehonuamea\/\">Pele<\/a>; <a href=\"https:\/\/www.hawaii.edu\/kawaihapai\/akua\/hi%ca%bbiakaikapoliopele\/\">Hi\u02bbiakaikapoliopele<\/a><\/p>\n\n\n\n<p><strong>Hana | Practice:<\/strong> <a href=\"https:\/\/www.hawaii.edu\/kawaihapai\/hana-list\/hula\/\">Hula<\/a><\/p>\n\n\n\n<p><strong>K\u016bmole | Source(s)<\/strong><\/p>\n\n\n\n<p><a href=\"https:\/\/www.usgs.gov\/volcanoes\/kilauea\/volcano-updates\">&#8220;K\u012blauea,&#8221; United States Geological Survey (website). <\/a><\/p>\n\n\n\n<p><a href=\"https:\/\/ulukau.org\/cgi-bin\/hpn?e=q-0hpn--00-0-0--010---4----dtx--0-0l--1haw-Zz-1---20-about-kilauea--00031-000-10escapewin-00&amp;a=d&amp;c=hpn&amp;cl=search&amp;d=HASHf1e2aa8ba124e390eae0d3\">\u201cKilauea Crater,\u201d Inoa \u02bb\u0100ina Hawai\u02bbi Database, Ulukau: The Hawaiian Electronic Library.<\/a><\/p>\n\n\n\n<p><a href=\"https:\/\/ulukau.org\/ulukau-books\/?a=d&amp;d=EBOOK-PEPN.2.1.1&amp;e=-------haw-20--1--txt-txPT-----------\">Pukui, Mary Kawena, Samuel H. (Samuel Hoyt) Elbert, and Esther T. Mookini. Place Names of Hawaii. Rev. and enl. Ed. Honolulu: University Press of Hawaii, 1976. Ulukau: The Hawaiian Electronic Library.<\/a><\/p>\n\n\n\n<p>Soehren, Lloyd J. <em>A Catalog of Hawai\u02bbi Place Names\u202f: Compiled from the Records of the Boundary Commission and the Board of Commissioners to Quiet Land Titles of the Kingdom of Hawaii<\/em>. Honokaa, HI: L.J. Soehren, 2005.<\/p>\n\n\n\n<p><strong>Ho\u02bbopili \u02bbia i |<\/strong> <strong>Applied to: <\/strong><a href=\"https:\/\/uhawaii-manoa.primo.exlibrisgroup.com\/permalink\/01UHAWAII_MANOA\/11uc19p\/alma9936075624605682\">Ka mo\u02bbolelo o Hi\u02bbiakaikapoliopele : ka wahine i ka hikina a ka l\u0101, ka u\u02bbi palekoki uila o Halema\u02bbuma\u02bbu<\/a>, <a href=\"https:\/\/uhawaii-manoa.primo.exlibrisgroup.com\/permalink\/01UHAWAII_MANOA\/11uc19p\/alma995209314605682\">Annotated list of ferns of the Kilauea-Mauna Loa section of Hawaii national park<\/a>, <a href=\"https:\/\/uhawaii-manoa.primo.exlibrisgroup.com\/permalink\/01UHAWAII_MANOA\/11uc19p\/alma9936112124605682 (dvd)\">Summer 2013 eruption update : a firsthand account of the current eruption of Kilauea Volcano<\/a><\/p>\n\n\n\n<p><strong>Mea haku |<\/strong> <strong>Created by: <\/strong>Na ka hui \u02bbimi na\u02bbauao o Ka Wai H\u0101pai<\/p>\n","protected":false},"excerpt":{"rendered":"<p>Inoa | Name(s) K\u012blauea Hi\u02bbona \u02bb\u0101ina | Land characteristic: Lua pele; Lua k\u012blauea Hi\u02bbona \u02bb\u0101ina o loko o k\u0113ia wahi | Feature(s) located within this place: Halema\u02bbuma\u02bbu; K\u012blauea Iki; \u02bb\u014cla\u02bba; Ka Pali o Kamohoali\u02bbi Hi\u02bbona&nbsp; \u02bb\u0101ina nona k\u0113ia wahi | &hellip; <\/p>\n","protected":false},"author":216,"featured_media":0,"parent":694,"menu_order":2,"comment_status":"closed","ping_status":"closed","template":"","meta":{"footnotes":""},"class_list":["post-688","page","type-page","status-publish","hentry"],"_links":{"self":[{"href":"https:\/\/www.hawaii.edu\/kawaihapai\/wp-json\/wp\/v2\/pages\/688","targetHints":{"allow":["GET"]}}],"collection":[{"href":"https:\/\/www.hawaii.edu\/kawaihapai\/wp-json\/wp\/v2\/pages"}],"about":[{"href":"https:\/\/www.hawaii.edu\/kawaihapai\/wp-json\/wp\/v2\/types\/page"}],"author":[{"embeddable":true,"href":"https:\/\/www.hawaii.edu\/kawaihapai\/wp-json\/wp\/v2\/users\/216"}],"replies":[{"embeddable":true,"href":"https:\/\/www.hawaii.edu\/kawaihapai\/wp-json\/wp\/v2\/comments?post=688"}],"version-history":[{"count":14,"href":"https:\/\/www.hawaii.edu\/kawaihapai\/wp-json\/wp\/v2\/pages\/688\/revisions"}],"predecessor-version":[{"id":2627,"href":"https:\/\/www.hawaii.edu\/kawaihapai\/wp-json\/wp\/v2\/pages\/688\/revisions\/2627"}],"up":[{"embeddable":true,"href":"https:\/\/www.hawaii.edu\/kawaihapai\/wp-json\/wp\/v2\/pages\/694"}],"wp:attachment":[{"href":"https:\/\/www.hawaii.edu\/kawaihapai\/wp-json\/wp\/v2\/media?parent=688"}],"curies":[{"name":"wp","href":"https:\/\/api.w.org\/{rel}","templated":true}]}}