  {"id":698,"date":"2023-06-13T10:44:39","date_gmt":"2023-06-13T20:44:39","guid":{"rendered":"https:\/\/www.hawaii.edu\/kawaihapai\/?page_id=698"},"modified":"2024-09-04T09:22:08","modified_gmt":"2024-09-04T19:22:08","slug":"kohala","status":"publish","type":"page","link":"https:\/\/www.hawaii.edu\/kawaihapai\/ka-pae-%ca%bbaina-o-hawai%ca%bbi-na-kai-%ca%bbewalu\/hawai%ca%bbi\/kohala\/","title":{"rendered":"Kohala"},"content":{"rendered":"\n<p><strong>Inoa<\/strong> <strong>| Name(s)<\/strong><\/p>\n\n\n\n<p>Kohala<\/p>\n\n\n\n<p><strong>Hi\u02bbona \u02bb\u0101ina<\/strong> <strong>| Land characteristic:<\/strong> Moku&nbsp;<\/p>\n\n\n\n<p><strong>Hi\u02bbona \u02bb\u0101ina o loko o k\u0113ia wahi | Feature(s) located within this place:<\/strong>: \u02bb\u0100\u02bbamak\u014d; \u02bb\u0100inakea; \u02bbAnaeho\u02bbomalu; Apuakohau; Kukuiwaluhia; Awalua; \u02bb\u0100wini; H\u0101\u02bbena; Hala\u02bbula; H\u0101lawa; Napapa\u02bba; Halelua; H\u0101w\u012b; Honoipu; Honok\u0101ne; Honomaka\u02bbu; Honopueo; \u02bbIole; Ka\u02bbauhuhu; K\u0101hei; Hualua; Kahu\u0101; Kaiholena; Kaiho\u02bbon\u0101; Kaipuha\u02bba; Lamaloloa; Kalala; Koki\u02bbo; Kamano; Kapa\u02bba; Kapa\u02bbanui; Kapa\u02bbau; Kapu\u02bba; Kapunapuna; Kaupalaoa; Kawaihae; Kealahewa; Kehena, Kipi, Keoniki, Kauniho, Wa, Ki\u02bbiokalani, Kokoiki, Kou, Kukuipahu, L\u0101l\u0101milo, Keanu\u02bbi\u02bboman\u014d, Lanikepu, M\u0101hukona, Hihiu, Makanikahio; Auau; Makapala; Niuli\u02bbi; Makeanehu; Makiloa; Pahinahina; Maulili; Momoualoa; Nunuluiki; Nunulunui; Ohanaula; Opihipau; Hukia\u02bba; \u02bb\u014culi; P\u0101hoa; Pauahi; P\u014dhakulua; Ahulua; Polol\u016b; Puaiki; Puakea; Puanui; Puehuehu; La\u02bbaumama; Pu\u02bbuepa; Pu\u02bbukapu; Pu\u02bbukawaiwai; Panolu\u02bbukia; Pu\u02bbukole; Koea; Lapakahi; Pu\u02bbuokumau; \u02bbUpolu; Waik\u0101; Waimea; Waikoloa<\/p>\n\n\n\n<p><strong>Hi\u02bbona \u02bb\u0101ina nona k\u0113ia wahi | Feature(s) that contain this place:<\/strong> <a href=\"https:\/\/www.hawaii.edu\/kawaihapai\/ka-pae-%ca%bbaina-o-hawai%ca%bbi-na-kai-%ca%bbewalu\/hawai%ca%bbi\/\" data-type=\"page\" data-id=\"651\">Hawai\u02bbi<\/a><\/p>\n\n\n\n<p><strong>H\u014d\u02bbulu\u02bbulu mana\u02bbo<\/strong><\/p>\n\n\n\n<p>He moku k\u0113ia ma ka \u02bbao\u02bbao \u02bb\u0101kau o ka mokupuni o Hawai\u02bbi. Aia k\u0113ia moku ma waena o Kona, ma ka \u02bbao\u02bbao komohana, a me H\u0101m\u0101kua, ma ka \u02bbao\u02bbao hikina. No Kohala, \u02bb\u014dlelo \u02bbia &#8220;Kohala i ka makani \u02bb\u0101pa\u02bbapa\u02bba&#8221; no ka makani nui o k\u0113ia moku. Kaulana k\u0113ia moku no ka h\u0101nau \u02bbana \u02bbO Kamehameha Pai\u02bbea ma Kokoiki i Kohala ma mua o kona lawe mal\u016b \u02bbana i ke aw\u0101wa o Waipi\u02bbo i \u02bbole pepehi \u02bbia \u02bbo ia. \u02bbO Mo\u02bbokini kekahi heiau nui a kaulana ma Kohala. \u02bbO Polol\u016b ke aw\u0101wa nui ma ka \u02bbao\u02bbao \u02bb\u0101kau o Kohala. \u02bbO Waimea kekahi k\u016blana kauhale nui ma Kohala. Ma ka w\u0101 o Kamehameha, ua kaulana \u02bbO Waimea n\u014d n\u0101 koa K\u012bpu\u02bbupu\u02bbu no ko l\u0101kou akamai loa ma ka hana kaua. Aia p\u016b ma Waimea ka h\u0101nai holoholona kaulana \u02bbo Parker Ranch. Laha loa ka hana paniolo ma Waimea ma muli o ka nui o ka h\u0101nai holoholona \u02bbana ma k\u0113ia wahi. \u02bbO Iku\u0101 Purdy he paniolo kaulana loa no Waimea, no k\u0101na hana kupaianaha ma ka ho\u02bbok\u016bk\u016b hana paniolo.&nbsp;<\/p>\n\n\n\n<p><strong>Description<\/strong><\/p>\n\n\n\n<p>District (famous for the \u02bb\u0100pa\u02bbapa\u02bba wind), quadrangle, extinct volcano, land section, club, sugar plantation, elementary and high schools, ditch, trail, mill, mountains, forest reserve, post office, seminary, and village, all in northwest Hawai\u02bbi; point, Honom\u016b qd., northeast Hawai\u02bbi. (Place Names of Hawai\u02bbi)<\/p>\n\n\n\n<p><strong>\u02bb\u014clelo kuhikuh<\/strong>i<\/p>\n\n\n\n<p>E koho i\u0101 &#8220;Kohala&#8221; no n\u0101 mea pili i ka moku ma ka mokupuni o Hawai\u02bbi.<\/p>\n\n\n\n<p><strong>Instructions<\/strong><\/p>\n\n\n\n<p>Use for the moku on the island of Hawai\u02bbi.<\/p>\n\n\n\n<p><strong><strong>Mo\u02bbok\u016b\u02bbauhau | Genealogy<\/strong><\/strong><\/p>\n\n\n\n<p><em>Kanaka | Person:<\/em> Kamehameha Pai\u02bbea; \u02bbIku\u0101 Purdy<\/p>\n\n\n\n<p><strong>Hana | Practice: <\/strong><a href=\"https:\/\/www.hawaii.edu\/kawaihapai\/hana-list\/hana-paniolo\/\" data-type=\"page\" data-id=\"1699\">Hana paniolo<\/a>; <a href=\"https:\/\/www.hawaii.edu\/kawaihapai\/hana-list\/hanai-holoholona\/\" data-type=\"page\" data-id=\"1701\">H\u0101nai holoholona<\/a>; <a href=\"https:\/\/www.hawaii.edu\/kawaihapai\/hana-list\/hana-kaua\/\" data-type=\"page\" data-id=\"1691\">Hana kaua<\/a><\/p>\n\n\n\n<p><strong><strong>K\u016bmole | Source(s)<\/strong><\/strong><\/p>\n\n\n\n<p><a href=\"https:\/\/kipukadatabase.com\/kipuka\/Moku.html?ObjectID=14&amp;b=2\">&#8220;Moku of Kohala,&#8221; K\u012bpuka Database, Office of Hawaiian Affairs.<\/a><\/p>\n\n\n\n<p><a href=\"https:\/\/ulukau.org\/ulukau-books\/?a=d&amp;d=EBOOK-PEPN.2.1.1&amp;e=-------haw-20--1--txt-txPT-----------\">Pukui, Mary Kawena, Samuel H. (Samuel Hoyt) Elbert, and Esther T. Mookini. Place Names of Hawaii. Rev. and enl. Ed. Honolulu: University Press of Hawaii, 1976. Ulukau: The Hawaiian Electronic Library.<\/a><\/p>\n\n\n\n<p><strong><strong>Ho\u02bbopili \u02bbia i | Applied to:<\/strong><\/strong> <a href=\"https:\/\/uhawaii-manoa.primo.exlibrisgroup.com\/permalink\/01UHAWAII_MANOA\/11uc19p\/alma9919344724605682\">He mo\u02bbolelo ka\u02bbao no Punia ke keiki \u0101iwaiwa kolohe a Leimakani me Hina : he mo\u02bbolelo Hawai\u02bbi kahiko no Kohala<\/a>, <a href=\"https:\/\/uhawaii-manoa.primo.exlibrisgroup.com\/permalink\/01UHAWAII_MANOA\/11uc19p\/alma995720714605682\">The legacy of the Hawaiian cultivator in windward valleys of Hawaii<\/a>, <a href=\"https:\/\/uhawaii-manoa.primo.exlibrisgroup.com\/discovery\/fulldisplay?docid=alma9912175564605682&amp;context=L&amp;vid=01UHAWAII_MANOA:MANOA&amp;lang=en&amp;adaptor=Local%20Search%20Engine&amp;tab=Everything\" target=\"_blank\" rel=\"noreferrer noopener\"><\/a><a href=\"https:\/\/uhawaii-manoa.primo.exlibrisgroup.com\/discovery\/fulldisplay?docid=alma9912175564605682&amp;context=L&amp;vid=01UHAWAII_MANOA:MANOA&amp;lang=en&amp;adaptor=Local%20Search%20Engine&amp;tab=Everything\" target=\"_blank\" rel=\"noreferrer noopener\">Hawaiian adze production and distribution : implications for the development of chiefdoms&nbsp; (chapters 3&amp;4)<\/a><\/p>\n\n\n\n<p><strong><strong>Mea haku | Created by:<\/strong> <\/strong>Na ka hui \u02bbimi na\u02bbauao o Ka Wai H\u0101pai<\/p>\n","protected":false},"excerpt":{"rendered":"<p>Inoa | Name(s) Kohala Hi\u02bbona \u02bb\u0101ina | Land characteristic: Moku&nbsp; Hi\u02bbona \u02bb\u0101ina o loko o k\u0113ia wahi | Feature(s) located within this place:: \u02bb\u0100\u02bbamak\u014d; \u02bb\u0100inakea; \u02bbAnaeho\u02bbomalu; Apuakohau; Kukuiwaluhia; Awalua; \u02bb\u0100wini; H\u0101\u02bbena; Hala\u02bbula; H\u0101lawa; Napapa\u02bba; Halelua; H\u0101w\u012b; Honoipu; Honok\u0101ne; Honomaka\u02bbu; Honopueo; &hellip; <\/p>\n","protected":false},"author":216,"featured_media":0,"parent":651,"menu_order":6,"comment_status":"closed","ping_status":"closed","template":"","meta":{"footnotes":""},"class_list":["post-698","page","type-page","status-publish","hentry"],"_links":{"self":[{"href":"https:\/\/www.hawaii.edu\/kawaihapai\/wp-json\/wp\/v2\/pages\/698","targetHints":{"allow":["GET"]}}],"collection":[{"href":"https:\/\/www.hawaii.edu\/kawaihapai\/wp-json\/wp\/v2\/pages"}],"about":[{"href":"https:\/\/www.hawaii.edu\/kawaihapai\/wp-json\/wp\/v2\/types\/page"}],"author":[{"embeddable":true,"href":"https:\/\/www.hawaii.edu\/kawaihapai\/wp-json\/wp\/v2\/users\/216"}],"replies":[{"embeddable":true,"href":"https:\/\/www.hawaii.edu\/kawaihapai\/wp-json\/wp\/v2\/comments?post=698"}],"version-history":[{"count":12,"href":"https:\/\/www.hawaii.edu\/kawaihapai\/wp-json\/wp\/v2\/pages\/698\/revisions"}],"predecessor-version":[{"id":3071,"href":"https:\/\/www.hawaii.edu\/kawaihapai\/wp-json\/wp\/v2\/pages\/698\/revisions\/3071"}],"up":[{"embeddable":true,"href":"https:\/\/www.hawaii.edu\/kawaihapai\/wp-json\/wp\/v2\/pages\/651"}],"wp:attachment":[{"href":"https:\/\/www.hawaii.edu\/kawaihapai\/wp-json\/wp\/v2\/media?parent=698"}],"curies":[{"name":"wp","href":"https:\/\/api.w.org\/{rel}","templated":true}]}}