  {"id":700,"date":"2023-06-13T10:46:54","date_gmt":"2023-06-13T20:46:54","guid":{"rendered":"https:\/\/www.hawaii.edu\/kawaihapai\/?page_id=700"},"modified":"2024-05-24T11:21:36","modified_gmt":"2024-05-24T21:21:36","slug":"hamakua","status":"publish","type":"page","link":"https:\/\/www.hawaii.edu\/kawaihapai\/ka-pae-%ca%bbaina-o-hawai%ca%bbi-na-kai-%ca%bbewalu\/hawai%ca%bbi\/hamakua\/","title":{"rendered":"H\u0101m\u0101kua"},"content":{"rendered":"\n<p><strong><strong>Inoa | Name(s)<\/strong><\/strong><\/p>\n\n\n\n<p>H\u0101m\u0101kua<\/p>\n\n\n\n<p><strong>Hi\u02bbona \u02bb\u0101ina | Land characteristic:<\/strong> Moku\u00a0<\/p>\n\n\n\n<p><strong>Hi\u02bbona \u02bb\u0101ina o loko o k\u0113ia wahi | Feature(s) located within this place:<\/strong> \u02bb\u0100\u02bb\u0101manu; Alaeakila; Ka\u02bbapahu; \u02bb\u0100pua; Au; \u0100hualoa; Haina; Hanapai; Niupuka; Hauola; H\u014d\u02bbea; Manowaikohau; Honokai\u02bba; Honopue; Ka\u02bbala; Ka\u02bbauhuhu; Kainehe; Kaiwiki; Kalakalaula; Kalop\u0101; Kalua; Pakiloa; \u02bb\u014cuhi; Kaao; Kamaui; Kamoauau; Kamoku; Kanahonua; Ka\u02bbohe; Ka\u02bbohe Mauka; Kapoaula; Kapulena; Hauko\u02bbi; Kawela; Kea\u02bb\u0101; Kemau; Kohol\u0101lele; Koloaha; Kuliha\u02bbi; Kuilei; K\u016bka\u02bbiau; Kukuihaele; Laup\u0101hoehoe; Malanahae; M\u0101nienie; Manowaiale\u02bbe; Mo\u02bboiki; Nako\u02bboka; Namoku; Papua\u02bba; Nienie; Niupe\u02bba; Kealakaha; \u02bbOpihilala; Pa\u02bbalaea; P\u0101\u02bbauhau; P\u0101\u02bbauhau Mauka; Pa\u02bbauilo,; Papa\u02bbanui; Papaki; Papalele; Pohakuhaku; Wai\u02bbale\u02bbale; Waika\u02bbalulu; Waikapu; Waikoekoe,; Waikoloa; Waimanu; Waipi\u02bbo; Weha; Mahakuolo<\/p>\n\n\n\n<p><strong>Hi\u02bbona \u02bb\u0101ina nona k\u0113ia wahi | Feature(s) that contain this place:<\/strong> Hawai\u02bbi<\/p>\n\n\n\n<p><strong>H\u014d\u02bbulu\u02bbulu mana\u02bbo<\/strong><\/p>\n\n\n\n<p>He moku k\u0113ia ma ka mokupuni o Hawai\u02bbi. Aia ma waena o ka moku o Kohala, ma ka \u02bbao\u02bbao \u02bb\u0101kau, a me Hilo, ma ka \u02bbao \u02bbao hema. No H\u0101m\u0101kua, \u02bb\u014dlelo \u02bbia \u02bbo &#8220;H\u0101m\u0101kua \u02bb\u0101ina pali loa&#8221; no n\u0101 pali ki\u02bbeki\u02bbe ma k\u0113l\u0101 moku.<\/p>\n\n\n\n<p><strong>Description<\/strong><\/p>\n\n\n\n<p>Quadrangle, district, ditch, ditch trail, golf course, forest reserve, and mill, northeast Hawai\u02bbi. (Place Names of Hawai\u02bbi)<\/p>\n\n\n\n<p><strong>\u02bb\u014clelo kuhikuhi<\/strong><\/p>\n\n\n\n<p>E koho i\u0101 &#8220;H\u0101m\u0101kua&#8221; no ka moku ma ka mokupuni o Hawai\u02bbi. No n\u0101 H\u0101m\u0101kua ma Maui, e koho i\u0101 &#8220;H\u0101m\u0101kualoa&#8221; a i\u02bbole &#8220;H\u0101m\u0101kuapoko.&#8221;<\/p>\n\n\n\n<p><strong>Instructions<\/strong><\/p>\n\n\n\n<p>Not to be confused with H\u0101m\u0101kuapoko and H\u0101m\u0101kualoa on Maui.<strong> <\/strong><\/p>\n\n\n\n<p><strong><strong>K\u016bmole | Source(s)<\/strong><\/strong><\/p>\n\n\n\n<p><a href=\"https:\/\/kipukadatabase.com\/kipuka\/Moku.html?ObjectID=3&amp;b=2.\">&#8220;Moku of H\u0101m\u0101kua,&#8221; K\u012bpuka Database, Office of Hawaiian Affairs,<\/a><\/p>\n\n\n\n<p><a href=\"https:\/\/ulukau.org\/ulukau-books\/?a=d&amp;d=EBOOK-PEPN.2.1.1&amp;e=-------haw-20--1--txt-txPT---------\">Pukui, Mary Kawena, Samuel H. (Samuel Hoyt) Elbert, and Esther T. Mookini. <em>Place Names of Hawaii<\/em>. Rev. and enl. Ed. Honolulu: University Press of Hawaii, 1976.<\/a><\/p>\n\n\n\n<p><strong><strong>Ho\u02bbopili \u02bbia i | Applied to:<\/strong> <\/strong><a href=\"https:\/\/uhawaii-manoa.primo.exlibrisgroup.com\/permalink\/01UHAWAII_MANOA\/11uc19p\/alma9919154714605682\">The closing of sugar plantations : interviews with families of H\u0101m\u0101kua and Ka\u02bb\u016b, Hawai\u02bbi.<\/a>, <a href=\"https:\/\/uhawaii-manoa.primo.exlibrisgroup.com\/permalink\/01UHAWAII_MANOA\/11uc19p\/alma9919342654605682\">Hamakua Humanities Project, October 1974-May 1975 : a summary : a study of land use, cultural diversity and the sense of community in Hamakua District, Hawaii : a century in perspective<\/a><\/p>\n\n\n\n<p><strong><strong><strong><strong>Mea haku |<\/strong><\/strong>\u00a0<strong>Created by:\u00a0<\/strong><\/strong><\/strong>Na ka hui \u02bbimi na\u02bbauao o Ka Wai H\u0101pai<\/p>\n","protected":false},"excerpt":{"rendered":"<p>Inoa | Name(s) H\u0101m\u0101kua Hi\u02bbona \u02bb\u0101ina | Land characteristic: Moku\u00a0 Hi\u02bbona \u02bb\u0101ina o loko o k\u0113ia wahi | Feature(s) located within this place: \u02bb\u0100\u02bb\u0101manu; Alaeakila; Ka\u02bbapahu; \u02bb\u0100pua; Au; \u0100hualoa; Haina; Hanapai; Niupuka; Hauola; H\u014d\u02bbea; Manowaikohau; Honokai\u02bba; Honopue; Ka\u02bbala; Ka\u02bbauhuhu; Kainehe; &hellip; <\/p>\n","protected":false},"author":216,"featured_media":0,"parent":651,"menu_order":0,"comment_status":"closed","ping_status":"closed","template":"","meta":{"footnotes":""},"class_list":["post-700","page","type-page","status-publish","hentry"],"_links":{"self":[{"href":"https:\/\/www.hawaii.edu\/kawaihapai\/wp-json\/wp\/v2\/pages\/700","targetHints":{"allow":["GET"]}}],"collection":[{"href":"https:\/\/www.hawaii.edu\/kawaihapai\/wp-json\/wp\/v2\/pages"}],"about":[{"href":"https:\/\/www.hawaii.edu\/kawaihapai\/wp-json\/wp\/v2\/types\/page"}],"author":[{"embeddable":true,"href":"https:\/\/www.hawaii.edu\/kawaihapai\/wp-json\/wp\/v2\/users\/216"}],"replies":[{"embeddable":true,"href":"https:\/\/www.hawaii.edu\/kawaihapai\/wp-json\/wp\/v2\/comments?post=700"}],"version-history":[{"count":12,"href":"https:\/\/www.hawaii.edu\/kawaihapai\/wp-json\/wp\/v2\/pages\/700\/revisions"}],"predecessor-version":[{"id":2633,"href":"https:\/\/www.hawaii.edu\/kawaihapai\/wp-json\/wp\/v2\/pages\/700\/revisions\/2633"}],"up":[{"embeddable":true,"href":"https:\/\/www.hawaii.edu\/kawaihapai\/wp-json\/wp\/v2\/pages\/651"}],"wp:attachment":[{"href":"https:\/\/www.hawaii.edu\/kawaihapai\/wp-json\/wp\/v2\/media?parent=700"}],"curies":[{"name":"wp","href":"https:\/\/api.w.org\/{rel}","templated":true}]}}