  {"id":702,"date":"2023-06-13T10:51:13","date_gmt":"2023-06-13T20:51:13","guid":{"rendered":"https:\/\/www.hawaii.edu\/kawaihapai\/?page_id=702"},"modified":"2024-05-24T12:07:39","modified_gmt":"2024-05-24T22:07:39","slug":"hamakuapoko","status":"publish","type":"page","link":"https:\/\/www.hawaii.edu\/kawaihapai\/ka-pae-%ca%bbaina-o-hawai%ca%bbi-na-kai-%ca%bbewalu\/maui\/hamakuapoko\/","title":{"rendered":"H\u0101m\u0101kuapoko"},"content":{"rendered":"\n<p><strong><strong>Inoa | Name(s)<\/strong><\/strong><\/p>\n\n\n\n<p>H\u0101m\u0101kuapoko<\/p>\n\n\n\n<p><strong>Hi\u02bbona \u02bb\u0101ina | Land characteristic:<\/strong> Moku<\/p>\n\n\n\n<p><strong>Hi\u02bbona \u02bb\u0101ina o loko o k\u0113ia wahi | Feature(s) located within this place:<\/strong> H\u0101li\u02bbimaile; Makawao<\/p>\n\n\n\n<p><strong>Hi\u02bbona \u02bb\u0101ina nona k\u0113ia wahi | Feature(s) that contain this place:<\/strong> <a href=\"https:\/\/www.hawaii.edu\/kawaihapai\/ka-pae-%ca%bbaina-o-hawai%ca%bbi-na-kai-%ca%bbewalu\/maui\/\" data-type=\"page\" data-id=\"656\">Maui<\/a><\/p>\n\n\n\n<p><strong>H\u014d\u02bbulu\u02bbulu mana\u02bbo<\/strong><\/p>\n\n\n\n<p>He moku k\u0113ia ma ka mokupuni o Maui. Aia ma waena o Kula a me P\u016b\u02bbali Komohana ma kekahi \u02bbao\u02bbao a me H\u0101m\u0101kualoa ma ka \u02bbao\u02bbao \u02bb\u0113 a\u02bbe. \u02bbO \u02bbUlalena ka inoa o ka ua ma k\u0113ia moku. Pili ka mo\u02bbolelo \u02bbo Kelea a me Lolale i ka moku o H\u0101m\u0101kuapoko.<\/p>\n\n\n\n<p><strong>Description<\/strong><\/p>\n\n\n\n<p>A district on the island of Maui. Located between the district of P\u016b\u02bbali Komohana and H\u0101m\u0101kualoa. The rain of this district is called \u02bbUlalena. Large portions of the story of Kelea and Lolale take place within the district of H\u0101m\u0101kuapoko.<\/p>\n\n\n\n<p><strong>\u02bb\u014clelo kuhikuhi<\/strong><\/p>\n\n\n\n<p>E koho i\u0101 &#8220;H\u0101m\u0101kuapoko&#8221; no n\u0101&nbsp;kumuwaiwai pili i ka moku o H\u0101m\u0101kuapoko ma ka mokupuni o Maui. No ka moku o H\u0101m\u0101kua ma ka mokupuni o Hawai\u02bbi, e koho i\u0101 &#8220;H\u0101m\u0101kua&#8221; a no ka moku o H\u0101m\u0101kualoa, e koho i\u0101 &#8220;H\u0101m\u0101kualoa&#8221;<\/p>\n\n\n\n<p><strong>Instructions<\/strong><\/p>\n\n\n\n<p>Not to be confused with H\u0101m\u0101kua on the island of Hawai\u02bbi or H\u0101m\u0101kualoa on the island of Maui.<\/p>\n\n\n\n<p><strong><strong>Mo\u02bbok\u016b\u02bbauhau | Genealogy<\/strong><\/strong><\/p>\n\n\n\n<p><em>Kanaka | Person:<\/em> Kelea, Kihapi\u02bbilani<\/p>\n\n\n\n<p><strong><strong>Hana | Practice:<\/strong><\/strong> <a href=\"https:\/\/www.hawaii.edu\/kawaihapai\/hana-list\/he%ca%bbe-nalu\/\" data-type=\"page\" data-id=\"914\">He\u02bbe nalu<\/a><\/p>\n\n\n\n<p><strong><strong>K\u016bmole | Source(s)<\/strong><\/strong><\/p>\n\n\n\n<p>Akana-Gooch, Collette L., and Kiele Gonzalez. <em>H\u0101nau Ka Ua\u202f: Hawaiian Rain Names<\/em>. Honolulu, Hawai\u02bbi: Kamehameha Publishing, 2015.<\/p>\n\n\n\n<p><a href=\"https:\/\/ulukau.org\/cgi-bin\/hpn?a=q&amp;r=1&amp;hs=1&amp;t=1&amp;e=q-0hpn--00-0-0--010---4------0-0l--1en-Zz-1---20-about---00031-001-10escapewin-00&amp;q=H%26%23257%3Bm%26%23257%3Bkuapoko&amp;h=dtx&amp;summarise=true\">\u201cH\u0101m\u0101kuapoko,\u201d Inoa \u02bb\u0100ina Hawai\u02bbi Database, Ulukau: The Hawaiian Electronic Library.<\/a><\/p>\n\n\n\n<p>Kalakaua, David, and Mint Editions. \u201cKelea, the Surf-Rider of Maui.\u201d In <em>The Legends and Myths of Hawaii<\/em>. United States: Mint Editions, 2021.<\/p>\n\n\n\n<p><a href=\"https:\/\/kipukadatabase.com\/kipuka\/moku.html?ObjectID=5&amp;b=2\">&#8220;Moku of H\u0101m\u0101kuapoko&#8221; K\u012bpuka Database, Office of Hawaiian Affairs.<\/a><\/p>\n\n\n\n<p><strong><strong>Ho\u02bbopili \u02bbia i | Applied to:<\/strong><\/strong> <a href=\"https:\/\/uhawaii-manoa.primo.exlibrisgroup.com\/permalink\/01UHAWAII_MANOA\/11uc19p\/alma994807394605682\">Exploring historic Upcountry<\/a>, <a href=\"https:\/\/uhawaii-manoa.primo.exlibrisgroup.com\/permalink\/01UHAWAII_MANOA\/1rbop20\/cdi_proquest_ebookcentralchapters_3413278_5_32\">Kelea-nui-noho-\u2018ana-\u2018api\u2018api\u201d (1865)<\/a><\/p>\n\n\n\n<p><strong><strong>Mea haku | Created by:<\/strong><\/strong> Na ka hui \u02bbimi na\u02bbauao o Ka Wai H\u0101pai<\/p>\n","protected":false},"excerpt":{"rendered":"<p>Inoa | Name(s) H\u0101m\u0101kuapoko Hi\u02bbona \u02bb\u0101ina | Land characteristic: Moku Hi\u02bbona \u02bb\u0101ina o loko o k\u0113ia wahi | Feature(s) located within this place: H\u0101li\u02bbimaile; Makawao Hi\u02bbona \u02bb\u0101ina nona k\u0113ia wahi | Feature(s) that contain this place: Maui H\u014d\u02bbulu\u02bbulu mana\u02bbo He &hellip; <\/p>\n","protected":false},"author":216,"featured_media":0,"parent":656,"menu_order":2,"comment_status":"closed","ping_status":"closed","template":"","meta":{"footnotes":""},"class_list":["post-702","page","type-page","status-publish","hentry"],"_links":{"self":[{"href":"https:\/\/www.hawaii.edu\/kawaihapai\/wp-json\/wp\/v2\/pages\/702","targetHints":{"allow":["GET"]}}],"collection":[{"href":"https:\/\/www.hawaii.edu\/kawaihapai\/wp-json\/wp\/v2\/pages"}],"about":[{"href":"https:\/\/www.hawaii.edu\/kawaihapai\/wp-json\/wp\/v2\/types\/page"}],"author":[{"embeddable":true,"href":"https:\/\/www.hawaii.edu\/kawaihapai\/wp-json\/wp\/v2\/users\/216"}],"replies":[{"embeddable":true,"href":"https:\/\/www.hawaii.edu\/kawaihapai\/wp-json\/wp\/v2\/comments?post=702"}],"version-history":[{"count":12,"href":"https:\/\/www.hawaii.edu\/kawaihapai\/wp-json\/wp\/v2\/pages\/702\/revisions"}],"predecessor-version":[{"id":2672,"href":"https:\/\/www.hawaii.edu\/kawaihapai\/wp-json\/wp\/v2\/pages\/702\/revisions\/2672"}],"up":[{"embeddable":true,"href":"https:\/\/www.hawaii.edu\/kawaihapai\/wp-json\/wp\/v2\/pages\/656"}],"wp:attachment":[{"href":"https:\/\/www.hawaii.edu\/kawaihapai\/wp-json\/wp\/v2\/media?parent=702"}],"curies":[{"name":"wp","href":"https:\/\/api.w.org\/{rel}","templated":true}]}}