  {"id":704,"date":"2023-06-13T10:53:03","date_gmt":"2023-06-13T20:53:03","guid":{"rendered":"https:\/\/www.hawaii.edu\/kawaihapai\/?page_id=704"},"modified":"2024-05-24T12:09:09","modified_gmt":"2024-05-24T22:09:09","slug":"hamakualoa","status":"publish","type":"page","link":"https:\/\/www.hawaii.edu\/kawaihapai\/ka-pae-%ca%bbaina-o-hawai%ca%bbi-na-kai-%ca%bbewalu\/maui\/hamakualoa\/","title":{"rendered":"H\u0101m\u0101kualoa"},"content":{"rendered":"\n<p><strong><strong>Inoa | Name(s)<\/strong><\/strong><\/p>\n\n\n\n<p>H\u0101m\u0101kualoa<\/p>\n\n\n\n<p><strong>Hi\u02bbona \u02bb\u0101ina | Land characteristic:<\/strong> Moku<\/p>\n\n\n\n<p><strong>Hi\u02bbona \u02bb\u0101ina o loko o k\u0113ia wahi | Feature(s) located within this place:<\/strong> East Hanawana; East Kaupakulua; Halehaku; Hanehoi; Ha\u02bbik\u016b; Ha\u02bbik\u016b Uka; H\u0101m\u0101kualoa; Keaaula; Honopou; Keali\u02bbi Iki; Kuiaha; Mokupapa; \u02bb\u014cpana; Pa\u02bbuwela; Peahi; Ulumalu; Waipi\u02bboiki; Waipi\u02bbonui; West Hanawana; West Kaupakakulua<\/p>\n\n\n\n<p><strong>Hi\u02bbona \u02bb\u0101ina nona k\u0113ia wahi | Feature(s) that contain this place:<\/strong> <a href=\"https:\/\/www.hawaii.edu\/kawaihapai\/ka-pae-%ca%bbaina-o-hawai%ca%bbi-na-kai-%ca%bbewalu\/maui\/\" data-type=\"page\" data-id=\"656\">Maui<\/a><\/p>\n\n\n\n<p><strong>H\u014d\u02bbulu\u02bbulu mana\u02bbo<\/strong><\/p>\n\n\n\n<p>He moku k\u0113ia ma ka mokupuni o Maui. Aia k\u0113ia moku ma ka \u02bbao\u02bbao \u02bb\u0101kau o ka mokupuni, aia \u02bbo H\u0101m\u0101kuapoko ma kekahi \u02bbao\u02bbao a aia \u02bbo Ko\u02bbolau ma ka \u02bbao\u02bbao a\u02bbe. \u02bbO n\u0101 ua kaulana o k\u0113ia wahi \u02bbo ia ho\u02bbi ka Pe\u02bbehala, ka Pe\u02bbepe\u02bbep\u016bhala, ka Pe\u02bbep\u016bhala, a me ka \u02bbUlalena. Wahi a ka \u02bb\u014dlelo No\u02bbeau no H\u0101m\u0101kualoa &#8220;Pe\u02bbepe\u02bbe p\u016b hala&#8221; no n\u0101 kauw\u0101 o H\u0101m\u0101kualoa.<\/p>\n\n\n\n<p><strong>Description<\/strong><\/p>\n\n\n\n<p>Land section on the northern side of Maui between the districts of H\u0101m\u0101kuapoko and Ko\u02bbolau. Translates as &#8220;Long H\u0101m\u0101kua&#8221;<\/p>\n\n\n\n<p><strong>\u02bb\u014clelo kuhikuhi<\/strong><\/p>\n\n\n\n<p>E koho i\u0101 &#8220;H\u0101m\u0101kualoa&#8221; no n\u0101&nbsp;kumuwaiwai pili i ka moku o H\u0101m\u0101kuapoko ma ka mokupuni o Maui. No ka moku o H\u0101m\u0101kua ma ka mokupuni o Hawai\u02bbi, e koho i\u0101 &#8220;H\u0101m\u0101kua&#8221; a no ka moku o H\u0101m\u0101kuapoko ma Maui, e koho i\u0101 &#8220;H\u0101m\u0101kuapoko&#8221;<\/p>\n\n\n\n<p><strong>Instructions<\/strong><\/p>\n\n\n\n<p>Use for the moku on Maui. Not to be confused with the moku of H\u0101m\u0101kuapoko on Maui or the moku of H\u0101m\u0101kua on Hawai\u02bbi.<\/p>\n\n\n\n<p><strong><strong><strong>Mo\u02bbok\u016b\u02bbauhau | Genealogy\u00a0<\/strong><\/strong><\/strong><\/p>\n\n\n\n<p><em>Akua | Deity:<\/em> Kana; N\u012bheu<\/p>\n\n\n\n<p><strong><strong>Hana | Practice:<\/strong><\/strong> <a href=\"https:\/\/www.hawaii.edu\/kawaihapai\/hana-list\/mahi-%ca%bbai\/\" data-type=\"page\" data-id=\"1731\">Mahi\u02bbai<\/a><\/p>\n\n\n\n<p><strong><strong>K\u016bmole | Source(s)<\/strong><\/strong><\/p>\n\n\n\n<p>Akana-Gooch, Collette L., and Kiele Gonzalez. <em>H\u0101nau Ka Ua\u202f: Hawaiian Rain Names<\/em>. Honolulu, Hawai\u02bbi: Kamehameha Publishing, 2015.<\/p>\n\n\n\n<p><a href=\"https:\/\/ulukau.org\/cgi-bin\/hpn?a=q&amp;r=1&amp;hs=1&amp;t=1&amp;e=q-0hpn--00-0-0--010---4------0-0l--1en-Zz-1---20-about---00031-001-10escapewin-00&amp;q=h%E4m%E4kualoa&amp;h=dtx&amp;summarise=true\">\u201cH\u0101m\u0101kualoa,\u201d Inoa \u02bb\u0100ina Hawai\u02bbi Database, Ulukau: The Hawaiian Electronic Library.<\/a><\/p>\n\n\n\n<p><a href=\"https:\/\/kipukadatabase.com\/kipuka\/moku.html?ObjectID=4&amp;b=2\">&#8220;Moku of H\u0101m\u0101kualoa,&#8221; K\u012bpuka Database, Office of Hawaiian Affairs.<\/a><\/p>\n\n\n\n<p>Pukui, Mary Kawena. <em>\u2019Olelo No\u2019eau\u202f: Hawaiian Proverbs &amp; Poetical Sayings<\/em>. Honolulu, Hawai\u2019i: Bishop Museum Press, 1983.<\/p>\n\n\n\n<p>Sterling, Elspeth P. <em>Sites of Maui<\/em>. Honolulu: Bishop Museum Press, 1998.<\/p>\n\n\n\n<p><strong><strong>Ho\u02bbopili \u02bbia i | Applied to:<\/strong> <\/strong><a href=\"https:\/\/uhawaii-manoa.primo.exlibrisgroup.com\/permalink\/01UHAWAII_MANOA\/11uc19p\/alma9919342654605682\">Hamakua Humanities Project, October 1974-May 1975 : a summary : a study of land use, cultural diversity and the sense of community in Hamakua District, Hawaii : a century in perspective<\/a>, <a href=\"https:\/\/uhawaii-manoa.primo.exlibrisgroup.com\/permalink\/01UHAWAII_MANOA\/11uc19p\/alma9919154714605682\">The closing of sugar plantations : interviews with families of H\u0101m\u0101kua and Ka\u02bb\u016b, Hawai\u02bbi<\/a>, <a href=\"https:\/\/uhawaii-manoa.primo.exlibrisgroup.com\/permalink\/01UHAWAII_MANOA\/11uc19p\/alma9922216444605682\">Wai o ke ola : he wahi mo\u02bbolelo no Maui Hikina<\/a>, <a href=\"https:\/\/uhawaii-manoa.primo.exlibrisgroup.com\/permalink\/01UHAWAII_MANOA\/11uc19p\/alma9910906825005681\">Registered map 956: Hamakualoa, Maui<\/a><\/p>\n\n\n\n<p><strong><strong>Mea haku | Created by:\u00a0<\/strong><\/strong>Na ka hui \u02bbimi na\u02bbauao o Ka Wai H\u0101pai<\/p>\n","protected":false},"excerpt":{"rendered":"<p>Inoa | Name(s) H\u0101m\u0101kualoa Hi\u02bbona \u02bb\u0101ina | Land characteristic: Moku Hi\u02bbona \u02bb\u0101ina o loko o k\u0113ia wahi | Feature(s) located within this place: East Hanawana; East Kaupakulua; Halehaku; Hanehoi; Ha\u02bbik\u016b; Ha\u02bbik\u016b Uka; H\u0101m\u0101kualoa; Keaaula; Honopou; Keali\u02bbi Iki; Kuiaha; Mokupapa; \u02bb\u014cpana; &hellip; <\/p>\n","protected":false},"author":216,"featured_media":0,"parent":656,"menu_order":0,"comment_status":"closed","ping_status":"closed","template":"","meta":{"footnotes":""},"class_list":["post-704","page","type-page","status-publish","hentry"],"_links":{"self":[{"href":"https:\/\/www.hawaii.edu\/kawaihapai\/wp-json\/wp\/v2\/pages\/704","targetHints":{"allow":["GET"]}}],"collection":[{"href":"https:\/\/www.hawaii.edu\/kawaihapai\/wp-json\/wp\/v2\/pages"}],"about":[{"href":"https:\/\/www.hawaii.edu\/kawaihapai\/wp-json\/wp\/v2\/types\/page"}],"author":[{"embeddable":true,"href":"https:\/\/www.hawaii.edu\/kawaihapai\/wp-json\/wp\/v2\/users\/216"}],"replies":[{"embeddable":true,"href":"https:\/\/www.hawaii.edu\/kawaihapai\/wp-json\/wp\/v2\/comments?post=704"}],"version-history":[{"count":10,"href":"https:\/\/www.hawaii.edu\/kawaihapai\/wp-json\/wp\/v2\/pages\/704\/revisions"}],"predecessor-version":[{"id":2674,"href":"https:\/\/www.hawaii.edu\/kawaihapai\/wp-json\/wp\/v2\/pages\/704\/revisions\/2674"}],"up":[{"embeddable":true,"href":"https:\/\/www.hawaii.edu\/kawaihapai\/wp-json\/wp\/v2\/pages\/656"}],"wp:attachment":[{"href":"https:\/\/www.hawaii.edu\/kawaihapai\/wp-json\/wp\/v2\/media?parent=704"}],"curies":[{"name":"wp","href":"https:\/\/api.w.org\/{rel}","templated":true}]}}