  {"id":709,"date":"2023-06-13T10:58:46","date_gmt":"2023-06-13T20:58:46","guid":{"rendered":"https:\/\/www.hawaii.edu\/kawaihapai\/?page_id=709"},"modified":"2024-05-24T11:47:54","modified_gmt":"2024-05-24T21:47:54","slug":"hana","status":"publish","type":"page","link":"https:\/\/www.hawaii.edu\/kawaihapai\/ka-pae-%ca%bbaina-o-hawai%ca%bbi-na-kai-%ca%bbewalu\/maui\/hana\/","title":{"rendered":"H\u0101na"},"content":{"rendered":"\n<p><strong><strong>Inoa | Name(s)<\/strong><\/strong><\/p>\n\n\n\n<p>H\u0101na<\/p>\n\n\n\n<p><strong>Hi\u02bbona \u02bb\u0101ina | Land characteristic:<\/strong> Moku<\/p>\n\n\n\n<p><strong>Hi\u02bbona \u02bb\u0101ina o loko o k\u0113ia wahi | Feature(s) located within this place:<\/strong> Haneo\u02bbo; Honokalani; H\u0101moa; Honom\u0101\u02bbele; Kawaipapa; Kawela; K\u0101ki\u02bbo; Mokae; M\u016b\u02bbolea; Pu\u02bbuhaoa; Wailua; Waiohonu; W\u0101kiu<\/p>\n\n\n\n<p><strong><strong>Hi\u02bbona \u02bb\u0101ina nona k\u0113ia wahi | Feature(s) that contain this place:<\/strong><\/strong> <a href=\"https:\/\/www.hawaii.edu\/kawaihapai\/ka-pae-\u02bbaina-o-hawai\u02bbi-na-kai-\u02bbewalu\/maui\/\" target=\"_blank\" rel=\"noreferrer noopener\">Maui<\/a><\/p>\n\n\n\n<p><strong>H\u014d\u02bbulu\u02bbulu mana\u02bbo<\/strong><\/p>\n\n\n\n<p>He moku k\u0113ia ma ka mokupuni o Maui. \u02bbO H\u0101na ka \u02bbao\u02bbao hikina o ka mokupuni. Aia ma waena o ka moku o Ko\u02bbolau ma ka \u02bbao\u02bbao \u02bb\u0101kau a me K\u012bpahulu ma ka \u02bbao\u02bbao hema. Wahi a n\u0101 k\u016bpuna no H\u0101na, &#8220;H\u0101na, mai Ko\u02bbolau a Kaup\u014d,&#8221; no ka nui o k\u0113ia wahi. Kaulana p\u016b ka ua o k\u0113ia wahi, \u02bbo ia ho\u02bbi &#8220;Ka ua kea o H\u0101na&#8221; a me &#8220;Ka ua Laniha\u02bbaha\u02bba o H\u0101na.&#8221; Nui n\u0101 wahi kaulana o k\u0113ia wahi, e like me k\u0113ia \u02bb\u014dlelo: &#8220;\u02bbO Wananalua ia \u02bb\u0101ina; \u02bbo Punahoa ka wai; \u02bbo Ka\u02bbuiki ka pu\u02bbu.&#8221; Aia ka heiau nui o Maui ma H\u0101na, \u02bbo ia ho\u02bbi \u02bbo Pi\u02bbilanihale.&nbsp;<\/p>\n\n\n\n<p><strong>Description<\/strong><\/p>\n\n\n\n<p>Quadrangle, village, bay, surfing area, elementary and high school, beach park, district, forest reserve, plantation, and road, East Maui. Queen Ka-\u02bbahu-manu was born here at a place called P\u014dnaha-ke-one (circle [of] the sand). Poetic: \u02bb\u0101ina ua, lani ha\u02bbaha\u02bba (PH 210), rainy land, low-lying sky. (Ii 172.) See N\u0101-nu\u02bba-lele. (Place Names of Hawai\u02bbi)<\/p>\n\n\n\n<p><strong>\u02bb\u014clelo kuhikuhi<\/strong><\/p>\n\n\n\n<p>E koho i\u0101 &#8220;H\u0101na&#8221; no ka moku o k\u0113ia inoa ma ka mokupuni o Maui.<\/p>\n\n\n\n<p><strong>Instructions<\/strong><\/p>\n\n\n\n<p>Use for the moku called H\u0101na on Maui.<\/p>\n\n\n\n<p><strong><strong>Mo\u02bbok\u016b\u02bbauhau | Genealogy\u00a0<\/strong><\/strong><\/p>\n\n\n\n<p><em>Akua | Deity:<\/em> Pele; \u02bbAi\u02bbai; Ku\u02bbula, Kamapua\u02bba<\/p>\n\n\n\n<p><em>Kanaka | Person:<\/em> Ka\u02bbahumanu; Ke\u02bbeaumoku; Kaheiheimaile Hoapiliwahine; Kamal\u0101l\u0101walu\u00a0<\/p>\n\n\n\n<p><strong><strong>Hana | Practice:<\/strong><\/strong> <a href=\"https:\/\/www.hawaii.edu\/kawaihapai\/hana-list\/mahi-%ca%bbai\/\" data-type=\"page\" data-id=\"1731\">Mahi\u02bbai;<\/a> <a href=\"https:\/\/www.hawaii.edu\/kawaihapai\/hana-list\/lawai\u02bba\/\" target=\"_blank\" rel=\"noreferrer noopener\">Lawai\u02bba<\/a>; <a href=\"https:\/\/www.hawaii.edu\/kawaihapai\/hana-list\/he%ca%bbe-nalu\/\" data-type=\"page\" data-id=\"914\">He\u02bbe nalu<\/a><\/p>\n\n\n\n<p><strong><strong>K\u016bmole | Source(s)<\/strong><\/strong><\/p>\n\n\n\n<p><a href=\"https:\/\/ulukau.org\/cgi-bin\/hpn?a=q&amp;r=1&amp;hs=1&amp;t=1&amp;e=q-0hpn--00-0-0--010---4----dtx--0-0l--1en-Zz-1---20-about---00031-000-10escapewin-00&amp;q=Ko%27olau&amp;h=dtx&amp;summarise=0\">\u201cH\u0101na,\u201d Inoa \u02bb\u0100ina Hawai\u02bbi Database, Ulukau: T<\/a><a href=\"https:\/\/ulukau.org\/cgi-bin\/hpn?a=q&amp;r=1&amp;hs=1&amp;t=1&amp;e=q-0hpn--00-0-0--010---4----dtx--0-0l--1en-Zz-1---20-about---00031-000-10escapewin-00&amp;q=H%E4na&amp;h=dtx&amp;summarise=0\">he Hawaiian Electronic Library.<\/a><\/p>\n\n\n\n<p>Pukui, Mary Kawena. <em>\u2019Olelo No\u2019eau\u202f: Hawaiian Proverbs &amp; Poetical Sayings<\/em>. Honolulu, Hawai\u2019i: Bishop Museum Press, 1983.<\/p>\n\n\n\n<p><a href=\"https:\/\/ulukau.org\/ulukau-books\/?a=d&amp;d=EBOOK-PEPN.2.1.1&amp;e=-------haw-20--1--txt-txPT-----------\">Pukui, Mary Kawena, Samuel H. (Samuel Hoyt) Elbert, and Esther T. Mookini. Place Names of Hawaii. Rev. and enl. Ed. Honolulu: University Press of Hawaii, 1976. Ulukau: The Hawaiian Electronic Library.<\/a><\/p>\n\n\n\n<p>Sterling, Elspeth P. <em>Sites of Maui<\/em>. Honolulu: Bishop Museum Press, 1998.<\/p>\n\n\n\n<p><strong><strong>Ho\u02bbopili \u02bbia i | Applied to:<\/strong><\/strong> <a href=\"https:\/\/uhawaii-manoa.primo.exlibrisgroup.com\/permalink\/01UHAWAII_MANOA\/11uc19p\/alma9929703134605682\" target=\"_blank\" rel=\"noreferrer noopener\">A song for H\u0101na &amp; the spirit of Leho\u02bbula<\/a>; <a href=\"https:\/\/uhawaii-manoa.primo.exlibrisgroup.com\/permalink\/01UHAWAII_MANOA\/11uc19p\/alma9928648854605682\" target=\"_blank\" rel=\"noreferrer noopener\">Ku&#8217;ula-kai (book chapter<\/a>); <a href=\"https:\/\/uhawaii-manoa.primo.exlibrisgroup.com\/permalink\/01UHAWAII_MANOA\/11uc19p\/alma9951066439505682\">K\u016bkulu Hale in H\u0101na, east maui: reviving traditional Hawaiian house and Heiau building (book chapter)<\/a>; <a href=\"https:\/\/uhawaii-manoa.primo.exlibrisgroup.com\/permalink\/01UHAWAII_MANOA\/11uc19p\/alma9919746504605682\" target=\"_blank\" rel=\"noreferrer noopener\">The H\u0101na Cultural Center &amp; Museum (journal)<\/a>; <a href=\"https:\/\/uhawaii-manoa.primo.exlibrisgroup.com\/permalink\/01UHAWAII_MANOA\/11uc19p\/alma9932294054605682\" target=\"_blank\" rel=\"noreferrer noopener\">\u02bbAi\u02bbai<\/a>; <a href=\"https:\/\/uhawaii-manoa.primo.exlibrisgroup.com\/permalink\/01UHAWAII_MANOA\/11uc19p\/alma998221604605682\" target=\"_blank\" rel=\"noreferrer noopener\">Building a hale (book chapter)<\/a><\/p>\n\n\n\n<p><strong><strong>Mea haku | Created by:<\/strong><\/strong> Na ka hui \u02bbimi na\u02bbauao o Ka Wai H\u0101pa<\/p>\n","protected":false},"excerpt":{"rendered":"<p>Inoa | Name(s) H\u0101na Hi\u02bbona \u02bb\u0101ina | Land characteristic: Moku Hi\u02bbona \u02bb\u0101ina o loko o k\u0113ia wahi | Feature(s) located within this place: Haneo\u02bbo; Honokalani; H\u0101moa; Honom\u0101\u02bbele; Kawaipapa; Kawela; K\u0101ki\u02bbo; Mokae; M\u016b\u02bbolea; Pu\u02bbuhaoa; Wailua; Waiohonu; W\u0101kiu Hi\u02bbona \u02bb\u0101ina nona k\u0113ia &hellip; <\/p>\n","protected":false},"author":216,"featured_media":0,"parent":656,"menu_order":4,"comment_status":"closed","ping_status":"closed","template":"","meta":{"footnotes":""},"class_list":["post-709","page","type-page","status-publish","hentry"],"_links":{"self":[{"href":"https:\/\/www.hawaii.edu\/kawaihapai\/wp-json\/wp\/v2\/pages\/709","targetHints":{"allow":["GET"]}}],"collection":[{"href":"https:\/\/www.hawaii.edu\/kawaihapai\/wp-json\/wp\/v2\/pages"}],"about":[{"href":"https:\/\/www.hawaii.edu\/kawaihapai\/wp-json\/wp\/v2\/types\/page"}],"author":[{"embeddable":true,"href":"https:\/\/www.hawaii.edu\/kawaihapai\/wp-json\/wp\/v2\/users\/216"}],"replies":[{"embeddable":true,"href":"https:\/\/www.hawaii.edu\/kawaihapai\/wp-json\/wp\/v2\/comments?post=709"}],"version-history":[{"count":15,"href":"https:\/\/www.hawaii.edu\/kawaihapai\/wp-json\/wp\/v2\/pages\/709\/revisions"}],"predecessor-version":[{"id":2653,"href":"https:\/\/www.hawaii.edu\/kawaihapai\/wp-json\/wp\/v2\/pages\/709\/revisions\/2653"}],"up":[{"embeddable":true,"href":"https:\/\/www.hawaii.edu\/kawaihapai\/wp-json\/wp\/v2\/pages\/656"}],"wp:attachment":[{"href":"https:\/\/www.hawaii.edu\/kawaihapai\/wp-json\/wp\/v2\/media?parent=709"}],"curies":[{"name":"wp","href":"https:\/\/api.w.org\/{rel}","templated":true}]}}