  {"id":717,"date":"2023-06-13T11:07:54","date_gmt":"2023-06-13T21:07:54","guid":{"rendered":"https:\/\/www.hawaii.edu\/kawaihapai\/?page_id=717"},"modified":"2024-05-24T11:57:31","modified_gmt":"2024-05-24T21:57:31","slug":"honua%ca%bbula","status":"publish","type":"page","link":"https:\/\/www.hawaii.edu\/kawaihapai\/ka-pae-%ca%bbaina-o-hawai%ca%bbi-na-kai-%ca%bbewalu\/maui\/honua%ca%bbula\/","title":{"rendered":"Honua\u02bbula"},"content":{"rendered":"\n<p><strong><strong>Inoa | Name(s)<\/strong><\/strong><\/p>\n\n\n\n<p>Honua\u02bbula<\/p>\n\n\n\n<p><strong>Hi\u02bbona \u02bb\u0101ina | Land characteristic:<\/strong> Moku<\/p>\n\n\n\n<p><strong>Hi\u02bbona \u02bb\u0101ina o loko o k\u0113ia wahi | Feature(s) located within this place:<\/strong> Kalihi; Kaloi; Kanahena; Kanaio; Keauho; Kualapa; Mohopilo; Palauea; Papaka Kai; Papaka Uka; Papa\u02bbanui<\/p>\n\n\n\n<p><strong>Hi\u02bbona \u02bb\u0101ina nona k\u0113ia wahi | Feature(s) that contain this place:<\/strong>\u00a0<a href=\"https:\/\/www.hawaii.edu\/kawaihapai\/ka-pae-%ca%bbaina-o-hawai%ca%bbi-na-kai-%ca%bbewalu\/maui\/\" data-type=\"page\" data-id=\"656\">Maui<\/a><\/p>\n\n\n\n<p><strong>H\u014d\u02bbulu\u02bbulu mana\u02bbo<\/strong><\/p>\n\n\n\n<p>He moku k\u0113ia ma ka mokupuni o Maui. Aia ma ka \u02bbao\u02bbao hema o ka mokupuni. Ma ka \u02bbao\u02bbao hikina, aia ka moku o Kahikinui, a aia ma ka \u02bbao\u02bbao \u02bb\u0101kau ka moku o Kula. \u02bb\u014clelo \u02bbia k\u0113ia no Honua\u02bbula: &#8220;Honua\u02bbula, e p\u0101luku \u02bbia ana na kihi po\u02bbohiwi e n\u0101 \u02bbale o ka Moa\u02bbe,&#8221; no ka nui o ka makani ma laila, a me &#8220;Honua\u02bbula kua la\u02bbola\u02bbo,&#8221; no ka po\u02bbe ma laila ma muli o ka hana nui o l\u0101kou. Ma ka w\u0101 kahiko, ma ke kula o k\u0113ia wahi, ulu a\u02bbela n\u0101 kumu l\u0101\u02bbau kou. \u02bbO Ulupalakua kahi h\u0101nai holoholona kaulana loa ma k\u0113ia wahi. Aia ka mokupuni \u02bbo Kaho\u02bbolawe ma k\u0113ia moku.&nbsp;<\/p>\n\n\n\n<p><strong>Description<\/strong><\/p>\n\n\n\n<p>Congregational church at Ka-naio and a nearby land division, M\u0101kena qd., Maui (Coulter map, p. 229; RC 85). (Place Names of Hawai\u02bbi)<\/p>\n\n\n\n<p><strong>\u02bb\u014clelo kuhikuhi<\/strong><\/p>\n\n\n\n<p>E koho i\u0101 &#8220;Honua\u02bbula&#8221; no ka moku o k\u0113ia inoa ma ka mokupuni o Maui.<\/p>\n\n\n\n<p><strong>Instructions<\/strong><\/p>\n\n\n\n<p>Use for the moku called Honua\u02bbula on the island of Maui.<\/p>\n\n\n\n<p><strong><strong>Hana | Practice:<\/strong> <\/strong><a href=\"https:\/\/www.hawaii.edu\/kawaihapai\/hana-list\/mahi-%ca%bbai\/\" data-type=\"page\" data-id=\"1731\">Mahi\u02bbai<\/a>; <a href=\"https:\/\/www.hawaii.edu\/kawaihapai\/hana-list\/lawai%ca%bba\/\" data-type=\"page\" data-id=\"992\">Lawai\u02bba\u00a0<\/a><\/p>\n\n\n\n<p><strong><strong>K\u016bmole | Source(s)<\/strong><\/strong><\/p>\n\n\n\n<p><a href=\"https:\/\/ulukau.org\/cgi-bin\/hpn?a=q&amp;r=1&amp;hs=1&amp;t=1&amp;e=q-0hpn--00-0-0--010---4----dtx--0-0l--1en-Zz-1---20-about---00031-000-10escapewin-00&amp;q=honua%27ula&amp;h=dtx&amp;summarise=0\">\u201cHonua\u02bbula,\u201d Inoa \u02bb\u0100ina Hawai\u02bbi Database, Ulukau: The Hawaiian Electronic Library.<\/a><\/p>\n\n\n\n<p>Pukui, Mary Kawena.&nbsp;<em>\u2019Olelo No\u2019eau\u202f: Hawaiian Proverbs &amp; Poetical Sayings<\/em>. Honolulu, Hawai\u2019i: Bishop Museum Press, 1983.<\/p>\n\n\n\n<p><a href=\"https:\/\/ulukau.org\/ulukau-books\/?a=d&amp;d=EBOOK-PEPN.2.1.1&amp;e=-------haw-20--1--txt-txPT-----------\">Pukui, Mary Kawena, Samuel H. (Samuel Hoyt) Elbert, and Esther T. Mookini. Place Names of Hawaii. Rev. and enl. Ed. Honolulu: University Press of Hawaii, 1976. Ulukau: The Hawaiian Electronic Library.<\/a><\/p>\n\n\n\n<p>Sterling, Elspeth P.&nbsp;<em>Sites of Maui<\/em>. Honolulu: Bishop Museum Press, 1998.<\/p>\n\n\n\n<p><strong><strong>Ho\u02bbopili \u02bbia i | Applied to:\u00a0<\/strong><\/strong><a href=\"https:\/\/uhawaii-manoa.primo.exlibrisgroup.com\/permalink\/01UHAWAII_MANOA\/11uc19p\/alma9918773594605682\">Honuaula<\/a>, <a href=\"https:\/\/uhawaii-manoa.primo.exlibrisgroup.com\/permalink\/01UHAWAII_MANOA\/11uc19p\/alma9911727448905681\">Registered Map 1779 : Honuaula District, Maui <\/a><\/p>\n\n\n\n<p><strong><strong>Mea haku | Created by: <\/strong><\/strong>Na ka hui \u02bbimi na\u02bbauao o Ka Wai H\u0101pai<\/p>\n","protected":false},"excerpt":{"rendered":"<p>Inoa | Name(s) Honua\u02bbula Hi\u02bbona \u02bb\u0101ina | Land characteristic: Moku Hi\u02bbona \u02bb\u0101ina o loko o k\u0113ia wahi | Feature(s) located within this place: Kalihi; Kaloi; Kanahena; Kanaio; Keauho; Kualapa; Mohopilo; Palauea; Papaka Kai; Papaka Uka; Papa\u02bbanui Hi\u02bbona \u02bb\u0101ina nona k\u0113ia &hellip; <\/p>\n","protected":false},"author":216,"featured_media":0,"parent":656,"menu_order":8,"comment_status":"closed","ping_status":"closed","template":"","meta":{"footnotes":""},"class_list":["post-717","page","type-page","status-publish","hentry"],"_links":{"self":[{"href":"https:\/\/www.hawaii.edu\/kawaihapai\/wp-json\/wp\/v2\/pages\/717","targetHints":{"allow":["GET"]}}],"collection":[{"href":"https:\/\/www.hawaii.edu\/kawaihapai\/wp-json\/wp\/v2\/pages"}],"about":[{"href":"https:\/\/www.hawaii.edu\/kawaihapai\/wp-json\/wp\/v2\/types\/page"}],"author":[{"embeddable":true,"href":"https:\/\/www.hawaii.edu\/kawaihapai\/wp-json\/wp\/v2\/users\/216"}],"replies":[{"embeddable":true,"href":"https:\/\/www.hawaii.edu\/kawaihapai\/wp-json\/wp\/v2\/comments?post=717"}],"version-history":[{"count":10,"href":"https:\/\/www.hawaii.edu\/kawaihapai\/wp-json\/wp\/v2\/pages\/717\/revisions"}],"predecessor-version":[{"id":2663,"href":"https:\/\/www.hawaii.edu\/kawaihapai\/wp-json\/wp\/v2\/pages\/717\/revisions\/2663"}],"up":[{"embeddable":true,"href":"https:\/\/www.hawaii.edu\/kawaihapai\/wp-json\/wp\/v2\/pages\/656"}],"wp:attachment":[{"href":"https:\/\/www.hawaii.edu\/kawaihapai\/wp-json\/wp\/v2\/media?parent=717"}],"curies":[{"name":"wp","href":"https:\/\/api.w.org\/{rel}","templated":true}]}}