  {"id":719,"date":"2023-06-13T12:09:15","date_gmt":"2023-06-13T22:09:15","guid":{"rendered":"https:\/\/www.hawaii.edu\/kawaihapai\/?page_id=719"},"modified":"2024-05-24T11:59:29","modified_gmt":"2024-05-24T21:59:29","slug":"kula","status":"publish","type":"page","link":"https:\/\/www.hawaii.edu\/kawaihapai\/ka-pae-%ca%bbaina-o-hawai%ca%bbi-na-kai-%ca%bbewalu\/maui\/kula\/","title":{"rendered":"Kula"},"content":{"rendered":"\n<p><strong><strong>Inoa | Name(s)<\/strong><\/strong><\/p>\n\n\n\n<p>Kula<\/p>\n\n\n\n<p><strong>Hi\u02bbona \u02bb\u0101ina | Land characteristic:<\/strong> Moku<\/p>\n\n\n\n<p><strong>Hi\u02bbona \u02bb\u0101ina o loko o k\u0113ia wahi | Feature(s) located within this place:<\/strong> Alae, A\u02bbapueo, Kalialinui, Kama\u02bbole, Kamehame Iki, Kamehame Nui, Ka\u02bbono\u02bbulu, K\u0113\u014dkea, K\u014dheo, Maka\u02bbeha, Paeahu, P\u016blehu Iki, Waiakoa, Waiohuli, Ma\u02bbopio<\/p>\n\n\n\n<p><strong>Hi\u02bbona \u02bb\u0101ina nona k\u0113ia wahi | Feature(s) that contain this place:<\/strong> <a href=\"https:\/\/www.hawaii.edu\/kawaihapai\/ka-pae-%ca%bbaina-o-hawai%ca%bbi-na-kai-%ca%bbewalu\/maui\/\" data-type=\"page\" data-id=\"656\">Maui<\/a><\/p>\n\n\n\n<p><strong>H\u014d\u02bbulu\u02bbulu mana\u02bbo<\/strong><\/p>\n\n\n\n<p>He moku k\u0113ia ma ka mokupuni o Maui. Aia ma waena o Honua\u02bbula ma ka \u02bbao\u02bbao hema a me P\u016b\u02bbali Komohana ma ka \u02bbao\u02bbao komohana. \u02bb\u014clelo \u02bbia no Kula, &#8220;Moe kokolo ka uahi o Kula, he Hau,&#8221; no ka \u02bbaw\u012bw\u012b o kahi kanaka, a me &#8220;N\u0101 keiki uneune m\u0101mani o Kula,&#8221; no ka hana nui a maika\u02bbi o n\u0101 po\u02bbe o Kula.<\/p>\n\n\n\n<p><strong>Description<\/strong><\/p>\n\n\n\n<p>Elementary school, sanatorium, land area, forest reserve, and former district, Kilohana qd., Maui. (Place Names of Hawai\u02bbi)<\/p>\n\n\n\n<p><strong>\u02bb\u014clelo kuhikuhi<\/strong><\/p>\n\n\n\n<p>E koho i\u0101 &#8220;Kula&#8221; no ka moku o k\u0113ia inoa ma ka mokupuni o Maui.<\/p>\n\n\n\n<p><strong>Instructions<\/strong><\/p>\n\n\n\n<p>Use for the moku called Kula on the island of Maui.<\/p>\n\n\n\n<p><strong><strong>Mo\u02bbok\u016b\u02bbauhau | Genealogy<\/strong><\/strong><\/p>\n\n\n\n<p><em>Akua | Deity:<\/em> Maui<\/p>\n\n\n\n<p><em>Kanaka | Person:<\/em> Kahekili; Kalani\u02bbopu\u02bbu; Kekaulike; Kihaapi\u02bbilani<\/p>\n\n\n\n<p><strong><strong>Hana | Practice:<\/strong><\/strong> <a href=\"https:\/\/www.hawaii.edu\/kawaihapai\/hana-list\/mahi-%ca%bbai\/\" data-type=\"page\" data-id=\"1731\">Mahi\u02bbai;<\/a> <a href=\"https:\/\/www.hawaii.edu\/kawaihapai\/hana-list\/lawai%ca%bba\/\" data-type=\"page\" data-id=\"992\">Lawai\u02bba<\/a><\/p>\n\n\n\n<p><strong>K\u016bmole | Source(s)<\/strong><\/p>\n\n\n\n<p><a href=\"https:\/\/ulukau.org\/cgi-bin\/hpn?a=q&amp;r=1&amp;hs=1&amp;t=1&amp;e=q-0hpn--00-0-0--010---4----dtx--0-0l--1en-Zz-1---20-about---00031-000-10escapewin-00&amp;q=kula&amp;h=dtx&amp;summarise=0\">\u201cKula,\u201d Inoa \u02bb\u0100ina Hawai\u02bbi Database, Ulukau: The Hawaiian Electronic Library.<\/a><\/p>\n\n\n\n<p>Pukui, Mary Kawena.&nbsp;<em>\u2019Olelo No\u2019eau\u202f: Hawaiian Proverbs &amp; Poetical Sayings<\/em>. Honolulu, Hawai\u2019i: Bishop Museum Press, 1983.<\/p>\n\n\n\n<p><a href=\"https:\/\/ulukau.org\/ulukau-books\/?a=d&amp;d=EBOOK-PEPN.2.1.1&amp;e=-------haw-20--1--txt-txPT-----------\">Pukui, Mary Kawena, Samuel H. (Samuel Hoyt) Elbert, and Esther T. Mookini. Place Names of Hawaii. Rev. and enl. Ed. Honolulu: University Press of Hawaii, 1976. Ulukau: The Hawaiian Electronic Library.<\/a><\/p>\n\n\n\n<p>Sterling, Elspeth P.&nbsp;<em>Sites of Maui<\/em>. Honolulu: Bishop Museum Press, 1998.<\/p>\n\n\n\n<p><strong><strong>Ho\u02bbopili \u02bbia i | Applied to:<\/strong> <\/strong><a href=\"https:\/\/uhawaii-manoa.primo.exlibrisgroup.com\/permalink\/01UHAWAII_MANOA\/11uc19p\/alma9950078404605682\">The historical ecology of coastal K\u012bhei district of Kula, Maui<\/a>, <a href=\"https:\/\/uhawaii-manoa.primo.exlibrisgroup.com\/permalink\/01UHAWAII_MANOA\/11uc19p\/alma9910906943205681\">Registered map 913: Kula, Maui<\/a><\/p>\n\n\n\n<p><strong><strong>Mea haku | Created by:<\/strong><\/strong> Na ka hui \u02bbimi na\u02bbauao o Ka Wai H\u0101pai<\/p>\n\n\n\n<p><\/p>\n","protected":false},"excerpt":{"rendered":"<p>Inoa | Name(s) Kula Hi\u02bbona \u02bb\u0101ina | Land characteristic: Moku Hi\u02bbona \u02bb\u0101ina o loko o k\u0113ia wahi | Feature(s) located within this place: Alae, A\u02bbapueo, Kalialinui, Kama\u02bbole, Kamehame Iki, Kamehame Nui, Ka\u02bbono\u02bbulu, K\u0113\u014dkea, K\u014dheo, Maka\u02bbeha, Paeahu, P\u016blehu Iki, Waiakoa, Waiohuli, &hellip; <\/p>\n","protected":false},"author":216,"featured_media":0,"parent":656,"menu_order":0,"comment_status":"closed","ping_status":"closed","template":"","meta":{"footnotes":""},"class_list":["post-719","page","type-page","status-publish","hentry"],"_links":{"self":[{"href":"https:\/\/www.hawaii.edu\/kawaihapai\/wp-json\/wp\/v2\/pages\/719","targetHints":{"allow":["GET"]}}],"collection":[{"href":"https:\/\/www.hawaii.edu\/kawaihapai\/wp-json\/wp\/v2\/pages"}],"about":[{"href":"https:\/\/www.hawaii.edu\/kawaihapai\/wp-json\/wp\/v2\/types\/page"}],"author":[{"embeddable":true,"href":"https:\/\/www.hawaii.edu\/kawaihapai\/wp-json\/wp\/v2\/users\/216"}],"replies":[{"embeddable":true,"href":"https:\/\/www.hawaii.edu\/kawaihapai\/wp-json\/wp\/v2\/comments?post=719"}],"version-history":[{"count":11,"href":"https:\/\/www.hawaii.edu\/kawaihapai\/wp-json\/wp\/v2\/pages\/719\/revisions"}],"predecessor-version":[{"id":2665,"href":"https:\/\/www.hawaii.edu\/kawaihapai\/wp-json\/wp\/v2\/pages\/719\/revisions\/2665"}],"up":[{"embeddable":true,"href":"https:\/\/www.hawaii.edu\/kawaihapai\/wp-json\/wp\/v2\/pages\/656"}],"wp:attachment":[{"href":"https:\/\/www.hawaii.edu\/kawaihapai\/wp-json\/wp\/v2\/media?parent=719"}],"curies":[{"name":"wp","href":"https:\/\/api.w.org\/{rel}","templated":true}]}}