  {"id":721,"date":"2023-06-13T12:15:32","date_gmt":"2023-06-13T22:15:32","guid":{"rendered":"https:\/\/www.hawaii.edu\/kawaihapai\/?page_id=721"},"modified":"2024-05-24T12:04:03","modified_gmt":"2024-05-24T22:04:03","slug":"lahaina","status":"publish","type":"page","link":"https:\/\/www.hawaii.edu\/kawaihapai\/lahaina\/","title":{"rendered":"L\u0101hain\u0101"},"content":{"rendered":"\n<p><strong><strong>Inoa | Name(s)<\/strong><\/strong><\/p>\n\n\n\n<p>L\u0101hain\u0101; Lele; Honoapiilani<\/p>\n\n\n\n<p><strong>Hi\u02bbona \u02bb\u0101ina | Land characteristic:\u00a0<\/strong>Moku<\/p>\n\n\n\n<p><strong>Hi\u02bbona \u02bb\u0101ina o loko o k\u0113ia wahi | Feature(s) located within this place:<\/strong> Aki; Hahakea; Halaka\u02bba; Hanaka\u02bb\u014d\u02bb\u014d; Kahua; Kapunakea; Kaua\u02bbula; Ko\u02bboka; Kuholilea; Kuhua; Ku\u02bbia, Launiupoko; Moali\u02bbi; M\u0101kila; Olowalu; Pana\u02bbewa; Paunau; Pola Iki; Pola Nui; Pu\u02bbuiki; P\u0101hoa; P\u016behuehuiki; P\u016behuehunui; P\u016b\u02bbou, Ukumehame; Wahikuli; Waine\u02bbe<\/p>\n\n\n\n<p><strong>Hi\u02bbona \u02bb\u0101ina nona k\u0113ia wahi | Feature(s) that contain this place:<\/strong> <a href=\"https:\/\/www.hawaii.edu\/kawaihapai\/ka-pae-%ca%bbaina-o-hawai%ca%bbi-na-kai-%ca%bbewalu\/maui\/\" data-type=\"page\" data-id=\"656\">Maui<\/a><\/p>\n\n\n\n<p><strong>H\u014d\u02bbulu\u02bbulu mana\u02bbo<\/strong><\/p>\n\n\n\n<p>He moku k\u0113ia ma ka mokupuni o Maui. Aia ma ka \u02bbao\u02bbao komohana hema o ka mokupuni, ma kahi kokoke o ka moku o P\u016b\u02bbali Komohana, a me ka moku o K\u0101\u02bbanapali. Kapa p\u016b \u02bbia k\u0113ia wahi \u02bbo ia \u02bbo Lele, e like me k\u0113ia \u02bb\u014dlelo no\u02bbeau: &#8221; Lahaina, i ka malu \u02bbulu o Lele.&#8221; Pili p\u016b k\u0113ia \u02bb\u014dlelo p\u014dkole no ka \u02bbulu i ho\u02bbomalu i ka \u02bb\u0101ina o Lahaina. No ka ua o k\u0113ia wahi, \u02bb\u014dlelo \u02bbia &#8221; Keikei Lahaina i ka ua Pa\u02bb\u016bpili&#8221; no ka ho\u02bbopulu \u02bbana i ka mau\u02bbu pili i ka ua, a me ka nani o k\u0113ia moku.&nbsp;<\/p>\n\n\n\n<p><strong>Description<\/strong><\/p>\n\n\n\n<p>District, quadrangle, town, roadstead, West Maui, formerly the gathering place for whalers, and the capital of the Islands from 1820 to 1845. Surfing sites on both sides of the harbor are known as Lahaina Lefts and Lahaina Rights. (Place Names of Hawaii)<\/p>\n\n\n\n<p><strong>\u02bb\u014clelo kuhikuhi<\/strong><\/p>\n\n\n\n<p>E koho i\u0101 &#8220;L\u0101hain\u0101&#8221; no ka moku o k\u0113ia inoa ma ka mokupuni o Maui a me ka mokupuni o L\u0101na\u02bbi<\/p>\n\n\n\n<p><strong>Instructions<\/strong><\/p>\n\n\n\n<p>Use for the moku called L\u0101hain\u0101 on the island of Maui and includes the island of L\u0101na\u02bbi.<\/p>\n\n\n\n<p><strong><strong>Mo\u02bbok\u016b\u02bbauhau | Genealogy<\/strong><\/strong><\/p>\n\n\n\n<p><em>Akua | Deity:<\/em> <a href=\"https:\/\/www.hawaii.edu\/kawaihapai\/akua\/pelehonuamea\/\" data-type=\"page\" data-id=\"933\">Pele<\/a><\/p>\n\n\n\n<p><em>Kanaka | Person:<\/em> David Malo; Pi\u02bbilani; Kihawahine; Kaulul\u0101\u02bbau; Keopuolani; Ka\u02bbahumanu; Hoapili<\/p>\n\n\n\n<p><strong><strong>Hana | Practice:<\/strong><\/strong> Mahi\u02bbai \u02bbUala; <a href=\"https:\/\/www.hawaii.edu\/kawaihapai\/hana-list\/lawai%ca%bba\/\" data-type=\"page\" data-id=\"992\">Lawai\u02bba<\/a>\u00a0<\/p>\n\n\n\n<p><strong><strong>K\u016bmole | Source(s)<\/strong><\/strong><\/p>\n\n\n\n<p><a href=\"https:\/\/ulukau.org\/cgi-bin\/hpn?a=q&amp;r=1&amp;hs=1&amp;t=1&amp;e=q-0hpn--00-0-0--010---4----dtx--0-0l--1en-Zz-1---20-about---00031-000-10escapewin-00&amp;q=L%E4hain%E4&amp;h=dtx&amp;summarise=0\">\u201cL\u0101hain\u0101,\u201d Inoa \u02bb\u0100ina Hawai\u02bbi Database, Ulukau: The Hawaiian Electronic Library.<\/a><\/p>\n\n\n\n<p>Pata, Cody Pueo. <em>\u02bbOhu\u02bbohu N\u0101 Mauna o \u02bbE\u02bbeka\u202f: Place Names of Maui Komohana<\/em>. Lahaina, Maui, Hawai\u2019i: North Beach-West Maui Benefit Fund Inc., 2022.<\/p>\n\n\n\n<p>Pukui, Mary Kawena.&nbsp;<em>\u2019Olelo No\u2019eau\u202f: Hawaiian Proverbs &amp; Poetical Sayings<\/em>. Honolulu, Hawai\u2019i: Bishop Museum Press, 1983.<\/p>\n\n\n\n<p><a href=\"https:\/\/ulukau.org\/ulukau-books\/?a=d&amp;d=EBOOK-PEPN.2.1.1&amp;e=-------haw-20--1--txt-txPT-----------\">Pukui, Mary Kawena, Samuel H. (Samuel Hoyt) Elbert, and Esther T. Mookini. Place Names of Hawaii. Rev. and enl. Ed. Honolulu: University Press of Hawaii, 1976. Ulukau: The Hawaiian Electronic Library.<\/a><\/p>\n\n\n\n<p>Sterling, Elspeth P.&nbsp;<em>Sites of Maui<\/em>. Honolulu: Bishop Museum Press, 1998.<\/p>\n\n\n\n<p><strong><strong>Ho\u02bbopili \u02bbia i | Applied to:<\/strong> <\/strong><a href=\"https:\/\/uhawaii-manoa.primo.exlibrisgroup.com\/permalink\/01UHAWAII_MANOA\/11uc19p\/alma994987034605682\">Lahaina historical guide : describing the landmarks of its days as playground of the Alii, capital of the Hawaiian kingdom, anchorage of the Pacific whaling fleet, producer of sugar and pineapple<\/a>, <a href=\"https:\/\/uhawaii-manoa.primo.exlibrisgroup.com\/permalink\/01UHAWAII_MANOA\/11uc19p\/alma996136194605682\">Moku\u02bbula : history and archaeological excavations at the private palace of King Kamehameha III in Lahaina, Maui <\/a><\/p>\n\n\n\n<p><strong>Mea haku | Created by:\u00a0<\/strong>Na ka hui \u02bbimi na\u02bbauao o Ka Wai H\u0101pai<\/p>\n","protected":false},"excerpt":{"rendered":"<p>Inoa | Name(s) L\u0101hain\u0101; Lele; Honoapiilani Hi\u02bbona \u02bb\u0101ina | Land characteristic:\u00a0Moku Hi\u02bbona \u02bb\u0101ina o loko o k\u0113ia wahi | Feature(s) located within this place: Aki; Hahakea; Halaka\u02bba; Hanaka\u02bb\u014d\u02bb\u014d; Kahua; Kapunakea; Kaua\u02bbula; Ko\u02bboka; Kuholilea; Kuhua; Ku\u02bbia, Launiupoko; Moali\u02bbi; M\u0101kila; Olowalu; Pana\u02bbewa; &hellip; <\/p>\n","protected":false},"author":216,"featured_media":0,"parent":0,"menu_order":0,"comment_status":"closed","ping_status":"closed","template":"","meta":{"footnotes":""},"class_list":["post-721","page","type-page","status-publish","hentry"],"_links":{"self":[{"href":"https:\/\/www.hawaii.edu\/kawaihapai\/wp-json\/wp\/v2\/pages\/721","targetHints":{"allow":["GET"]}}],"collection":[{"href":"https:\/\/www.hawaii.edu\/kawaihapai\/wp-json\/wp\/v2\/pages"}],"about":[{"href":"https:\/\/www.hawaii.edu\/kawaihapai\/wp-json\/wp\/v2\/types\/page"}],"author":[{"embeddable":true,"href":"https:\/\/www.hawaii.edu\/kawaihapai\/wp-json\/wp\/v2\/users\/216"}],"replies":[{"embeddable":true,"href":"https:\/\/www.hawaii.edu\/kawaihapai\/wp-json\/wp\/v2\/comments?post=721"}],"version-history":[{"count":14,"href":"https:\/\/www.hawaii.edu\/kawaihapai\/wp-json\/wp\/v2\/pages\/721\/revisions"}],"predecessor-version":[{"id":2668,"href":"https:\/\/www.hawaii.edu\/kawaihapai\/wp-json\/wp\/v2\/pages\/721\/revisions\/2668"}],"wp:attachment":[{"href":"https:\/\/www.hawaii.edu\/kawaihapai\/wp-json\/wp\/v2\/media?parent=721"}],"curies":[{"name":"wp","href":"https:\/\/api.w.org\/{rel}","templated":true}]}}