  {"id":723,"date":"2023-06-13T12:17:39","date_gmt":"2023-06-13T22:17:39","guid":{"rendered":"https:\/\/www.hawaii.edu\/kawaihapai\/?page_id=723"},"modified":"2024-09-04T09:31:16","modified_gmt":"2024-09-04T19:31:16","slug":"ka%ca%bbanapali","status":"publish","type":"page","link":"https:\/\/www.hawaii.edu\/kawaihapai\/ka-pae-%ca%bbaina-o-hawai%ca%bbi-na-kai-%ca%bbewalu\/maui\/ka%ca%bbanapali\/","title":{"rendered":"K\u0101\u02bbanapali"},"content":{"rendered":"\n<p><strong><strong>Inoa | Name(s)<\/strong><\/strong><\/p>\n\n\n\n<p>K\u0101\u02bbanapali<\/p>\n\n\n\n<p><strong>Hi\u02bbona \u02bb\u0101ina | Land characteristic:<\/strong> Moku<\/p>\n\n\n\n<p><strong>Hi\u02bbona \u02bb\u0101ina o loko o k\u0113ia wahi | Feature(s) located within this place:<\/strong> Alaeloa; Honokahua; Honokeana; Honok\u014dhau; Honok\u014dwai; Honolua; Kahakuloa; Kahana; Mailepai; Mo\u02bbomoku; M\u0101hinahina; N\u0101pili<\/p>\n\n\n\n<p><strong>Hi\u02bbona \u02bb\u0101ina nona k\u0113ia wahi | Feature(s) that contain this place:<\/strong> <a href=\"https:\/\/www.hawaii.edu\/kawaihapai\/ka-pae-%ca%bbaina-o-hawai%ca%bbi-na-kai-%ca%bbewalu\/maui\/\" data-type=\"page\" data-id=\"656\">Maui<\/a><\/p>\n\n\n\n<p><strong>H\u014d\u02bbulu\u02bbulu mana\u02bbo<\/strong><\/p>\n\n\n\n<p>He moku k\u0113ia ma ka mokupuni o Maui. Aia ma ka \u02bbao\u02bbao komohana \u02bb\u0101kau o ka mokupuni ma kahi kokoke i L\u0101hain\u0101 ma ka \u02bbao\u02bbao hema, a me P\u016b\u02bbali Komohana. No K\u0101\u02bbanapali \u02bb\u014dlelo \u02bbia he mau \u02bb\u014dlelo no\u02bbeau no ka \u02bb\u0101ina ma laila, &#8220;Ka pali hinahina o K\u0101\u02bbanapali,&#8221; no n\u0101&nbsp;pali o ia wahi, a no ka ua, \u02bb\u014dlelo \u02bbia &#8220;Ka ua leina hua o K\u0101\u02bbanapali,&#8221; a me &#8220;Ka ua Lililehua o K\u0101\u02bbanapali.&#8221;&nbsp;<\/p>\n\n\n\n<p><strong>Description<\/strong><\/p>\n\n\n\n<p>Landing, village, district, and golf course, Lahaina qd., Maui. Also called P\u014dhaku-K\u0101\u02bbana-pali and K\u0101\u02bbanapali-p\u014dhaku. (PH 83.) Lit., K\u0101\u02bbana cliff. (Place Names of Hawaii)<\/p>\n\n\n\n<p><strong>\u02bb\u014clelo kuhikuhi<\/strong><\/p>\n\n\n\n<p>E koho i\u0101&nbsp;&#8220;K\u0101\u02bbanapali&#8221; no n\u0101&nbsp;kumuwaiwai pili i ka moku o K\u0101\u02bbanapali ma ka mokupuni o Maui.&nbsp;<\/p>\n\n\n\n<p><strong>Instructions<\/strong><\/p>\n\n\n\n<p>Use for the moku of K\u0101\u02bbanapali on the island of Maui.<\/p>\n\n\n\n<p><strong><strong><strong>Mo\u02bbok\u016b\u02bbauhau | Genealogy<\/strong><\/strong><\/strong><\/p>\n\n\n\n<p><em>Akua | Deity: <\/em>Maui<\/p>\n\n\n\n<p><em>Kanaka | Person: <\/em>Kaulul\u0101\u02bbau<\/p>\n\n\n\n<p><strong>Hana: <\/strong><a href=\"https:\/\/www.hawaii.edu\/kawaihapai\/hana-list\/mahi-%ca%bbai-kalo\/\" data-type=\"page\" data-id=\"1733\">Mahi\u02bbai kalo;<\/a> Mahi\u02bbai \u02bbuala; Ho\u02bboh\u0101h\u0101pa\u02bbakai<\/p>\n\n\n\n<p><strong><strong>K\u016bmole | Source(s)<\/strong><\/strong><\/p>\n\n\n\n<p><a href=\"https:\/\/ulukau.org\/cgi-bin\/hpn?a=q&amp;r=1&amp;hs=1&amp;t=1&amp;e=q-0hpn--00-0-0--010---4----dtx--0-0l--1en-Zz-1---20-about---00031-000-10escapewin-00&amp;q=Ka%27anapali&amp;h=dtx&amp;summarise=0\">\u201cK\u0101\u02bbanapali,\u201d Inoa \u02bb\u0100ina Hawai\u02bbi Database, Ulukau: The Hawaiian Electronic Library.<\/a><\/p>\n\n\n\n<p>Pata, Cody Pueo. <em>\u02bbOhu\u02bbohu N\u0101 Mauna o \u02bbE\u02bbeka\u202f: Place Names of Maui Komohana<\/em>. Lahaina, Maui, Hawai\u2019i: North Beach-West Maui Benefit Fund Inc., 2022.<\/p>\n\n\n\n<p>Pukui, Mary Kawena. <em>\u2019Olelo No\u2019eau\u202f: Hawaiian Proverbs &amp; Poetical Sayings<\/em>. Honolulu, Hawai\u2019i: Bishop Museum Press, 1983.<\/p>\n\n\n\n<p><a href=\"https:\/\/ulukau.org\/ulukau-books\/?a=d&amp;d=EBOOK-PEPN.2.1.1&amp;e=-------haw-20--1--txt-txPT-----------\">Pukui, Mary Kawena, Samuel H. (Samuel Hoyt) Elbert, and Esther T. Mookini. Place Names of Hawaii. Rev. and enl. Ed. Honolulu: University Press of Hawaii, 1976. Ulukau: The Hawaiian Electronic Library.<\/a><\/p>\n\n\n\n<p>Sterling, Elspeth P. <em>Sites of Maui<\/em>. Honolulu: Bishop Museum Press, 1998.<\/p>\n\n\n\n<p><strong><strong>Ho\u02bbopili \u02bbia i | Applied to:<\/strong> <\/strong><a href=\"https:\/\/uhawaii-manoa.primo.exlibrisgroup.com\/permalink\/01UHAWAII_MANOA\/11uc19p\/alma9918773594605682\">Kaanapali,<\/a> <a href=\"https:\/\/uhawaii-manoa.primo.exlibrisgroup.com\/permalink\/01UHAWAII_MANOA\/11uc19p\/alma9951235523305682\">\u02bbOhu\u02bbohu n\u0101 mauna o \u02bbE\u02bbeka : place names of Maui Komohana<\/a><\/p>\n\n\n\n<p><strong>Mea haku | Created by:<\/strong> Na ka hui \u02bbimi na\u02bbauao o Ka Wai H\u0101pai<\/p>\n","protected":false},"excerpt":{"rendered":"<p>Inoa | Name(s) K\u0101\u02bbanapali Hi\u02bbona \u02bb\u0101ina | Land characteristic: Moku Hi\u02bbona \u02bb\u0101ina o loko o k\u0113ia wahi | Feature(s) located within this place: Alaeloa; Honokahua; Honokeana; Honok\u014dhau; Honok\u014dwai; Honolua; Kahakuloa; Kahana; Mailepai; Mo\u02bbomoku; M\u0101hinahina; N\u0101pili Hi\u02bbona \u02bb\u0101ina nona k\u0113ia wahi &hellip; <\/p>\n","protected":false},"author":216,"featured_media":0,"parent":656,"menu_order":11,"comment_status":"closed","ping_status":"closed","template":"","meta":{"footnotes":""},"class_list":["post-723","page","type-page","status-publish","hentry"],"_links":{"self":[{"href":"https:\/\/www.hawaii.edu\/kawaihapai\/wp-json\/wp\/v2\/pages\/723","targetHints":{"allow":["GET"]}}],"collection":[{"href":"https:\/\/www.hawaii.edu\/kawaihapai\/wp-json\/wp\/v2\/pages"}],"about":[{"href":"https:\/\/www.hawaii.edu\/kawaihapai\/wp-json\/wp\/v2\/types\/page"}],"author":[{"embeddable":true,"href":"https:\/\/www.hawaii.edu\/kawaihapai\/wp-json\/wp\/v2\/users\/216"}],"replies":[{"embeddable":true,"href":"https:\/\/www.hawaii.edu\/kawaihapai\/wp-json\/wp\/v2\/comments?post=723"}],"version-history":[{"count":11,"href":"https:\/\/www.hawaii.edu\/kawaihapai\/wp-json\/wp\/v2\/pages\/723\/revisions"}],"predecessor-version":[{"id":3073,"href":"https:\/\/www.hawaii.edu\/kawaihapai\/wp-json\/wp\/v2\/pages\/723\/revisions\/3073"}],"up":[{"embeddable":true,"href":"https:\/\/www.hawaii.edu\/kawaihapai\/wp-json\/wp\/v2\/pages\/656"}],"wp:attachment":[{"href":"https:\/\/www.hawaii.edu\/kawaihapai\/wp-json\/wp\/v2\/media?parent=723"}],"curies":[{"name":"wp","href":"https:\/\/api.w.org\/{rel}","templated":true}]}}