  {"id":727,"date":"2023-06-13T12:23:56","date_gmt":"2023-06-13T22:23:56","guid":{"rendered":"https:\/\/www.hawaii.edu\/kawaihapai\/?page_id=727"},"modified":"2024-04-10T08:34:07","modified_gmt":"2024-04-10T18:34:07","slug":"kona-moloka%ca%bbi","status":"publish","type":"page","link":"https:\/\/www.hawaii.edu\/kawaihapai\/kona-moloka%ca%bbi\/","title":{"rendered":"Kona (Moloka\u02bbi)"},"content":{"rendered":"\n<p><strong>Inoa<\/strong><\/p>\n\n\n\n<p>Kona (Moloka\u02bbi)<\/p>\n\n\n\n<p><strong>Hi\u02bbona \u02bb\u0101ina<\/strong>: Moku<\/p>\n\n\n\n<p><strong>Hi\u02bbona \u02bb\u0101ina o loko o k\u0113ia wahi<\/strong>: Aha\u02bbino; East \u02bb\u014chi\u02bba; Honomuni; Honoulimalo\u02bbo; Honouliwai; Ho\u02bbolehua; Kahananui; Kahanui; Kainalu; Kalama\u02bbula; Kalua\u02bbaha; Kamal\u014d; Kamanoni; Kamiloloa; Kapa\u02bbakea; Kapuaoko\u02bbolau; Kapulei; Kaunakakai; Kawela; Ka\u02bbamola; Ka\u02bbili\u02bbula; Keawanui; Keonek\u016b\u02bbino; Ke\u014dpuka\u02bbu\u02bbuku; Kumimi; K\u012bp\u016b; K\u016bpeke; L\u016bpehu; Makakupa\u02bbia; Manawai; Mapulehu; Moakea; Moanui; M\u0101kolelau; Nihoa; N\u0101\u02bbiwa; Pua\u02bbahala; Puna\u02bbula; P\u0101l\u0101\u02bbau; P\u014dhakupili; P\u016bko\u02bbo; P\u016bniu\u02bb\u014dhua; P\u016b\u02bbelel\u016b; Ualapu\u02bbe; Waialua; West \u02bb\u014chi\u02bba; Loli<\/p>\n\n\n\n<p><strong>Hi\u02bbona \u02bb\u0101ina nona k\u0113ia wahi<\/strong>: <a href=\"https:\/\/www.hawaii.edu\/kawaihapai\/ka-pae-%ca%bbaina-o-hawai%ca%bbi-na-kai-%ca%bbewalu\/moloka%ca%bbi\/\" data-type=\"page\" data-id=\"659\">Moloka\u02bbi<\/a><\/p>\n\n\n\n<p><strong>H\u014d\u02bbulu\u02bbulu mana\u02bbo<\/strong><\/p>\n\n\n\n<p>He moku k\u0113ia ma ka mokupuni o Moloka\u02bbi. Aia ka hapanui o ka \u02bb\u0101ina o k\u0113ia mokupuni ma ka moku o Kona. Ma ka \u02bbao\u02bbao komohana o k\u0113ia moku, he wahi malo\u02bbo ia a mahi \u02bbia ka \u02bbuala a me ke k\u014d ma laila. \u02bbO P\u0101p\u014dhaku he kahakai kaulana loa no kona l\u014d\u02bbihi loa. Aia n\u0101 mauna kaulana o Mauna Loa a me Kamakou ma k\u0113ia moku. \u02bbO ka ulu kukui kaulana o Lanik\u0101ula ma k\u0113ia moku, ma ke ahupua\u02bba o Ke\u014dpuka Loa.&nbsp;<\/p>\n\n\n\n<p><strong>Description<\/strong><\/p>\n\n\n\n<p>The Kona district included the kalana of Kalae and Kaluakoi. It was abolished in 1859. Cf. Koolau. (Catalog of Hawai\u02bbi Place Names)<\/p>\n\n\n\n<p><strong>\u02bb\u014clelo kuhikuhi<\/strong><\/p>\n\n\n\n<p>E koho i\u0101&nbsp;&#8220;Kona (Moloka\u02bbi)&#8221; no n\u0101&nbsp;kumuwaiwai pili i ka moku o Kona ma ka mokupuni o Moloka\u02bbi wale n\u014d. No n\u0101&nbsp;\u02bb\u0101ina i kapa \u02bbia \u02bbo Kona ma n\u0101&nbsp;mokupuni \u02bb\u0113 a\u02bbe, e koho i ka inoa pili i k\u0113l\u0101 moku pono\u02bb\u012b.&nbsp;<\/p>\n\n\n\n<p><strong>Instructions<\/strong><\/p>\n\n\n\n<p>Use for the moku of Kona on the island of Moloka\u02bbi. Not to be confused with the Kona on Kaua\u02bbi, O\u02bbahu, or Hawai\u02bbi.&nbsp;<\/p>\n\n\n\n<p><strong>Mo\u02bbok\u016b\u02bbauhau<\/strong><\/p>\n\n\n\n<p>Akua: <a href=\"https:\/\/www.hawaii.edu\/kawaihapai\/akua\/hina\/\" data-type=\"page\" data-id=\"926\">Hina<\/a> <\/p>\n\n\n\n<p>Hui: Ho\u02bbolehua<\/p>\n\n\n\n<p>Kanaka: Lanik\u0101ula; Ke\u014dp\u016bolani; Kapu\u0101iwa<\/p>\n\n\n\n<p><strong>Hana: <\/strong>K\u0101lai p\u014dhaku; <a href=\"https:\/\/www.hawaii.edu\/kawaihapai\/hana-list\/mahi-%ca%bbai\/\" data-type=\"page\" data-id=\"1731\">Mahi\u02bbai<\/a>; <a href=\"https:\/\/www.hawaii.edu\/kawaihapai\/hana-list\/lawai%ca%bba\/\" data-type=\"page\" data-id=\"992\">Lawai\u02bba;<\/a> <a href=\"https:\/\/www.hawaii.edu\/kawaihapai\/hana-list\/hula\/\" data-type=\"page\" data-id=\"918\">Hula<\/a>; <a href=\"https:\/\/www.hawaii.edu\/kawaihapai\/hana-list\/%ca%bbaha-makahiki\/\" data-type=\"page\" data-id=\"1721\">\u02bbAha makahiki<\/a><\/p>\n\n\n\n<p><strong>K\u016bmole<\/strong>:<\/p>\n\n\n\n<p><a href=\"https:\/\/kipukadatabase.com\/kipuka\/moku.html?ObjectID=17&amp;b=2\">&#8220;Moku of Kona,&#8221; K\u012bpuka Database, Office of Hawaiian Affairs.<\/a><\/p>\n\n\n\n<p>Soehren, Lloyd J. <em>A Catalog of Hawai\u02bbi Place Names\u202f: Compiled from the Records of the Boundary Commission and the Board of Commissioners to Quiet Land Titles of the Kingdom of Hawaii<\/em>. Honokaa, HI: L.J. Soehren, 2005.<\/p>\n\n\n\n<p><a href=\"https:\/\/puke.ulukau.org\/ulukau-books\/?a=d&amp;d=EBOOK-CH4.2.4.1&amp;e=-------en-20--1--txt-txPT-----------\">&#8220;West Moloka\u02bbi (Kona Moku),&#8221; Williams, Julie Stewart, and Robin Yoko. Racoma. <em>Moloka\u02bbi\u202f: Where I Live<\/em>. Honolulu: Kamehameha Schools Press, 2006. Ulukau: The Hawaiian Electronic Library. <\/a><\/p>\n\n\n\n<p><strong>Applied to: <\/strong><a href=\"https:\/\/uhawaii-manoa.primo.exlibrisgroup.com\/permalink\/01UHAWAII_MANOA\/11uc19p\/alma9919172504605682\">Archaeological investigations at Kaluakoi, Molokai<\/a>, <a href=\"https:\/\/uhawaii-manoa.primo.exlibrisgroup.com\/permalink\/01UHAWAII_MANOA\/11uc19p\/alma9951206822805682\">Compendium of profiles of Hawaiians in the 1980 decennial census : State of Hawaii, Hawaii Island, Kauai County, Maui County, East Molokai, Oahu Island<\/a><\/p>\n\n\n\n<p><strong>Created by: <\/strong>Na ka hui \u02bbimi na\u02bbauao o Ka Wai H\u0101pai<\/p>\n","protected":false},"excerpt":{"rendered":"<p>Inoa Kona (Moloka\u02bbi) Hi\u02bbona \u02bb\u0101ina: Moku Hi\u02bbona \u02bb\u0101ina o loko o k\u0113ia wahi: Aha\u02bbino; East \u02bb\u014chi\u02bba; Honomuni; Honoulimalo\u02bbo; Honouliwai; Ho\u02bbolehua; Kahananui; Kahanui; Kainalu; Kalama\u02bbula; Kalua\u02bbaha; Kamal\u014d; Kamanoni; Kamiloloa; Kapa\u02bbakea; Kapuaoko\u02bbolau; Kapulei; Kaunakakai; Kawela; Ka\u02bbamola; Ka\u02bbili\u02bbula; Keawanui; Keonek\u016b\u02bbino; Ke\u014dpuka\u02bbu\u02bbuku; Kumimi; K\u012bp\u016b; &hellip; <\/p>\n","protected":false},"author":216,"featured_media":0,"parent":0,"menu_order":0,"comment_status":"closed","ping_status":"closed","template":"","meta":{"footnotes":""},"class_list":["post-727","page","type-page","status-publish","hentry"],"_links":{"self":[{"href":"https:\/\/www.hawaii.edu\/kawaihapai\/wp-json\/wp\/v2\/pages\/727","targetHints":{"allow":["GET"]}}],"collection":[{"href":"https:\/\/www.hawaii.edu\/kawaihapai\/wp-json\/wp\/v2\/pages"}],"about":[{"href":"https:\/\/www.hawaii.edu\/kawaihapai\/wp-json\/wp\/v2\/types\/page"}],"author":[{"embeddable":true,"href":"https:\/\/www.hawaii.edu\/kawaihapai\/wp-json\/wp\/v2\/users\/216"}],"replies":[{"embeddable":true,"href":"https:\/\/www.hawaii.edu\/kawaihapai\/wp-json\/wp\/v2\/comments?post=727"}],"version-history":[{"count":10,"href":"https:\/\/www.hawaii.edu\/kawaihapai\/wp-json\/wp\/v2\/pages\/727\/revisions"}],"predecessor-version":[{"id":2437,"href":"https:\/\/www.hawaii.edu\/kawaihapai\/wp-json\/wp\/v2\/pages\/727\/revisions\/2437"}],"wp:attachment":[{"href":"https:\/\/www.hawaii.edu\/kawaihapai\/wp-json\/wp\/v2\/media?parent=727"}],"curies":[{"name":"wp","href":"https:\/\/api.w.org\/{rel}","templated":true}]}}