  {"id":730,"date":"2023-06-13T12:25:43","date_gmt":"2023-06-13T22:25:43","guid":{"rendered":"https:\/\/www.hawaii.edu\/kawaihapai\/?page_id=730"},"modified":"2024-04-10T08:34:44","modified_gmt":"2024-04-10T18:34:44","slug":"ko%ca%bbolau-moloka%ca%bbi","status":"publish","type":"page","link":"https:\/\/www.hawaii.edu\/kawaihapai\/ko%ca%bbolau-moloka%ca%bbi\/","title":{"rendered":"Ko\u02bbolau (Moloka\u02bbi)"},"content":{"rendered":"\n<p><strong>Inoa<\/strong><\/p>\n\n\n\n<p>Ko\u02bbolau (Moloka\u02bbi)<\/p>\n\n\n\n<p><strong>Hi\u02bbona \u02bb\u0101ina<\/strong>: Moku<\/p>\n\n\n\n<p><strong>Hi\u02bbona \u02bb\u0101ina o loko o k\u0113ia wahi<\/strong>: H\u0101lawa; Kaiamiki; Kalaupapa; Kalawao; K\u012bloa; Makanalua; Pelekunu; Waikolu; Wailau; Wawaeolepe<\/p>\n\n\n\n<p><strong>Hi\u02bbona \u02bb\u0101ina nona k\u0113ia wahi<\/strong>: <a href=\"https:\/\/www.hawaii.edu\/kawaihapai\/ka-pae-%ca%bbaina-o-hawai%ca%bbi-na-kai-%ca%bbewalu\/moloka%ca%bbi\/\" data-type=\"page\" data-id=\"659\">Moloka\u02bbi<\/a><\/p>\n\n\n\n<p><strong>H\u014d\u02bbulu\u02bbulu mana\u02bbo<\/strong><\/p>\n\n\n\n<p>He moku k\u0113ia ma ka mokupuni o Moloka\u02bbi ma ka \u02bbao\u02bbao \u02bb\u0101kau hikina. Aia \u02bbo H\u0101lawa, he ahupua\u02bba kaulana no ka nui o ka mahi\u02bbai kalo, ma k\u0113ia moku. Aia ma Kalawao a me Kalaupapa kahi i ho\u02bbouna nui \u02bbia n\u0101 po\u02bbe ma\u02bbi lepera ma ka w\u0101 o Kamehameha V. Ma Kalaupapa ka lua pele \u02bbo Kauhak\u014d.&nbsp;<\/p>\n\n\n\n<p><strong>Description<\/strong><\/p>\n\n\n\n<p>The Koolau district included the north side of the island from Kalaupapa east to Halawa. Abolished in 1859. Cf. Kona. (Catalog of Hawai\u02bbi Place Names)<\/p>\n\n\n\n<p><strong>\u02bb\u014clelo kuhikuhi<\/strong><\/p>\n\n\n\n<p>E koho i\u0101 &#8220;Ko\u02bbolau (Moloka\u02bbi)&#8221; no n\u0101&nbsp;kumuwaiwai pili i ka moku o Ko\u02bbolau ma ka mokupuni o Moloka\u02bbi wale n\u014d. No n\u0101 \u02bb\u0101ina i kapa \u02bbia \u02bbo Ko\u02bbolau ma n\u0101&nbsp;mokupuni \u02bb\u0113 a\u02bbe, e koho i ka inoa pili i k\u0113l\u0101 moku pono\u02bb\u012b.<\/p>\n\n\n\n<p><strong>Instructions<\/strong><\/p>\n\n\n\n<p>Use for the moku of Ko\u02bbolau on the island of Moloka\u02bbi. Not to be confused with Ko\u02bbolau on Kaua\u02bbi, Maui, and O\u02bbahu.<\/p>\n\n\n\n<p><strong>Mo\u02bbok\u016b\u02bbauhau<\/strong><\/p>\n\n\n\n<p>Akua: <a href=\"https:\/\/www.hawaii.edu\/kawaihapai\/akua\/pelehonuamea\/\" data-type=\"page\" data-id=\"933\">Pele<\/a>; <a href=\"https:\/\/www.hawaii.edu\/kawaihapai\/akua\/hi%ca%bbiakaikapoliopele\/\" data-type=\"page\" data-id=\"940\">Hi\u02bbiakaikapoliopele<\/a>; <a href=\"https:\/\/www.hawaii.edu\/kawaihapai\/akua\/haumea\/\" data-type=\"page\" data-id=\"1270\">Haumea<\/a>; <a href=\"https:\/\/www.hawaii.edu\/kawaihapai\/akua\/%ca%bbai%ca%bbai\/\" data-type=\"page\" data-id=\"943\">\u02bbAi\u02bbai<\/a><\/p>\n\n\n\n<p><strong>Hana: <\/strong><a href=\"https:\/\/www.hawaii.edu\/kawaihapai\/hana-list\/mahi-%ca%bbai-kalo\/\" data-type=\"page\" data-id=\"1733\">Mahi\u02bbai kalo<\/a>; <a href=\"https:\/\/www.hawaii.edu\/kawaihapai\/hana-list\/lawai%ca%bba\/\" data-type=\"page\" data-id=\"992\">Lawai\u02bba<\/a>; <a href=\"https:\/\/www.hawaii.edu\/kawaihapai\/hana-list\/hana-kapa\/\" data-type=\"page\" data-id=\"905\">Hana kapa<\/a>; La\u02bbau lapa\u02bbau; <a href=\"https:\/\/www.hawaii.edu\/kawaihapai\/hana-list\/he%ca%bbe-holua\/\" data-type=\"page\" data-id=\"1703\">He\u02bbe h\u014dlua<\/a>; <a href=\"https:\/\/www.hawaii.edu\/kawaihapai\/hana-list\/he%ca%bbe-nalu\/\" data-type=\"page\" data-id=\"914\">He\u02bbe nalu<\/a><\/p>\n\n\n\n<p><strong>K\u016bmole<\/strong><\/p>\n\n\n\n<p><a href=\"https:\/\/kipukadatabase.com\/kipuka\/moku.html?ObjectID=21&amp;b=2\">&#8220;Moku of Ko\u02bbolau,&#8221; K\u012bpuka Database, Office of Hawaiian Affairs.<\/a><\/p>\n\n\n\n<p><a href=\"https:\/\/puke.ulukau.org\/ulukau-books\/?a=d&amp;d=EBOOK-CH4.2.7.1&amp;e=-------en-20--1--txt-txPT-----------\">&#8220;Northeast Moloka\u02bbi (Ko\u02bbolau Moku),&#8221; Williams, Julie Stewart, and Robin Yoko. Racoma. <em>Moloka\u02bbi\u202f: Where I Live<\/em>. Honolulu: Kamehameha Schools Press, 2006.<\/a><\/p>\n\n\n\n<p>Soehren, Lloyd J. <em>A Catalog of Hawai\u02bbi Place Names\u202f: Compiled from the Records of the Boundary Commission and the Board of Commissioners to Quiet Land Titles of the Kingdom of Hawaii<\/em>. Honokaa, HI: L.J. Soehren, 2005.<\/p>\n\n\n\n<p><strong>Applied to: <\/strong><a href=\"https:\/\/uhawaii-manoa.primo.exlibrisgroup.com\/permalink\/01UHAWAII_MANOA\/11uc19p\/alma9929464264605682\">Archaeological inventory survey of TMK: (2)-5-9-005:007 and 081 in Wailau Valley, H\u0101lawa Ahupua\u02bba, Ko\u02bbolau District, island of Moloka\u02bbi<\/a>, <a href=\"https:\/\/uhawaii-manoa.primo.exlibrisgroup.com\/permalink\/01UHAWAII_MANOA\/11uc19p\/alma9949922584605682\">Planning the future at Kalaupapa<\/a><\/p>\n\n\n\n<p><strong>Created by: <\/strong>Na ka hui \u02bbimi na\u02bbauao o Ka Wai H\u0101pai<\/p>\n","protected":false},"excerpt":{"rendered":"<p>Inoa Ko\u02bbolau (Moloka\u02bbi) Hi\u02bbona \u02bb\u0101ina: Moku Hi\u02bbona \u02bb\u0101ina o loko o k\u0113ia wahi: H\u0101lawa; Kaiamiki; Kalaupapa; Kalawao; K\u012bloa; Makanalua; Pelekunu; Waikolu; Wailau; Wawaeolepe Hi\u02bbona \u02bb\u0101ina nona k\u0113ia wahi: Moloka\u02bbi H\u014d\u02bbulu\u02bbulu mana\u02bbo He moku k\u0113ia ma ka mokupuni o Moloka\u02bbi ma &hellip; <\/p>\n","protected":false},"author":216,"featured_media":0,"parent":0,"menu_order":0,"comment_status":"closed","ping_status":"closed","template":"","meta":{"footnotes":""},"class_list":["post-730","page","type-page","status-publish","hentry"],"_links":{"self":[{"href":"https:\/\/www.hawaii.edu\/kawaihapai\/wp-json\/wp\/v2\/pages\/730","targetHints":{"allow":["GET"]}}],"collection":[{"href":"https:\/\/www.hawaii.edu\/kawaihapai\/wp-json\/wp\/v2\/pages"}],"about":[{"href":"https:\/\/www.hawaii.edu\/kawaihapai\/wp-json\/wp\/v2\/types\/page"}],"author":[{"embeddable":true,"href":"https:\/\/www.hawaii.edu\/kawaihapai\/wp-json\/wp\/v2\/users\/216"}],"replies":[{"embeddable":true,"href":"https:\/\/www.hawaii.edu\/kawaihapai\/wp-json\/wp\/v2\/comments?post=730"}],"version-history":[{"count":9,"href":"https:\/\/www.hawaii.edu\/kawaihapai\/wp-json\/wp\/v2\/pages\/730\/revisions"}],"predecessor-version":[{"id":2438,"href":"https:\/\/www.hawaii.edu\/kawaihapai\/wp-json\/wp\/v2\/pages\/730\/revisions\/2438"}],"wp:attachment":[{"href":"https:\/\/www.hawaii.edu\/kawaihapai\/wp-json\/wp\/v2\/media?parent=730"}],"curies":[{"name":"wp","href":"https:\/\/api.w.org\/{rel}","templated":true}]}}