  {"id":736,"date":"2023-06-13T12:31:01","date_gmt":"2023-06-13T22:31:01","guid":{"rendered":"https:\/\/www.hawaii.edu\/kawaihapai\/?page_id=736"},"modified":"2024-05-24T12:38:45","modified_gmt":"2024-05-24T22:38:45","slug":"waialua","status":"publish","type":"page","link":"https:\/\/www.hawaii.edu\/kawaihapai\/ka-pae-%ca%bbaina-o-hawai%ca%bbi-na-kai-%ca%bbewalu\/o%ca%bbahu\/waialua\/","title":{"rendered":"Waialua"},"content":{"rendered":"\n<p><strong><strong>Inoa | Name(s)<\/strong><\/strong><\/p>\n\n\n\n<p>Waialua<\/p>\n\n\n\n<p><strong>Hi\u02bbona \u02bb\u0101ina | Land characteristic:<\/strong> Moku<\/p>\n\n\n\n<p><strong>Hi\u02bbona \u02bb\u0101ina o loko o k\u0113ia wahi | Feature(s) located within this place:<\/strong> Ka\u02bbena; Kuaokal\u0101; Kealia; Kawaih\u0101pai; Mokuleia; Kamananui; Pa\u02bbala\u02bba; Kawailoa\u00a0<\/p>\n\n\n\n<p><strong>Hi\u02bbona \u02bb\u0101ina nona k\u0113ia wahi | Feature(s) that contain this place:<\/strong> <a href=\"https:\/\/www.hawaii.edu\/kawaihapai\/ka-pae-%ca%bbaina-o-hawai%ca%bbi-na-kai-%ca%bbewalu\/o%ca%bbahu\/\" data-type=\"page\" data-id=\"663\">O\u02bbahu<\/a><\/p>\n\n\n\n<p><strong>H\u014d\u02bbulu\u02bbulu mana\u02bbo<\/strong><\/p>\n\n\n\n<p>He moku k\u0113ia ma ka \u02bbao\u02bbao \u02bb\u0101kau o O\u02bbahu. Aia k\u0113ia moku ma waena o Wai\u02bbanae, ma ka \u02bbao\u02bbao komohana, a me Ko\u02bbolauloa, ma ka \u02bbao\u02bbao hikina. Wahi a n\u0101 k\u016bpuna, &#8220;Waialua, \u02bb\u0101ina ku p\u0101lua i ka la\u02bbi&#8221; no ka \u02bbolu\u02bbolu o ka nohona ma ia wahi. Ma ka \u02bbao\u02bbao komohana o k\u0113ia moku, aia ka wahi pana kaulana o Leinaaka\u02bbuhane ma ka lae o Ka\u02bbena, a ma laila i k\u016b akula ai n\u0101 me\u02bbe akua \u02bbo Pele a me Hi\u02bbiakaikapoliopele i ko l\u0101ua mau huaka\u02bbi pono\u02bb\u012b i Kaua\u02bbi. M\u0101ka\u02bbika\u02bbi p\u016b akula \u02bbO Hi\u02bbiaka i moku o Waialua.<\/p>\n\n\n\n<p><strong>Description<\/strong><\/p>\n\n\n\n<p>District, O\u02bbahu. On the shore, the district extends from Waimea Bay to Ka\u02bbena Point. (Hawai\u02bbi Place Names)<\/p>\n\n\n\n<p><strong>\u02bb\u014clelo kuhikuhi<\/strong><\/p>\n\n\n\n<p>E koho i\u0101&nbsp;&#8220;Waialua&#8221; no n\u0101 kumuwaiwai pili i ka moku o Waialua. Mai koho no kahi me ka inoa like ma H\u0101lawa, Moloka\u02bbi.<\/p>\n\n\n\n<p><strong>Instructions<\/strong><\/p>\n\n\n\n<p>Use for the moku of Waialua on O\u02bbahu. Not to be confused with the place at H\u0101lawa, Moloka\u02bbi.<\/p>\n\n\n\n<p><strong><strong>Mo\u02bbok\u016b\u02bbauhau | Genealogy<\/strong><\/strong><\/p>\n\n\n\n<p><em>Akua | Deity:<\/em> <a href=\"https:\/\/www.hawaii.edu\/kawaihapai\/akua\/hi%ca%bbiakaikapoliopele\/\" data-type=\"page\" data-id=\"940\">Hi\u02bbiakaikapoliopele<\/a>; <a href=\"https:\/\/www.hawaii.edu\/kawaihapai\/akua\/pelehonuamea\/\" data-type=\"page\" data-id=\"933\">Pele<\/a>; Lonokaeho; O\u02bbahunui<\/p>\n\n\n\n<p><em>Kanaka | Person:<\/em> Ka\u02bb\u014dpulupulu; Hewahewa; Kapawa,<\/p>\n\n\n\n<p><strong><strong>Hana | Practice:<\/strong><\/strong> <a href=\"https:\/\/www.hawaii.edu\/kawaihapai\/hana-list\/lawai%ca%bba\/\" data-type=\"page\" data-id=\"992\">Lawai\u02bba<\/a>; <a href=\"https:\/\/www.hawaii.edu\/kawaihapai\/hana-list\/he%ca%bbe-nalu\/\" data-type=\"page\" data-id=\"914\">He\u02bbe nalu<\/a><\/p>\n\n\n\n<p><strong><strong>K\u016bmole | Source(s)<\/strong><\/strong><\/p>\n\n\n\n<p><a href=\"https:\/\/ulukau.org\/cgi-bin\/hpn?e=q-0hpn--00-0-0--010---4----dtx--0-0l--1haw-Zz-1---20-about-leinaakauhane--00031-000-10escapewin-00&amp;a=d&amp;c=hpn&amp;cl=search&amp;d=HASHfb5297bff8b6d283d9fea8\">&#8220;Leinaakauhane<\/a>,&#8221; <a href=\"https:\/\/ulukau.org\/cgi-bin\/hpn?e=q-0hpn--00-0-0--010---4----dtx--0-0l--1haw-Zz-1---20-about-leinaakauhane--00031-000-10escapewin-00&amp;a=d&amp;c=hpn&amp;cl=search&amp;d=HASHfb5297bff8b6d283d9fea8\">Inoa \u02bb\u0100ina Hawai\u02bbi Database, Ulukau: The Hawaiian Electronic Library.<\/a><\/p>\n\n\n\n<p><a href=\"https:\/\/ulukau.org\/ulukau-books\/?a=d&amp;d=EBOOK-PEPN.2.1.1&amp;e=-------haw-20--1--txt-txPT-----------\">Pukui, Mary Kawena, Samuel H. (Samuel Hoyt) Elbert, and Esther T. Mookini. Place Names of Hawaii. Rev. and enl. Ed. Honolulu: University Press of Hawaii, 1976. Ulukau: The Hawaiian Electronic Library.<\/a><\/p>\n\n\n\n<p>Soehren, Lloyd J. <em>A Catalog of Hawai\u02bbi Place Names\u202f: Compiled from the Records of the Boundary Commission and the Board of Commissioners to Quiet Land Titles of the Kingdom of Hawaii<\/em>. Honokaa, HI: L.J. Soehren, 2005.<\/p>\n\n\n\n<p>Sterling, Elspeth P., and Catherine C. Summers. <em>Sites of Oahu<\/em>. [Rev. ed.]. Honolulu: Bishop Museum Press, 1993.<\/p>\n\n\n\n<p><strong><strong>Ho\u02bbopili \u02bbia i | Applied to:<\/strong><\/strong> <a href=\"https:\/\/uhawaii-manoa.primo.exlibrisgroup.com\/permalink\/01UHAWAII_MANOA\/11uc19p\/alma996463344605682\">Catalog of Waialua Library vertical files : a listing by author, title, and simplified subject of materials relating to the history of Waialua-Haleiwa, Oahu, Hawai\u02bbi<\/a>, <a href=\"https:\/\/uhawaii-manoa.primo.exlibrisgroup.com\/permalink\/01UHAWAII_MANOA\/11uc19p\/alma9910302864405681\">Waialua-Haleiwa : the working people&#8217;s story<\/a><\/p>\n\n\n\n<p><strong><strong>Mea haku | Created by:\u00a0<\/strong><\/strong>Na ka hui \u02bbimi na\u02bbauao o Ka Wai H\u0101pai<\/p>\n","protected":false},"excerpt":{"rendered":"<p>Inoa | Name(s) Waialua Hi\u02bbona \u02bb\u0101ina | Land characteristic: Moku Hi\u02bbona \u02bb\u0101ina o loko o k\u0113ia wahi | Feature(s) located within this place: Ka\u02bbena; Kuaokal\u0101; Kealia; Kawaih\u0101pai; Mokuleia; Kamananui; Pa\u02bbala\u02bba; Kawailoa\u00a0 Hi\u02bbona \u02bb\u0101ina nona k\u0113ia wahi | Feature(s) that contain &hellip; <\/p>\n","protected":false},"author":216,"featured_media":0,"parent":663,"menu_order":4,"comment_status":"closed","ping_status":"closed","template":"","meta":{"footnotes":""},"class_list":["post-736","page","type-page","status-publish","hentry"],"_links":{"self":[{"href":"https:\/\/www.hawaii.edu\/kawaihapai\/wp-json\/wp\/v2\/pages\/736","targetHints":{"allow":["GET"]}}],"collection":[{"href":"https:\/\/www.hawaii.edu\/kawaihapai\/wp-json\/wp\/v2\/pages"}],"about":[{"href":"https:\/\/www.hawaii.edu\/kawaihapai\/wp-json\/wp\/v2\/types\/page"}],"author":[{"embeddable":true,"href":"https:\/\/www.hawaii.edu\/kawaihapai\/wp-json\/wp\/v2\/users\/216"}],"replies":[{"embeddable":true,"href":"https:\/\/www.hawaii.edu\/kawaihapai\/wp-json\/wp\/v2\/comments?post=736"}],"version-history":[{"count":9,"href":"https:\/\/www.hawaii.edu\/kawaihapai\/wp-json\/wp\/v2\/pages\/736\/revisions"}],"predecessor-version":[{"id":2692,"href":"https:\/\/www.hawaii.edu\/kawaihapai\/wp-json\/wp\/v2\/pages\/736\/revisions\/2692"}],"up":[{"embeddable":true,"href":"https:\/\/www.hawaii.edu\/kawaihapai\/wp-json\/wp\/v2\/pages\/663"}],"wp:attachment":[{"href":"https:\/\/www.hawaii.edu\/kawaihapai\/wp-json\/wp\/v2\/media?parent=736"}],"curies":[{"name":"wp","href":"https:\/\/api.w.org\/{rel}","templated":true}]}}