  {"id":744,"date":"2023-06-13T12:39:23","date_gmt":"2023-06-13T22:39:23","guid":{"rendered":"https:\/\/www.hawaii.edu\/kawaihapai\/?page_id=744"},"modified":"2026-01-28T13:35:25","modified_gmt":"2026-01-28T23:35:25","slug":"halele%ca%bba","status":"publish","type":"page","link":"https:\/\/www.hawaii.edu\/kawaihapai\/ka-pae-%ca%bbaina-o-hawai%ca%bbi-na-kai-%ca%bbewalu\/kaua%ca%bbi\/halele%ca%bba\/","title":{"rendered":"Halele\u02bba"},"content":{"rendered":"\n<p><strong><strong>Inoa | Name(s)<\/strong><\/strong><\/p>\n\n\n\n<p>Halele\u02bba<\/p>\n\n\n\n<p><strong>Hi\u02bbona \u02bb\u0101ina | Land characteristic:<\/strong> Moku<\/p>\n\n\n\n<p><strong>Hi\u02bbona \u02bb\u0101ina o loko o k\u0113ia wahi | Feature(s) located within this place:<\/strong> Hanalei; H\u0101\u02bbena; Kalihi Kai; Kalihi Wai; Lumaha\u02bbi; Waikoko; Wainiha; Waip\u0101; Wai\u02bboli<\/p>\n\n\n\n<p><strong>Hi\u02bbona \u02bb\u0101ina nona k\u0113ia wahi | Feature(s) that contain this place:<\/strong>  <a href=\"https:\/\/www.hawaii.edu\/kawaihapai\/ka-pae-%ca%bbaina-o-hawai%ca%bbi-na-kai-%ca%bbewalu\/kaua%ca%bbi\/\" data-type=\"page\" data-id=\"665\">Kaua\u02bbi<\/a><\/p>\n\n\n\n<p><strong>H\u014d\u02bbulu\u02bbulu mana\u02bbo<\/strong><\/p>\n\n\n\n<p>He moku k\u0113ia ma ka mokupuni Kaua\u02bbi. Aia \u02bbo Halele\u02bba ma ka \u02bbao\u02bbao \u02bb\u0101kau o Kaua\u02bbi, me ka moku o N\u0101pali ma ka \u02bbao\u02bbao komohana a me ka moku o Ko\u02bbolau ma ka \u02bbao\u02bbao Hikina. \u02bbO ke Kai\u0101ulu ka makani o k\u0113ia wahi a \u02bbo ka Makako\u02bbi ka ua, e like me ka \u02bb\u014dlelo no\u02bbeau, &#8220;Ka ua Makako\u02bbi o Halele\u02bba.&#8221; Kaulana \u02bbo Halele\u02bba no ka nui o ka ua, e like me ka \u02bb\u014dlelo no\u02bbeau, &#8220;Lu\u02bbulu\u02bbu Hanalei i ka ua nui.&#8221; Ma H\u0101\u02bbena, \u02bbo ia kahi i hele mai ai \u02bbo Hi\u02bbiakaikapoliopele e ki\u02bbi i\u0101&nbsp;Lohi\u02bbau no kona kaikua\u02bbana \u02bbO Pele. Ma laila \u02bbo ia i h\u014d\u02bbola ai i\u0101 ia. Ma ka pali o Makana, ma Halele\u02bba, kahi i \u02bb\u014d ahi ai n\u0101 k\u0101naka o k\u0113l\u0101 wahi, e like me ka \u02bb\u014dlelo no\u02bbeau, &#8220;Ka pali \u02bb\u014d ahi o Makana.&#8221;<\/p>\n\n\n\n<p><strong>Description<\/strong><\/p>\n\n\n\n<p>Land division and forest reserve, Hanalei district, Kaua\u02bbi. Street, M\u0101noa, Honolulu. Lit., joyful house. (Place Names of Hawaii)<\/p>\n\n\n\n<p><strong>\u02bb\u014clelo kuhikuhi<\/strong><\/p>\n\n\n\n<p>E koho i\u0101&nbsp;&#8220;Halele\u02bba&#8221; no n\u0101 kumuwaiwai pili i ka moku ma ka mokupuni o Kaua\u02bbi.<\/p>\n\n\n\n<p><strong>Instructions<\/strong><\/p>\n\n\n\n<p>Use for the moku on the island of Kaua\u02bbi.<\/p>\n\n\n\n<p><strong><strong>Mo\u02bbok\u016b\u02bbauhau | Genealogy&nbsp;<\/strong><\/strong><\/p>\n\n\n\n<p><em>Akua | Deity:<\/em> Lohi\u02bbau; <a href=\"https:\/\/www.hawaii.edu\/kawaihapai\/akua-list\/hi%CA%BBiakaikapoliopele\/\">Hi\u02bbiakaikapoliopele<\/a>; <a href=\"https:\/\/www.hawaii.edu\/kawaihapai\/akua\/pelehonuamea\/\" data-type=\"page\" data-id=\"933\">Pele<\/a><\/p>\n\n\n\n<p><strong><strong>Hana | Practice:<\/strong><\/strong> Hana \u02bb\u014dahi; <a href=\"https:\/\/www.hawaii.edu\/kawaihapai\/hana-list\/holo-wa%ca%bba\/\" data-type=\"page\" data-id=\"1717\">Holo wa\u02bba<\/a><\/p>\n\n\n\n<p><strong><strong>K\u016bmole | Source(s)<\/strong><\/strong><\/p>\n\n\n\n<p><a href=\"https:\/\/ulukau.org\/cgi-bin\/hpn?a=q&amp;r=1&amp;hs=1&amp;t=1&amp;e=q-0hpn--00-0-0--010---4----dtx--0-0l--1en-Zz-1---20-about---00031-000-10escapewin-00&amp;q=Halele%27a&amp;h=dtx&amp;summarise=0\">\u201cHalele\u02bba,\u201d Inoa \u02bb\u0100ina Hawai\u02bbi Database, Ulukau: The Hawaiian Electronic Library.<\/a><\/p>\n\n\n\n<p>Pukui, Mary Kawena.&nbsp;<em>\u2019Olelo No\u2019eau\u202f: Hawaiian Proverbs &amp; Poetical Sayings<\/em>. Honolulu, Hawai\u2019i: Bishop Museum Press, 1983.<\/p>\n\n\n\n<p><a href=\"https:\/\/ulukau.org\/ulukau-books\/?a=d&amp;d=EBOOK-PEPN.2.1.1&amp;e=-------haw-20--1--txt-txPT-----------\">Pukui, Mary Kawena, Samuel H. (Samuel Hoyt) Elbert, and Esther T. Mookini. Place Names of Hawaii. Rev. and enl. Ed. Honolulu: University Press of Hawaii, 1976. Ulukau: The Hawaiian Electronic Library.<\/a><\/p>\n\n\n\n<p>Wichman, Frederick B.&nbsp;<em>Kaua\u02bbi\u202f: Ancient Place-Names and Their Stories<\/em>. Honolulu: University of Hawai\u02bbi Press, 1998.<\/p>\n\n\n\n<p><strong><strong>Ho\u02bbopili \u02bbia i | Applied to:<\/strong><\/strong><strong> <\/strong><a href=\"https:\/\/uhawaii-manoa.primo.exlibrisgroup.com\/permalink\/01UHAWAII_MANOA\/11uc19p\/alma9924560244605682\">&#8220;Hana ka lima, \u02bbai ka waha&#8221; : a collection of historical accounts and oral history interviews with kama\u02bb\u0101ina residents and fisher-people of lands in the Halele\u02bba-N\u0101pali region on the Island of Kaua\u02bbi<\/a>, <a href=\"https:\/\/uhawaii-manoa.primo.exlibrisgroup.com\/permalink\/01UHAWAII_MANOA\/11uc19p\/alma9919332994605682\">Control hierarchies in the traditional irrigation economy of Halelea District, Kauai<\/a><\/p>\n\n\n\n<p><strong><strong>Mea haku | Created by:<\/strong><\/strong> Na ka hui \u02bbimi na\u02bbauao o Ka Wai H\u0101pai<\/p>\n","protected":false},"excerpt":{"rendered":"<p>Inoa | Name(s) Halele\u02bba Hi\u02bbona \u02bb\u0101ina | Land characteristic: Moku Hi\u02bbona \u02bb\u0101ina o loko o k\u0113ia wahi | Feature(s) located within this place: Hanalei; H\u0101\u02bbena; Kalihi Kai; Kalihi Wai; Lumaha\u02bbi; Waikoko; Wainiha; Waip\u0101; Wai\u02bboli Hi\u02bbona \u02bb\u0101ina nona k\u0113ia wahi | &hellip; <\/p>\n","protected":false},"author":216,"featured_media":0,"parent":665,"menu_order":4,"comment_status":"closed","ping_status":"closed","template":"","meta":{"footnotes":""},"class_list":["post-744","page","type-page","status-publish","hentry"],"_links":{"self":[{"href":"https:\/\/www.hawaii.edu\/kawaihapai\/wp-json\/wp\/v2\/pages\/744","targetHints":{"allow":["GET"]}}],"collection":[{"href":"https:\/\/www.hawaii.edu\/kawaihapai\/wp-json\/wp\/v2\/pages"}],"about":[{"href":"https:\/\/www.hawaii.edu\/kawaihapai\/wp-json\/wp\/v2\/types\/page"}],"author":[{"embeddable":true,"href":"https:\/\/www.hawaii.edu\/kawaihapai\/wp-json\/wp\/v2\/users\/216"}],"replies":[{"embeddable":true,"href":"https:\/\/www.hawaii.edu\/kawaihapai\/wp-json\/wp\/v2\/comments?post=744"}],"version-history":[{"count":9,"href":"https:\/\/www.hawaii.edu\/kawaihapai\/wp-json\/wp\/v2\/pages\/744\/revisions"}],"predecessor-version":[{"id":3186,"href":"https:\/\/www.hawaii.edu\/kawaihapai\/wp-json\/wp\/v2\/pages\/744\/revisions\/3186"}],"up":[{"embeddable":true,"href":"https:\/\/www.hawaii.edu\/kawaihapai\/wp-json\/wp\/v2\/pages\/665"}],"wp:attachment":[{"href":"https:\/\/www.hawaii.edu\/kawaihapai\/wp-json\/wp\/v2\/media?parent=744"}],"curies":[{"name":"wp","href":"https:\/\/api.w.org\/{rel}","templated":true}]}}