  {"id":748,"date":"2023-06-13T12:42:32","date_gmt":"2023-06-13T22:42:32","guid":{"rendered":"https:\/\/www.hawaii.edu\/kawaihapai\/?page_id=748"},"modified":"2024-05-24T12:56:41","modified_gmt":"2024-05-24T22:56:41","slug":"ko%ca%bbolau-kaua%ca%bbi","status":"publish","type":"page","link":"https:\/\/www.hawaii.edu\/kawaihapai\/ka-pae-%ca%bbaina-o-hawai%ca%bbi-na-kai-%ca%bbewalu\/kaua%ca%bbi\/ko%ca%bbolau-kaua%ca%bbi\/","title":{"rendered":"Ko\u02bbolau (Kaua\u02bbi)"},"content":{"rendered":"\n<p><strong><strong>Inoa | Name(s)<\/strong><\/strong><\/p>\n\n\n\n<p>Ko\u02bbolau (Kaua\u02bbi)<\/p>\n\n\n\n<p><strong>Hi\u02bbona \u02bb\u0101ina | Land characteristic:<\/strong> Moku<\/p>\n\n\n\n<p><strong>Hi\u02bbona \u02bb\u0101ina o loko o k\u0113ia wahi | Feature(s) located within this place:<\/strong> Aliomanu; Anahola; Ka\u02bbaka\u02bbaniu; K\u0101hili; K\u012blauea (Kaua\u02bbi); Lepeuli; Moloa\u02bba; N\u0101m\u0101hana; P\u0101pa\u02bba; P\u012bla\u02bba; Waiakalua; Waipake; East Waikalua; West Waikalua<\/p>\n\n\n\n<p><strong>Hi\u02bbona \u02bb\u0101ina nona k\u0113ia wahi | Feature(s) that contain this place:<\/strong> <a href=\"https:\/\/www.hawaii.edu\/kawaihapai\/ka-pae-%ca%bbaina-o-hawai%ca%bbi-na-kai-%ca%bbewalu\/kaua%ca%bbi\/\" data-type=\"page\" data-id=\"665\">Kaua\u02bbi<\/a><\/p>\n\n\n\n<p><strong>H\u014d\u02bbulu\u02bbulu mana\u02bbo<\/strong><\/p>\n\n\n\n<p>He moku k\u0113ia ma ka mokupuni o Kaua\u02bbi. Aia ma waena o ka moku o Puna, ma ka \u02bbao\u02bbao hikina, a me Halele\u02bba, ma ka \u02bbao\u02bbao \u02bb\u0101kau.&nbsp;<\/p>\n\n\n\n<p><strong>Description<\/strong><\/p>\n\n\n\n<p>The district of Ko\u02bbolau, on the northeast side of the island, occupies a narrow strip between the sea and the ridge named Makaleha, &#8220;eyes that glance upward.&#8221; Part of the area is dry, yet all of Ko\u02bbolau receives adequate rainfall for dryland farming. Small streams, mainly fed by springs offered only enough water for a limited number of taro fields. The shore is lined by many bays and reefs, which provided rich sources of food. The district&#8217;s name, ko\u02bbolau, &#8220;windward,&#8221; occurs on many other Polynesian islands and designates the side of the island that faces the trade winds. (Wichman)<\/p>\n\n\n\n<p><strong>\u02bb\u014clelo kuhikuhi<\/strong><\/p>\n\n\n\n<p>E koho i\u0101 &#8220;Ko\u02bbolau (Kaua\u02bbi)&#8221; no n\u0101 kumuwaiwai pili i ka moku o Ko\u02bbolau ma ka mokupuni o Kaua\u02bbi. No n\u0101 moku \u02bb\u0113 a\u02bbe i kapa \u02bbia \u02bbo Ko\u02bbolau, e koho i ka hua\u02bb\u014dlelo pili i k\u0113l\u0101 moku a mokupuni pono\u02bb\u012b.&nbsp;<\/p>\n\n\n\n<p><strong>Instructions<\/strong><\/p>\n\n\n\n<p>Use for the moku of Ko\u02bbolau on the island of Kaua\u02bbi. Not to be confused with the Ko\u02bbolau districts on the islands of Moloka\u02bbi, Maui, and O\u02bbahu.<\/p>\n\n\n\n<p><strong><strong>Mo\u02bbok\u016b\u02bbauhau | Genealogy\u00a0<\/strong><\/strong><\/p>\n\n\n\n<p><em>Kanaka | Person:<\/em>  L\u0101\u02bbieikawai<\/p>\n\n\n\n<p><strong><strong>Hana | Practice:<\/strong><\/strong> <a href=\"https:\/\/www.hawaii.edu\/kawaihapai\/hana-list\/mahi-%ca%bbai\/\" data-type=\"page\" data-id=\"1731\">Mahi\u02bbai<\/a><\/p>\n\n\n\n<p><strong><strong>K\u016bmole | Source(s)<\/strong><\/strong><\/p>\n\n\n\n<p><a href=\"https:\/\/ulukau.org\/cgi-bin\/hpn?a=q&amp;r=1&amp;hs=1&amp;t=1&amp;e=q-0hpn--00-0-0--010---4----dtx--0-0l--1en-Zz-1---20-about---00031-000-10escapewin-00&amp;q=Ko%27olau&amp;h=dtx&amp;summarise=0\">\u201cKo\u02bbolau,\u201d Inoa \u02bb\u0100ina Hawai\u02bbi Database, Ulukau: The Hawaiian Electronic Library.<\/a><\/p>\n\n\n\n<p>Pukui, Mary Kawena.&nbsp;<em>\u2019Olelo No\u2019eau\u202f: Hawaiian Proverbs &amp; Poetical Sayings<\/em>. Honolulu, Hawai\u2019i: Bishop Museum Press, 1983.<\/p>\n\n\n\n<p>Wichman, Frederick B.&nbsp;<em>Kaua\u02bbi\u202f: Ancient Place-Names and Their Stories<\/em>. Honolulu: University of Hawai\u02bbi Press, 1998.<\/p>\n\n\n\n<p><strong><strong>Ho\u02bbopili \u02bbia i | Applied to:<\/strong><\/strong> <a href=\"https:\/\/uhawaii-manoa.primo.exlibrisgroup.com\/permalink\/01UHAWAII_MANOA\/11uc19p\/alma9918775184605682\">Ko&#8217;olau District: (Anahola, &#8216;Aliomanu, P\u0101pa&#8217;a, Moloa&#8217;a, Lepeuli, Waipak\u0113, P\u012bla&#8217;a, Waiakalua, K\u0101hili, K\u012blauea)<\/a>, <a href=\"https:\/\/uhawaii-manoa.primo.exlibrisgroup.com\/permalink\/01UHAWAII_MANOA\/11uc19p\/alma998234394605682\">Koolau, outlaw : a story about the Na Pali coast, Kauai<\/a><\/p>\n\n\n\n<p><strong>Mea haku | Created by:\u00a0<\/strong>Na ka hui \u02bbimi na\u02bbauao o Ka Wai H\u0101pai<\/p>\n","protected":false},"excerpt":{"rendered":"<p>Inoa | Name(s) Ko\u02bbolau (Kaua\u02bbi) Hi\u02bbona \u02bb\u0101ina | Land characteristic: Moku Hi\u02bbona \u02bb\u0101ina o loko o k\u0113ia wahi | Feature(s) located within this place: Aliomanu; Anahola; Ka\u02bbaka\u02bbaniu; K\u0101hili; K\u012blauea (Kaua\u02bbi); Lepeuli; Moloa\u02bba; N\u0101m\u0101hana; P\u0101pa\u02bba; P\u012bla\u02bba; Waiakalua; Waipake; East Waikalua; West &hellip; <\/p>\n","protected":false},"author":216,"featured_media":0,"parent":665,"menu_order":2,"comment_status":"closed","ping_status":"closed","template":"","meta":{"footnotes":""},"class_list":["post-748","page","type-page","status-publish","hentry"],"_links":{"self":[{"href":"https:\/\/www.hawaii.edu\/kawaihapai\/wp-json\/wp\/v2\/pages\/748","targetHints":{"allow":["GET"]}}],"collection":[{"href":"https:\/\/www.hawaii.edu\/kawaihapai\/wp-json\/wp\/v2\/pages"}],"about":[{"href":"https:\/\/www.hawaii.edu\/kawaihapai\/wp-json\/wp\/v2\/types\/page"}],"author":[{"embeddable":true,"href":"https:\/\/www.hawaii.edu\/kawaihapai\/wp-json\/wp\/v2\/users\/216"}],"replies":[{"embeddable":true,"href":"https:\/\/www.hawaii.edu\/kawaihapai\/wp-json\/wp\/v2\/comments?post=748"}],"version-history":[{"count":9,"href":"https:\/\/www.hawaii.edu\/kawaihapai\/wp-json\/wp\/v2\/pages\/748\/revisions"}],"predecessor-version":[{"id":2708,"href":"https:\/\/www.hawaii.edu\/kawaihapai\/wp-json\/wp\/v2\/pages\/748\/revisions\/2708"}],"up":[{"embeddable":true,"href":"https:\/\/www.hawaii.edu\/kawaihapai\/wp-json\/wp\/v2\/pages\/665"}],"wp:attachment":[{"href":"https:\/\/www.hawaii.edu\/kawaihapai\/wp-json\/wp\/v2\/media?parent=748"}],"curies":[{"name":"wp","href":"https:\/\/api.w.org\/{rel}","templated":true}]}}