  {"id":752,"date":"2023-06-13T12:45:36","date_gmt":"2023-06-13T22:45:36","guid":{"rendered":"https:\/\/www.hawaii.edu\/kawaihapai\/?page_id=752"},"modified":"2026-01-27T10:58:07","modified_gmt":"2026-01-27T20:58:07","slug":"puna-kaua%ca%bbi","status":"publish","type":"page","link":"https:\/\/www.hawaii.edu\/kawaihapai\/puna-kaua%ca%bbi\/","title":{"rendered":"Puna (Kaua\u02bbi)"},"content":{"rendered":"\n<p><strong><strong>Inoa | Name(s)<\/strong><\/strong><\/p>\n\n\n\n<p>Puna (Kaua\u02bbi)<\/p>\n\n\n\n<p><strong>Hi\u02bbona \u02bb\u0101ina | Land characteristic:<\/strong> Moku<\/p>\n\n\n\n<p><strong>Hi\u02bbona \u02bb\u0101ina o loko o k\u0113ia wahi | Feature(s) located within this place:<\/strong> Hanam\u0101\u02bbulu; Ha\u02bbik\u016b; Kalapak\u012b; Kamalomalo\u02bbo; Kapa\u02bba; Ke\u0101lia; Kipu Kai; K\u012bp\u016b; Niumalu; North Olohena; South Olohena; N\u0101wiliwili; Wailua (Kaua\u02bbi); Waipouli<\/p>\n\n\n\n<p><strong>Hi\u02bbona \u02bb\u0101ina nona k\u0113ia wahi | Feature(s) that contain this place:<\/strong> <a href=\"https:\/\/www.hawaii.edu\/kawaihapai\/ka-pae-%ca%bbaina-o-hawai%ca%bbi-na-kai-%ca%bbewalu\/kaua%ca%bbi\/\" data-type=\"page\" data-id=\"665\">Kaua\u02bbi<\/a><\/p>\n\n\n\n<p><strong>H\u014d\u02bbulu\u02bbulu mana\u02bbo<\/strong><\/p>\n\n\n\n<p>He moku k\u0113ia ma ka mokupuni o Kaua\u02bbi. Aia \u02bbo Puna ma ka \u02bbao\u02bbao hikina o ka mokupuni o Kaua\u02bbi, aia ma waena o ka moku o Ko\u02bbolau, ma ka \u02bb\u0101kau, a me Kona, ma ka \u02bbao\u02bbao hema. Wahi a ka \u02bb\u014dlelo no\u02bbeau &#8221; He nani wale n\u014d o Puna mai \u02bb\u014d a \u02bb\u014d.&#8221; Aia \u02bbo Wai\u02bbale\u02bbale, ke kuahiwi a wailele nui o ka mokupuni o Kaua\u02bbi ma k\u0113ia moku. He \u02bbekolu kahawai e kahe ana i ke kahewai nui \u02bbo Wailua, \u02bbo l\u0101kou \u02bbekolu \u02bbo Hul\u0113\u02bbia, Hanam\u0101\u02bbulu, a me Ke\u02bb\u0101lia. Aia ka pae kuahiwi \u02bbo H\u0101\u02bbupu ma k\u0113ia moku, kapa \u02bbia ka pae kuahiwi no ka pilikua, \u02bbo kona inoa \u02bbo H\u0101\u02bbupu. AIa kekahi kuahiwi i kapa \u02bbia no kekahi pilikua, \u02bbo ia \u02bbo Nounou. Aia ma Puna ka loko i\u02bba nui \u02bbo \u02bbAlekoko, no ke ali\u02bbi o k\u0113l\u0101 wahi i ka w\u0101 e k\u016bkulu \u02bbia ana ka loko i\u02bba e n\u0101 menehune.<\/p>\n\n\n\n<p><strong>Description<\/strong><\/p>\n\n\n\n<p>The Kawaihau district, Kaua\u02bbi, was sometimes called Puna. (Place Names of Hawai\u02bbi)<\/p>\n\n\n\n<p><strong>\u02bb\u014clelo kuhikuhi<\/strong><\/p>\n\n\n\n<p>E koho i\u0101 &#8220;Puna (Kaua\u02bbi)&#8221; no ka moku o Puna ma ka mokupuni o Kaua\u02bbi. No ka moku o Puna ma Hawai\u02bbi e koho i\u0101 &#8220;Puna (Hawai\u02bbi)<\/p>\n\n\n\n<p><strong>Instructions<\/strong><\/p>\n\n\n\n<p>Use for the moku of Puna on Kaua\u02bbi. Not to be confused with the area of the same name on the island of Hawai\u02bbi.<\/p>\n\n\n\n<p><strong><strong>Mo\u02bbok\u016b\u02bbauhau | Genealogy&nbsp;<\/strong><\/strong><\/p>\n\n\n\n<p><em>Akua | Deity:<\/em> <a href=\"https:\/\/www.hawaii.edu\/kawaihapai\/akua\/pelehonuamea\/\" data-type=\"page\" data-id=\"933\">Pele<\/a>; Kamapua\u02bba; <a href=\"https:\/\/www.hawaii.edu\/kawaihapai\/akua\/hi%ca%bbiakaikapoliopele\/\" data-type=\"page\" data-id=\"940\">Hi\u02bbiakaikapoliopele<\/a>; Kapo\u02bbulak\u012bna\u02bbu; H\u0101\u02bbupu<\/p>\n\n\n\n<p><em>Kanaka | Person:<\/em> Kawelo<\/p>\n\n\n\n<p><strong><strong>Hana | Practice:<\/strong><\/strong> <a href=\"https:\/\/www.hawaii.edu\/kawaihapai\/hana-list\/lawai%ca%bba\/\" data-type=\"page\" data-id=\"992\">Lawai\u02bba;<\/a> <a href=\"https:\/\/www.hawaii.edu\/kawaihapai\/hana-list\/mahi-%ca%bbai\/\" data-type=\"page\" data-id=\"1731\">Mahi\u02bbai<\/a>; <a href=\"https:\/\/www.hawaii.edu\/kawaihapai\/hana-list\/hana-kaua\/\" data-type=\"page\" data-id=\"1691\">Hana kaua<\/a><\/p>\n\n\n\n<p><strong><strong>K\u016bmole | Source(s)<\/strong><\/strong><\/p>\n\n\n\n<p><a href=\"https:\/\/ulukau.org\/cgi-bin\/hpn?a=q&amp;r=1&amp;hs=1&amp;t=1&amp;e=q-0hpn--00-0-0--010---4----dtx--0-0l--1en-Zz-1---20-about---00031-000-10escapewin-00&amp;q=puna&amp;h=dtx&amp;summarise=0\">\u201cPuna,\u201d Inoa \u02bb\u0100ina Hawai\u02bbi Database, Ulukau: The Hawaiian Electronic Library.<\/a><\/p>\n\n\n\n<p>Pukui, Mary Kawena.&nbsp;<em>\u2019Olelo No\u2019eau\u202f: Hawaiian Proverbs &amp; Poetical Sayings<\/em>. Honolulu, Hawai\u2019i: Bishop Museum Press, 1983.<\/p>\n\n\n\n<p>Wichman, Frederick B.&nbsp;<em>Kaua\u02bbi\u202f: Ancient Place-Names and Their Stories<\/em>. Honolulu: University of Hawai\u02bbi Press, 1998.<\/p>\n\n\n\n<p><strong><strong>Ho\u02bbopili \u02bbia i | Applied to:<\/strong> <\/strong><a href=\"https:\/\/uhawaii-manoa.primo.exlibrisgroup.com\/permalink\/01UHAWAII_MANOA\/11uc19p\/alma9940080294605682\">Ancient sites of Kaua&#8217;i : a guide to Hawaiian archaeological and cultural places of interest<\/a><\/p>\n\n\n\n<p><strong>Mea haku | Created by:<\/strong> Na ka hui \u02bbimi na\u02bbauao o Ka Wai H\u0101pai<\/p>\n","protected":false},"excerpt":{"rendered":"<p>Inoa | Name(s) Puna (Kaua\u02bbi) Hi\u02bbona \u02bb\u0101ina | Land characteristic: Moku Hi\u02bbona \u02bb\u0101ina o loko o k\u0113ia wahi | Feature(s) located within this place: Hanam\u0101\u02bbulu; Ha\u02bbik\u016b; Kalapak\u012b; Kamalomalo\u02bbo; Kapa\u02bba; Ke\u0101lia; Kipu Kai; K\u012bp\u016b; Niumalu; North Olohena; South Olohena; N\u0101wiliwili; Wailua &hellip; <\/p>\n","protected":false},"author":216,"featured_media":0,"parent":0,"menu_order":0,"comment_status":"closed","ping_status":"closed","template":"","meta":{"footnotes":""},"class_list":["post-752","page","type-page","status-publish","hentry"],"_links":{"self":[{"href":"https:\/\/www.hawaii.edu\/kawaihapai\/wp-json\/wp\/v2\/pages\/752","targetHints":{"allow":["GET"]}}],"collection":[{"href":"https:\/\/www.hawaii.edu\/kawaihapai\/wp-json\/wp\/v2\/pages"}],"about":[{"href":"https:\/\/www.hawaii.edu\/kawaihapai\/wp-json\/wp\/v2\/types\/page"}],"author":[{"embeddable":true,"href":"https:\/\/www.hawaii.edu\/kawaihapai\/wp-json\/wp\/v2\/users\/216"}],"replies":[{"embeddable":true,"href":"https:\/\/www.hawaii.edu\/kawaihapai\/wp-json\/wp\/v2\/comments?post=752"}],"version-history":[{"count":10,"href":"https:\/\/www.hawaii.edu\/kawaihapai\/wp-json\/wp\/v2\/pages\/752\/revisions"}],"predecessor-version":[{"id":3171,"href":"https:\/\/www.hawaii.edu\/kawaihapai\/wp-json\/wp\/v2\/pages\/752\/revisions\/3171"}],"wp:attachment":[{"href":"https:\/\/www.hawaii.edu\/kawaihapai\/wp-json\/wp\/v2\/media?parent=752"}],"curies":[{"name":"wp","href":"https:\/\/api.w.org\/{rel}","templated":true}]}}