  {"id":755,"date":"2023-06-13T12:57:42","date_gmt":"2023-06-13T22:57:42","guid":{"rendered":"https:\/\/www.hawaii.edu\/kawaihapai\/?page_id=755"},"modified":"2024-05-24T13:08:30","modified_gmt":"2024-05-24T23:08:30","slug":"manaiakalani","status":"publish","type":"page","link":"https:\/\/www.hawaii.edu\/kawaihapai\/manaiakalani\/","title":{"rendered":"M\u0101naiakalani"},"content":{"rendered":"\n<p><strong><strong>Inoa | Name(s)<\/strong><\/strong><\/p>\n\n\n\n<p>M\u0101naiakalani<\/p>\n\n\n\n<p><strong>Hi\u02bbona \u02bb\u0101ina | Land characteristic:<\/strong> \u02bbOhana H\u014dk\u016b (H\u014dk\u016b)<\/p>\n\n\n\n<p><strong>Hi\u02bbona \u02bb\u0101ina o loko o k\u0113ia wahi | Feature(s) located within this place:<\/strong> Pimoe; Pira\u02bbetea, Keoe; Humu; Kamakaunuiamaui<\/p>\n\n\n\n<p><strong>Hi\u02bbona \u02bb\u0101ina nona k\u0113ia wahi | Feature(s) that contain this place:<\/strong> H\u014dk\u016bnohoaupuni<\/p>\n\n\n\n<p><strong>H\u014d\u02bbulu\u02bbulu mana\u02bbo<\/strong><\/p>\n\n\n\n<p>\u02bbO ke kolu o n\u0101 \u02bbohana h\u014dk\u016b \u02bbeh\u0101, kapa \u02bbia no ka m\u0101kau ho\u02bbokalakupua \u02bbo M\u0101ui. \u02bbIke \u02bbia k\u0113ia \u02bbohana h\u014dk\u016b ma ke kau wela a me ke kau h\u0101\u02bbulelau. \u02bbO kekahi o n\u0101 h\u014dk\u016b ma k\u0113ia \u02bbohana \u02bbo ia \u02bbo Pimoe, Pira\u02bbetea, Keoe, Humu, a me Kamakaunuiamaui.<\/p>\n\n\n\n<p><strong>Description<\/strong><\/p>\n\n\n\n<p>The summer-fall Star Family is M\u0101naiakalani, the Fishhook of Maui. A triangle of stars in the northeast represents a coil of fishing line that belongs to the demigod, Maui. It extends southward and is tied to the top of a fish hook-shaped constellation. It fishes along the bottom of the sea for a magical Giant Trevally, Pimoe, Sagittarius. The three stars in the northeast form the Summer Triangle: Pira\u02bbetea, Deneb in the constellation Cygnus the Swan; Keoe, Vega in the constellation Lyra the Harp; and Humu, Altair in the constellation Aquilae the Eagle. Join the Summer Triangle in the northeast to Kamakaunuiamaui (Maui\u02bbs Fish Hook), Scorpio, in the southeast. The hook is baited and fishing for the Giant Trevally, Pimoe.<\/p>\n\n\n\n<p><strong><strong>Mo\u02bbok\u016b\u02bbauhau | Genealogy<\/strong><\/strong><\/p>\n\n\n\n<p><em>Akua | Deity:<\/em> M\u0101ui (Akua)<\/p>\n\n\n\n<p><strong>Hana | Practice:<\/strong> Holo wa\u02bba<\/p>\n\n\n\n<p><strong><strong>K\u016bmole | Source(s)<\/strong><\/strong><\/p>\n\n\n\n<p><a href=\"https:\/\/archive.hokulea.com\/ike\/hookele\/hawaiian_star_lines.html\">\u201cHawaiian Star Lines and Names for Stars,\u201d Hawaiian Voyaging Traditions (website).<\/a><\/p>\n\n\n\n<p>Pukui, Mary Kawena, and Samuel H. (Samuel Hoyt) Elbert.&nbsp;<em>Hawaiian Dictionary\u202f: Hawaiian-English, English-Hawaiian<\/em>. Rev. and enl. Ed. Honolulu: ¶«¾«Ó°Òµ Press, 1986.<\/p>\n\n\n\n<p><a href=\"https:\/\/www.hawaii.edu\/kawaihapai\/manaiakalani\/#:~:text=%E2%80%9CThe%20Four%20Star%20Families%2C%E2%80%9D%20%CA%BBImiloa%20Astronomy%20Center%20(website).\">\u201cThe Four Star Families,\u201d \u02bbImiloa Astronomy Center (website).<\/a><\/p>\n\n\n\n<p><strong>Ho\u02bbopili \u02bbia i | Applied to:<\/strong> <a href=\"https:\/\/uhawaii-manoa.primo.exlibrisgroup.com\/permalink\/01UHAWAII_MANOA\/1rbop20\/cdi_jstor_books_j_ctvqc6h0v_11\">No M\u0101naiakalani<\/a>;\u00a0<a href=\"https:\/\/uhawaii-manoa.primo.exlibrisgroup.com\/permalink\/01UHAWAII_MANOA\/11uc19p\/alma9932294054605682\">\u02bbAi\u02bbai<\/a><\/p>\n\n\n\n<p><strong>Mea haku | Created by:<\/strong> Na ka hui \u02bbimi na\u02bbauao o Ka Wai H\u0101pai<\/p>\n\n\n\n<p><\/p>\n","protected":false},"excerpt":{"rendered":"<p>Inoa | Name(s) M\u0101naiakalani Hi\u02bbona \u02bb\u0101ina | Land characteristic: \u02bbOhana H\u014dk\u016b (H\u014dk\u016b) Hi\u02bbona \u02bb\u0101ina o loko o k\u0113ia wahi | Feature(s) located within this place: Pimoe; Pira\u02bbetea, Keoe; Humu; Kamakaunuiamaui Hi\u02bbona \u02bb\u0101ina nona k\u0113ia wahi | Feature(s) that contain this &hellip; <\/p>\n","protected":false},"author":216,"featured_media":0,"parent":0,"menu_order":0,"comment_status":"closed","ping_status":"closed","template":"","meta":{"footnotes":""},"class_list":["post-755","page","type-page","status-publish","hentry"],"_links":{"self":[{"href":"https:\/\/www.hawaii.edu\/kawaihapai\/wp-json\/wp\/v2\/pages\/755","targetHints":{"allow":["GET"]}}],"collection":[{"href":"https:\/\/www.hawaii.edu\/kawaihapai\/wp-json\/wp\/v2\/pages"}],"about":[{"href":"https:\/\/www.hawaii.edu\/kawaihapai\/wp-json\/wp\/v2\/types\/page"}],"author":[{"embeddable":true,"href":"https:\/\/www.hawaii.edu\/kawaihapai\/wp-json\/wp\/v2\/users\/216"}],"replies":[{"embeddable":true,"href":"https:\/\/www.hawaii.edu\/kawaihapai\/wp-json\/wp\/v2\/comments?post=755"}],"version-history":[{"count":18,"href":"https:\/\/www.hawaii.edu\/kawaihapai\/wp-json\/wp\/v2\/pages\/755\/revisions"}],"predecessor-version":[{"id":2718,"href":"https:\/\/www.hawaii.edu\/kawaihapai\/wp-json\/wp\/v2\/pages\/755\/revisions\/2718"}],"wp:attachment":[{"href":"https:\/\/www.hawaii.edu\/kawaihapai\/wp-json\/wp\/v2\/media?parent=755"}],"curies":[{"name":"wp","href":"https:\/\/api.w.org\/{rel}","templated":true}]}}