  {"id":765,"date":"2023-06-13T17:21:51","date_gmt":"2023-06-14T03:21:51","guid":{"rendered":"https:\/\/www.hawaii.edu\/kawaihapai\/?page_id=765"},"modified":"2024-05-24T11:35:06","modified_gmt":"2024-05-24T21:35:06","slug":"mauna-loa","status":"publish","type":"page","link":"https:\/\/www.hawaii.edu\/kawaihapai\/mauna-loa\/","title":{"rendered":"Mauna Loa"},"content":{"rendered":"\n<p><strong><strong>Inoa | Name(s)<\/strong><\/strong><\/p>\n\n\n\n<p>Mauna Loa<\/p>\n\n\n\n<p><strong>Hi\u02bbona \u02bb\u0101ina | Land characteristic:<\/strong> Mauna; Lua Pele<\/p>\n\n\n\n<p><strong>Hi\u02bbona \u02bb\u0101ina o loko o k\u0113ia wahi | Feature(s) located within this place:<\/strong> Moku\u02bb\u0101weoweo; Pu\u02bbu \u02bbEle\u02bbele; P\u014dhaku Hanalei; Ke\u02bb\u0101muku<\/p>\n\n\n\n<p><strong>Hi\u02bbona \u02bb\u0101ina nona k\u0113ia wahi | Feature(s) that contain this place:<\/strong> Ka\u02bbohe Mauka; <a href=\"https:\/\/www.hawaii.edu\/kawaihapai\/ka-pae-\u02bbaina-o-hawai\u02bbi-na-kai-\u02bbewalu\/hawai\u02bbi\/hamakua\/\">H\u0101m\u0101kua<\/a><\/p>\n\n\n\n<p><strong>H\u014d\u02bbulu\u02bbulu mana\u02bbo<\/strong><\/p>\n\n\n\n<p>He kuahiwi k\u0113ia ma ka mokupuni o Hawai\u02bbi. Koe \u02bbo Maunakea, \u02bbO Mauna Loa ke kuahiwi nui ma ka mokupuni o Hawai\u02bbi. Aia ka lua pele \u02bbo Moku\u02bb\u0101weoweo ma Maunaloa, ka home kaulana o ka wahine \u02bbai honua, \u02bbo ia ho\u02bbi o Pelehonuamea.&nbsp;<\/p>\n\n\n\n<p><strong>Description<\/strong><\/p>\n\n\n\n<p>Active volcano, second highest mountain in Hawai\u02bbi, and probably the largest single mountain mass on earth, rising 13,677 feet above sea level and about 29,000 feet above its base on the ocean floor (Macdonald and Abbott 54); also quadrangle and trails, central Hawai\u02bbi. (Place Names of Hawaii)<\/p>\n\n\n\n<p><strong>\u02bb\u014clelo kuhikuhi<\/strong><\/p>\n\n\n\n<p>E koho i\u0101 &#8220;Mauna Loa (Hawai\u02bbi)&#8221; no n\u0101 kumuwaiwai pili i ka mauna ma ka mokupuni o Hawai\u02bbi. No n\u0101 kumuwaiwai pili i ka mauna ma Moloka\u02bbi, e koho i\u0101 &#8220;Maunaloa (Moloka\u02bbi)&#8221;<\/p>\n\n\n\n<p><strong>Instructions<\/strong><\/p>\n\n\n\n<p>Use for the mountain located on Hawai\u02bbi Island. Not to be confused with the mountain located on the island of Moloka\u02bbi.<\/p>\n\n\n\n<p><strong><strong>Mo\u02bbok\u016b\u02bbauhau | Genealogy\u00a0<\/strong><\/strong><\/p>\n\n\n\n<p><em>Akua | Deity:<\/em> <a href=\"https:\/\/www.hawaii.edu\/kawaihapai\/akua\/pelehonuamea\/\">Pele<\/a><\/p>\n\n\n\n<p><strong><strong>K\u016bmole | Source(s)<\/strong><\/strong><\/p>\n\n\n\n<p><a href=\"https:\/\/www.usgs.gov\/volcanoes\/mauna-loa\/science\/geology-and-history-mauna-loa\">&#8220;Geology and History of Mauna Loa&#8221; United States Geological Survey (website).<\/a><\/p>\n\n\n\n<p><a href=\"https:\/\/kipukadatabase.com\/kipuka\/#view6\">&#8220;Mauna Loa,&#8221; K\u012bpuka Database, Office of Hawaiian Affairs.<\/a><\/p>\n\n\n\n<p><a href=\"https:\/\/kipukadatabase.com\/kipuka\/moku.html?ObjectID=3&amp;b=2\">&#8220;Moku of H\u0101m\u0101kua,&#8221; K\u012bpuka Database, Office of Hawaiian Affairs.<\/a><\/p>\n\n\n\n<p>Soehren, Lloyd J. <em>A Catalog of Hawai\u02bbi Place Names\u202f: Compiled from the Records of the Boundary Commission and the Board of Commissioners to Quiet Land Titles of the Kingdom of Hawaii<\/em>. Honokaa, HI: L.J. Soehren, 2006.<\/p>\n\n\n\n<p><strong><strong>Ho\u02bbopili \u02bbia i | Applied to:<\/strong><\/strong> <a href=\"https:\/\/uhawaii-manoa.primo.exlibrisgroup.com\/permalink\/01UHAWAII_MANOA\/11uc19p\/alma995163954605682\">Mountain fog on Mauna Loa, Hawaii,<\/a> <a href=\"https:\/\/uhawaii-manoa.primo.exlibrisgroup.com\/permalink\/01UHAWAII_MANOA\/11uc19p\/alma998299604605682\">Princess Ruth intercedes with Pele and saves the town of Hilo<\/a>, <a href=\"https:\/\/uhawaii-manoa.primo.exlibrisgroup.com\/permalink\/01UHAWAII_MANOA\/11uc19p\/alma995209314605682\">Annotated list of ferns of the Kilauea-Mauna Loa section of Hawaii national park<\/a><\/p>\n\n\n\n<p><strong><strong>Mea haku | Created by:<\/strong> <\/strong>Na ka hui \u02bbimi na\u02bbauao o Ka Wai H\u0101pai<\/p>\n","protected":false},"excerpt":{"rendered":"<p>Inoa | Name(s) Mauna Loa Hi\u02bbona \u02bb\u0101ina | Land characteristic: Mauna; Lua Pele Hi\u02bbona \u02bb\u0101ina o loko o k\u0113ia wahi | Feature(s) located within this place: Moku\u02bb\u0101weoweo; Pu\u02bbu \u02bbEle\u02bbele; P\u014dhaku Hanalei; Ke\u02bb\u0101muku Hi\u02bbona \u02bb\u0101ina nona k\u0113ia wahi | Feature(s) that &hellip; <\/p>\n","protected":false},"author":216,"featured_media":0,"parent":0,"menu_order":0,"comment_status":"closed","ping_status":"closed","template":"","meta":{"footnotes":""},"class_list":["post-765","page","type-page","status-publish","hentry"],"_links":{"self":[{"href":"https:\/\/www.hawaii.edu\/kawaihapai\/wp-json\/wp\/v2\/pages\/765","targetHints":{"allow":["GET"]}}],"collection":[{"href":"https:\/\/www.hawaii.edu\/kawaihapai\/wp-json\/wp\/v2\/pages"}],"about":[{"href":"https:\/\/www.hawaii.edu\/kawaihapai\/wp-json\/wp\/v2\/types\/page"}],"author":[{"embeddable":true,"href":"https:\/\/www.hawaii.edu\/kawaihapai\/wp-json\/wp\/v2\/users\/216"}],"replies":[{"embeddable":true,"href":"https:\/\/www.hawaii.edu\/kawaihapai\/wp-json\/wp\/v2\/comments?post=765"}],"version-history":[{"count":9,"href":"https:\/\/www.hawaii.edu\/kawaihapai\/wp-json\/wp\/v2\/pages\/765\/revisions"}],"predecessor-version":[{"id":2645,"href":"https:\/\/www.hawaii.edu\/kawaihapai\/wp-json\/wp\/v2\/pages\/765\/revisions\/2645"}],"wp:attachment":[{"href":"https:\/\/www.hawaii.edu\/kawaihapai\/wp-json\/wp\/v2\/media?parent=765"}],"curies":[{"name":"wp","href":"https:\/\/api.w.org\/{rel}","templated":true}]}}