  {"id":768,"date":"2023-06-13T17:27:49","date_gmt":"2023-06-14T03:27:49","guid":{"rendered":"https:\/\/www.hawaii.edu\/kawaihapai\/?page_id=768"},"modified":"2024-05-24T11:51:44","modified_gmt":"2024-05-24T21:51:44","slug":"haleakala","status":"publish","type":"page","link":"https:\/\/www.hawaii.edu\/kawaihapai\/ka-pae-%ca%bbaina-o-hawai%ca%bbi-na-kai-%ca%bbewalu\/maui\/kipahulu\/haleakala\/","title":{"rendered":"Haleakal\u0101"},"content":{"rendered":"\n<p><strong><strong>Inoa | Name(s)<\/strong><\/strong><\/p>\n\n\n\n<p>Haleakal\u0101<\/p>\n\n\n\n<p><strong>Hi\u02bbona \u02bb\u0101ina | Land characteristic:<\/strong> Mauna<\/p>\n\n\n\n<p><strong>Hi\u02bbona \u02bb\u0101ina o loko o k\u0113ia wahi | Feature(s) located within this place:<\/strong> P\u014dhaku; P\u0101laha<\/p>\n\n\n\n<p><strong>Hi\u02bbona \u02bb\u0101ina nona k\u0113ia wahi | Feature(s) that contain this place:<\/strong> <a href=\"https:\/\/www.hawaii.edu\/kawaihapai\/ka-pae-\u02bbaina-o-hawai\u02bbi-na-kai-\u02bbewalu\/maui\/\">Maui<\/a>, <a href=\"https:\/\/www.hawaii.edu\/kawaihapai\/ka-pae-\u02bbaina-o-hawai\u02bbi-na-kai-\u02bbewalu\/maui\/kula\/\">Kula<\/a>, <a href=\"https:\/\/www.hawaii.edu\/kawaihapai\/ka-pae-\u02bbaina-o-hawai\u02bbi-na-kai-\u02bbewalu\/maui\/hamakualoa\/\">H\u0101m\u0101kualoa<\/a>, <a href=\"https:\/\/www.hawaii.edu\/kawaihapai\/ko\u02bbolau-maui\/\">Ko\u02bbolau(Maui)<\/a>, <a href=\"https:\/\/www.hawaii.edu\/kawaihapai\/ka-pae-\u02bbaina-o-hawai\u02bbi-na-kai-\u02bbewalu\/maui\/hana\/\">H\u0101na<\/a>, <a href=\"https:\/\/www.hawaii.edu\/kawaihapai\/ka-pae-\u02bbaina-o-hawai\u02bbi-na-kai-\u02bbewalu\/maui\/kipahulu\/\">K\u012bpahulu<\/a>, <a href=\"https:\/\/www.hawaii.edu\/kawaihapai\/ka-pae-\u02bbaina-o-hawai\u02bbi-na-kai-\u02bbewalu\/maui\/kaupo\/\">Kaup\u014d,<\/a> <a href=\"https:\/\/www.hawaii.edu\/kawaihapai\/ka-pae-\u02bbaina-o-hawai\u02bbi-na-kai-\u02bbewalu\/maui\/kahikinui\/\">Kahikinui,<\/a> <a href=\"https:\/\/www.hawaii.edu\/kawaihapai\/ka-pae-\u02bbaina-o-hawai\u02bbi-na-kai-\u02bbewalu\/maui\/honua\u02bbula\/\">Honua\u02bbula<\/a><\/p>\n\n\n\n<p><strong>H\u014d\u02bbulu\u02bbulu mana\u02bbo<\/strong><\/p>\n\n\n\n<p>\u02bbO Haleakal\u0101 ke kuahiwi nui loa o ka mokupuni o Maui. Aia ka luapele ma Haleakal\u0101 ma ke ahupua\u02bba \u02bbo Nu\u02bbu ma ka moku \u02bbo Kaup\u014d. Wahi a ka \u02bb\u014dlelo No\u02bbeau, &#8220;Ak\u0101ka wale o Haleakal\u0101&#8221; no ka \u02bbike koke \u02bbana i ke kuahiwi ma muli o kona nui.<\/p>\n\n\n\n<p><strong>Description<\/strong><\/p>\n\n\n\n<p>National park (established in 1961), volcano, peak, ranch, and visitor center, East Maui; homesteads, Kahului qd., Maui. Lit., house [used] by the sun (the demigod M\u0101ui was believed to have lassoed the sun here in order to lengthen the day, and permit his mother, Hina, to dry her tape). Name of the home of Mr. and Mrs. Charles R. Bishop at the site of the Bishop Trust Building at Bishop and King streets; classroom building (built in 1931) at Ka-mehameha Schools, Honolulu (Place Names of Hawai\u02bbi)<\/p>\n\n\n\n<p><strong>\u02bb\u014clelo kuhikuhi<\/strong><\/p>\n\n\n\n<p>E koho i\u0101 &#8220;Haleakal\u0101&#8221; no ke kuahiwi nui ma Maui. No ka pu\u02bbu ma N\u0101n\u0101kuli, Wai\u02bbanae e koho i\u0101&nbsp;&#8220;Heleakal\u0101&#8221;<\/p>\n\n\n\n<p><strong>Instructions<\/strong><\/p>\n\n\n\n<p>Use for the highest peak on Maui. Not to be confused with the hill called Heleakal\u0101 in N\u0101n\u0101kuli, Wai\u02bbanae.<\/p>\n\n\n\n<p><strong><strong>Mo\u02bbok\u016b\u02bbauhau | Genealogy<\/strong><\/strong><\/p>\n\n\n\n<p><em>Akua | Deity:<\/em> M\u0101ui (Akua); <a href=\"https:\/\/www.hawaii.edu\/kawaihapai\/akua\/pelehonuamea\/\" data-type=\"page\" data-id=\"933\">Pele<\/a>; <a href=\"https:\/\/www.hawaii.edu\/kawaihapai\/akua\/namakaokaha%ca%bbi\/\" data-type=\"page\" data-id=\"1673\">N\u0101makaokaha\u02bbi<\/a><\/p>\n\n\n\n<p><strong>K\u016bmole | Source(s)<\/strong><\/p>\n\n\n\n<p>Pukui, Mary Kawena. <em>\u2019Olelo No\u2019eau\u202f: Hawaiian Proverbs &amp; Poetical Sayings<\/em>. Honolulu, Hawai\u2019i: Bishop Museum Press, 1983.<\/p>\n\n\n\n<p><a href=\"https:\/\/ulukau.org\/ulukau-books\/?a=d&amp;d=EBOOK-PEPN.2.1.1&amp;e=-------haw-20--1--txt-txPT-----------\">Pukui, Mary Kawena, Samuel H. (Samuel Hoyt) Elbert, and Esther T. Mookini. Place Names of Hawaii. Rev. and enl. Ed. Honolulu: University Press of Hawaii, 1976. Ulukau: The Hawaiian Electronic Library.<\/a><\/p>\n\n\n\n<p><strong><strong>Ho\u02bbopili \u02bbia i | Applied to:<\/strong><\/strong><strong> <\/strong><a href=\"https:\/\/uhawaii-manoa.primo.exlibrisgroup.com\/permalink\/01UHAWAII_MANOA\/11uc19p\/alma9932483794605682\">Pohinahina: boy from the sun<\/a>, <a href=\"https:\/\/uhawaii-manoa.primo.exlibrisgroup.com\/permalink\/01UHAWAII_MANOA\/11uc19p\/alma9910328195105681\">The museum forest of south Haleakal\u0101,<\/a> <a href=\"https:\/\/uhawaii-manoa.primo.exlibrisgroup.com\/permalink\/01UHAWAII_MANOA\/11uc19p\/alma9951066439505682\">Wehe aela ka &#8216;\u012aao ma Haleakal\u0101<\/a><\/p>\n\n\n\n<p><strong><strong>Mea haku | Created by:<\/strong><\/strong> Na ka hui \u02bbimi na\u02bbauao o Ka Wai H\u0101pai<\/p>\n","protected":false},"excerpt":{"rendered":"<p>Inoa | Name(s) Haleakal\u0101 Hi\u02bbona \u02bb\u0101ina | Land characteristic: Mauna Hi\u02bbona \u02bb\u0101ina o loko o k\u0113ia wahi | Feature(s) located within this place: P\u014dhaku; P\u0101laha Hi\u02bbona \u02bb\u0101ina nona k\u0113ia wahi | Feature(s) that contain this place: Maui, Kula, H\u0101m\u0101kualoa, Ko\u02bbolau(Maui), &hellip; <\/p>\n","protected":false},"author":216,"featured_media":0,"parent":711,"menu_order":0,"comment_status":"closed","ping_status":"closed","template":"","meta":{"footnotes":""},"class_list":["post-768","page","type-page","status-publish","hentry"],"_links":{"self":[{"href":"https:\/\/www.hawaii.edu\/kawaihapai\/wp-json\/wp\/v2\/pages\/768","targetHints":{"allow":["GET"]}}],"collection":[{"href":"https:\/\/www.hawaii.edu\/kawaihapai\/wp-json\/wp\/v2\/pages"}],"about":[{"href":"https:\/\/www.hawaii.edu\/kawaihapai\/wp-json\/wp\/v2\/types\/page"}],"author":[{"embeddable":true,"href":"https:\/\/www.hawaii.edu\/kawaihapai\/wp-json\/wp\/v2\/users\/216"}],"replies":[{"embeddable":true,"href":"https:\/\/www.hawaii.edu\/kawaihapai\/wp-json\/wp\/v2\/comments?post=768"}],"version-history":[{"count":14,"href":"https:\/\/www.hawaii.edu\/kawaihapai\/wp-json\/wp\/v2\/pages\/768\/revisions"}],"predecessor-version":[{"id":2657,"href":"https:\/\/www.hawaii.edu\/kawaihapai\/wp-json\/wp\/v2\/pages\/768\/revisions\/2657"}],"up":[{"embeddable":true,"href":"https:\/\/www.hawaii.edu\/kawaihapai\/wp-json\/wp\/v2\/pages\/711"}],"wp:attachment":[{"href":"https:\/\/www.hawaii.edu\/kawaihapai\/wp-json\/wp\/v2\/media?parent=768"}],"curies":[{"name":"wp","href":"https:\/\/api.w.org\/{rel}","templated":true}]}}