  {"id":925,"date":"2023-07-21T16:54:15","date_gmt":"2023-07-22T02:54:15","guid":{"rendered":"https:\/\/www.hawaii.edu\/kawaihapai\/?page_id=925"},"modified":"2026-01-28T13:27:24","modified_gmt":"2026-01-28T23:27:24","slug":"akua-list","status":"publish","type":"page","link":"https:\/\/www.hawaii.edu\/kawaihapai\/akua-list\/","title":{"rendered":"Akua vocabulary list"},"content":{"rendered":"\n<p><a href=\"https:\/\/www.hawaii.edu\/kawaihapai\/akua-list\/\u02bbai\u02bbai\/\">\u02bbAi\u02bbai<\/a><\/p>\n\n\n\n<p><a href=\"https:\/\/www.hawaii.edu\/kawaihapai\/akua-list\/haloa\/\">H\u0101loa<\/a><\/p>\n\n\n\n<p><a href=\"https:\/\/www.hawaii.edu\/kawaihapai\/akua-list\/haloanakalaukapalili\/\">H\u0101loanakalaukapalili<\/a><\/p>\n\n\n\n<p><a href=\"https:\/\/www.hawaii.edu\/kawaihapai\/akua-list\/haumea\/\">Haumea<\/a><\/p>\n\n\n\n<p><a href=\"https:\/\/www.hawaii.edu\/kawaihapai\/akua-list\/hi%CA%BBiakaikapoliopele\/\">Hi\u02bbiakaikapoliopele<\/a><\/p>\n\n\n\n<p><a href=\"https:\/\/www.hawaii.edu\/kawaihapai\/akua-list\/hina\/\">Hina<\/a><\/p>\n\n\n\n<p><a href=\"https:\/\/www.hawaii.edu\/kawaihapai\/akua-list\/kamohoali\u02bbi\/\">Kamohoali\u02bbi<\/a><\/p>\n\n\n\n<p><a href=\"https:\/\/www.hawaii.edu\/kawaihapai\/akua-list\/kanaloa\/\">Kanaloa<\/a><\/p>\n\n\n\n<p><a href=\"https:\/\/www.hawaii.edu\/kawaihapai\/akua-list\/kane\/\">K\u0101ne<\/a><\/p>\n\n\n\n<p><a href=\"https:\/\/www.hawaii.edu\/kawaihapai\/akua-list\/kapo%ca%bbulakina%ca%bbu-kapo\/\">Kap\u014d\u02bbulak\u012bna\u02bbu, Kap\u014d<\/a><\/p>\n\n\n\n<p><a href=\"https:\/\/www.hawaii.edu\/kawaihapai\/akua-list\/ku\/\">K\u016b<\/a><\/p>\n\n\n\n<p><a href=\"https:\/\/www.hawaii.edu\/kawaihapai\/akua-list\/laka\/\">Laka <\/a><\/p>\n\n\n\n<p><a href=\"https:\/\/www.hawaii.edu\/kawaihapai\/akua-list\/lilinoe\/\">L\u012bl\u012bnoe<\/a><\/p>\n\n\n\n<p><a href=\"https:\/\/www.hawaii.edu\/kawaihapai\/akua-list\/lono\/\">Lono<\/a><\/p>\n\n\n\n<p><a href=\"https:\/\/www.hawaii.edu\/kawaihapai\/akua-list\/namakaokaha\u02bbi\/\">N\u0101makaokaha\u02bbi<\/a><\/p>\n\n\n\n<p><a href=\"https:\/\/www.hawaii.edu\/kawaihapai\/akua-list\/papa\/\">Papah\u0101naumoku, Papa<\/a><\/p>\n\n\n\n<p><a href=\"https:\/\/www.hawaii.edu\/kawaihapai\/akua-list\/pelehonuamea\/\">Pelehonuamea, Pele<\/a><\/p>\n\n\n\n<p><a href=\"https:\/\/www.hawaii.edu\/kawaihapai\/akua-list\/poli\u02bbahu\/\">Poli\u02bbahu<\/a><\/p>\n\n\n\n<p><a href=\"https:\/\/www.hawaii.edu\/kawaihapai\/akua-list\/wakea\/\">W\u0101kea<\/a><\/p>\n","protected":false},"excerpt":{"rendered":"<p>\u02bbAi\u02bbai H\u0101loa H\u0101loanakalaukapalili Haumea Hi\u02bbiakaikapoliopele Hina Kamohoali\u02bbi Kanaloa K\u0101ne Kap\u014d\u02bbulak\u012bna\u02bbu, Kap\u014d K\u016b Laka L\u012bl\u012bnoe Lono N\u0101makaokaha\u02bbi Papah\u0101naumoku, Papa Pelehonuamea, Pele Poli\u02bbahu W\u0101kea<\/p>\n","protected":false},"author":154,"featured_media":0,"parent":0,"menu_order":0,"comment_status":"closed","ping_status":"closed","template":"","meta":{"footnotes":""},"class_list":["post-925","page","type-page","status-publish","hentry"],"_links":{"self":[{"href":"https:\/\/www.hawaii.edu\/kawaihapai\/wp-json\/wp\/v2\/pages\/925","targetHints":{"allow":["GET"]}}],"collection":[{"href":"https:\/\/www.hawaii.edu\/kawaihapai\/wp-json\/wp\/v2\/pages"}],"about":[{"href":"https:\/\/www.hawaii.edu\/kawaihapai\/wp-json\/wp\/v2\/types\/page"}],"author":[{"embeddable":true,"href":"https:\/\/www.hawaii.edu\/kawaihapai\/wp-json\/wp\/v2\/users\/154"}],"replies":[{"embeddable":true,"href":"https:\/\/www.hawaii.edu\/kawaihapai\/wp-json\/wp\/v2\/comments?post=925"}],"version-history":[{"count":14,"href":"https:\/\/www.hawaii.edu\/kawaihapai\/wp-json\/wp\/v2\/pages\/925\/revisions"}],"predecessor-version":[{"id":2993,"href":"https:\/\/www.hawaii.edu\/kawaihapai\/wp-json\/wp\/v2\/pages\/925\/revisions\/2993"}],"wp:attachment":[{"href":"https:\/\/www.hawaii.edu\/kawaihapai\/wp-json\/wp\/v2\/media?parent=925"}],"curies":[{"name":"wp","href":"https:\/\/api.w.org\/{rel}","templated":true}]}}