  {"id":943,"date":"2023-07-23T18:47:11","date_gmt":"2023-07-24T04:47:11","guid":{"rendered":"https:\/\/www.hawaii.edu\/kawaihapai\/?page_id=943"},"modified":"2024-09-04T09:02:15","modified_gmt":"2024-09-04T19:02:15","slug":"%ca%bbai%ca%bbai","status":"publish","type":"page","link":"https:\/\/www.hawaii.edu\/kawaihapai\/akua-list\/%ca%bbai%ca%bbai\/","title":{"rendered":"\u02bbAi\u02bbai"},"content":{"rendered":"\n<p><strong>Inoa | Name(s)<\/strong><\/p>\n\n\n\n<p>\u02bbAi\u02bbai<\/p>\n\n\n\n<p><strong>H\u014d\u02bbulu\u02bbulu mana\u02bbo<\/strong><\/p>\n\n\n\n<p>He akua k\u0101ne \u02bbo \u02bbAi\u02bbai. He keiki \u02bbo ia na K\u016b\u02bbulakai l\u0101ua \u02bbo Hinapukui\u02bba. Ua noho \u02bbo ia me kona mau m\u0101kua ma \u02bbAleamai ma loko o ka moku o H\u0101na ma Maui mokupuni.&nbsp;He akua \u02bbo \u02bbAi\u02bbai no ka lawai\u02bba \u02bbana. \u02bbO kekahi o k\u0101na mau hana kaulana \u02bbo ia ho\u02bbi ka hana \u02bbupena, a me ke k\u016bkulu \u02bbana i mau ko\u02bba a i mau k\u016b\u02bbula a puni n\u0101 mokupuni o Hawai\u02bbi.&nbsp;<\/p>\n\n\n\n<p><strong>Description<\/strong><\/p>\n\n\n\n<p>\u02bbAi\u02bbai is a deity of Hawai\u02bbi. He is the child of K\u016b\u02bbulakai and Hinapukui\u02bba. He lived with his parents in \u02bbAleamai within the moku of H\u0101na on Maui island. \u02bbAi\u02bbai is a god of fishing. Some of his famous deeds include making nets and building fishing stations and fishing shrines around the islands of Hawai\u02bbi.<\/p>\n\n\n\n<p><strong>\u02bb\u014clelo kuhikuhi<\/strong><\/p>\n\n\n\n<p>E koho i k\u0113ia hua\u02bb\u014dlelo no n\u0101 kumuwaiwai pili i\u0101 \u02bbAi\u02bbai, ke akua pili i n\u0101 loko i\u02bba.<\/p>\n\n\n\n<p><strong>Instructions<\/strong><\/p>\n\n\n\n<p>Use this term for resources related to \u02bbAi\u02bbai the god associated with fishponds.<\/p>\n\n\n\n<p><strong>Mo\u02bbok\u016b\u02bbauhau | Genealogy<\/strong><\/p>\n\n\n\n<p><em>Makua | Parent: <\/em>K\u016b\u02bbulakai<sup>1<\/sup>; Hinapukui\u02bba<\/p>\n\n\n\n<p><strong>\u02bb\u0100ina | Land\/sea: <\/strong>Aleamai<sup>2<\/sup>; <a href=\"https:\/\/www.hawaii.edu\/kawaihapai\/ka-pae-\u02bbaina-o-hawai\u02bbi-na-kai-\u02bbewalu\/maui\/hana\/\">H\u0101na<\/a><\/p>\n\n\n\n<p><strong>Hana | Practice:<\/strong> <a href=\"https:\/\/www.hawaii.edu\/kawaihapai\/hana-list\/lawai%ca%bba\/\" data-type=\"page\" data-id=\"992\">Lawai\u02bba<\/a><sup>2<\/sup>; <a href=\"https:\/\/www.hawaii.edu\/kawaihapai\/hana-list\/hana-%ca%bbupena\/\" data-type=\"page\" data-id=\"1689\">Hana \u02bbupena<\/a>; K\u016bkulu ko\u02bba<\/p>\n\n\n\n<p><strong>K\u016bmole | Source(s)<\/strong><\/p>\n\n\n\n<p>1. Pukui, Mary Kawena, and Samuel H. (Samuel Hoyt) Elbert. <em>Hawaiian Dictionary\u202f: Hawaiian-English, English-Hawaiian<\/em>. Rev. and enl. Ed. Honolulu: ¶«¾«Ó°Òµ Press, 1986.<\/p>\n\n\n\n<p>2. Alameida, Roy, and Betty Dunford. <em>N\u0101 Mo\u02bbolelo Hawai\u02bbi o Ka W\u0101 Kahiko = Stories of Old Hawai\u02bbi<\/em>. Honolulu, Hawai\u02bbi: Bess Press, 1997. pages 45-49.<\/p>\n\n\n\n<p><strong>Ho\u02bbopili \u02bbia i |Applied to: <\/strong><a href=\"https:\/\/uhawaii-manoa.primo.exlibrisgroup.com\/permalink\/01UHAWAII_MANOA\/11uc19p\/alma9918546784605682\">Kuulakai<\/a>, <a href=\"https:\/\/uhawaii-manoa.primo.exlibrisgroup.com\/permalink\/01UHAWAII_MANOA\/11uc19p\/alma9932294054605682\">\u02bbAi\u02bbai<\/a>,<\/p>\n\n\n\n<p><strong>Mea haku | Created by: <\/strong>Puaokamele Dizon<\/p>\n\n\n\n<p><strong>Mea loiloi | Edited by: <\/strong>Annemarie Paikai<\/p>\n","protected":false},"excerpt":{"rendered":"<p>Inoa | Name(s) \u02bbAi\u02bbai H\u014d\u02bbulu\u02bbulu mana\u02bbo He akua k\u0101ne \u02bbo \u02bbAi\u02bbai. He keiki \u02bbo ia na K\u016b\u02bbulakai l\u0101ua \u02bbo Hinapukui\u02bba. Ua noho \u02bbo ia me kona mau m\u0101kua ma \u02bbAleamai ma loko o ka moku o H\u0101na ma Maui mokupuni.&nbsp;He &hellip; <\/p>\n","protected":false},"author":154,"featured_media":0,"parent":925,"menu_order":1,"comment_status":"closed","ping_status":"closed","template":"","meta":{"footnotes":""},"class_list":["post-943","page","type-page","status-publish","hentry"],"_links":{"self":[{"href":"https:\/\/www.hawaii.edu\/kawaihapai\/wp-json\/wp\/v2\/pages\/943","targetHints":{"allow":["GET"]}}],"collection":[{"href":"https:\/\/www.hawaii.edu\/kawaihapai\/wp-json\/wp\/v2\/pages"}],"about":[{"href":"https:\/\/www.hawaii.edu\/kawaihapai\/wp-json\/wp\/v2\/types\/page"}],"author":[{"embeddable":true,"href":"https:\/\/www.hawaii.edu\/kawaihapai\/wp-json\/wp\/v2\/users\/154"}],"replies":[{"embeddable":true,"href":"https:\/\/www.hawaii.edu\/kawaihapai\/wp-json\/wp\/v2\/comments?post=943"}],"version-history":[{"count":24,"href":"https:\/\/www.hawaii.edu\/kawaihapai\/wp-json\/wp\/v2\/pages\/943\/revisions"}],"predecessor-version":[{"id":3060,"href":"https:\/\/www.hawaii.edu\/kawaihapai\/wp-json\/wp\/v2\/pages\/943\/revisions\/3060"}],"up":[{"embeddable":true,"href":"https:\/\/www.hawaii.edu\/kawaihapai\/wp-json\/wp\/v2\/pages\/925"}],"wp:attachment":[{"href":"https:\/\/www.hawaii.edu\/kawaihapai\/wp-json\/wp\/v2\/media?parent=943"}],"curies":[{"name":"wp","href":"https:\/\/api.w.org\/{rel}","templated":true}]}}